{"id":4,"date":"2016-11-02T17:37:52","date_gmt":"2016-11-02T16:37:52","guid":{"rendered":"https:\/\/icar.cnrs.fr\/membre\/sdufour\/?page_id=4"},"modified":"2019-09-23T15:38:01","modified_gmt":"2019-09-23T13:38:01","slug":"accueil","status":"publish","type":"page","link":"https:\/\/icar.cnrs.fr\/membre\/sdufour\/","title":{"rendered":"Accueil"},"content":{"rendered":"<div class=\"cadregris\">\n<h2><strong>Sophie DUFOUR<\/strong><\/h2>\n<h2><img loading=\"lazy\" decoding=\"async\" class=\"alignright wp-image-160 size-full\" src=\"https:\/\/icar.cnrs.fr\/membre\/sdufour\/wp-content\/uploads\/sites\/137\/2019\/09\/sdufour.jpeg\" alt=\"\" width=\"85\" height=\"96\" \/><\/h2>\n<p>Maitre de conf\u00e9rence en sciences du langage<br \/>\nUniversit\u00e9 Lumi\u00e8re Lyon 2<\/p>\n<p>Email\u00a0: <a href=\"mailto:sophie.dufour@univ-lyon2.fr\">sophie.dufour@univ-lyon2.fr<\/a><\/p>\n<p>Membre du\u00a0Laboratoire\u00a0<a href=\"http:\/\/icar.univ-lyon2.fr\/\">ICAR<\/a>\u00a0<a href=\"http:\/\/icar.univ-lyon2.fr\/\">UMR 5191<\/a>\u00a0(Interactions, Corpus, Apprentissage, Repr\u00e9sentations)<br \/>\n<em>Equipe<\/em>\u00a0:\u00a0Apprentissages, discours, interactions, savoirs (ADIS)<\/p>\n<p style=\"text-align: left;\"><strong>Adresse<br \/>\n<\/strong>Laboratoire ICAR<br \/>\nEcole Normale Sup\u00e9rieure de Lyon<br \/>\n15 parvis Ren\u00e9 Descartes &#8211; BP 7000<br \/>\n69342 LYON Cedex 07<br \/>\nFrance<\/p>\n<\/div>\n","protected":false},"excerpt":{"rendered":"<p>Sophie DUFOUR Maitre de conf\u00e9rence en sciences du langage Universit\u00e9 Lumi\u00e8re Lyon 2 Email\u00a0: sophie.dufour@univ-lyon2.fr Membre du\u00a0Laboratoire\u00a0ICAR\u00a0UMR 5191\u00a0(Interactions, Corpus, Apprentissage, Repr\u00e9sentations) Equipe\u00a0:\u00a0Apprentissages, discours, interactions, savoirs (ADIS) Adresse Laboratoire ICAR Ecole Normale Sup\u00e9rieure de Lyon 15 parvis Ren\u00e9 Descartes &#8211; BP &hellip; <a href=\"https:\/\/icar.cnrs.fr\/membre\/sdufour\/\">Continuer la lecture <span class=\"meta-nav\">&rarr;<\/span><\/a><\/p>\n","protected":false},"author":1,"featured_media":0,"parent":0,"menu_order":0,"comment_status":"closed","ping_status":"closed","template":"","meta":{"footnotes":""},"class_list":["post-4","page","type-page","status-publish","hentry"],"_links":{"self":[{"href":"https:\/\/icar.cnrs.fr\/membre\/sdufour\/wp-json\/wp\/v2\/pages\/4","targetHints":{"allow":["GET"]}}],"collection":[{"href":"https:\/\/icar.cnrs.fr\/membre\/sdufour\/wp-json\/wp\/v2\/pages"}],"about":[{"href":"https:\/\/icar.cnrs.fr\/membre\/sdufour\/wp-json\/wp\/v2\/types\/page"}],"author":[{"embeddable":true,"href":"https:\/\/icar.cnrs.fr\/membre\/sdufour\/wp-json\/wp\/v2\/users\/1"}],"replies":[{"embeddable":true,"href":"https:\/\/icar.cnrs.fr\/membre\/sdufour\/wp-json\/wp\/v2\/comments?post=4"}],"version-history":[{"count":47,"href":"https:\/\/icar.cnrs.fr\/membre\/sdufour\/wp-json\/wp\/v2\/pages\/4\/revisions"}],"predecessor-version":[{"id":176,"href":"https:\/\/icar.cnrs.fr\/membre\/sdufour\/wp-json\/wp\/v2\/pages\/4\/revisions\/176"}],"wp:attachment":[{"href":"https:\/\/icar.cnrs.fr\/membre\/sdufour\/wp-json\/wp\/v2\/media?parent=4"}],"curies":[{"name":"wp","href":"https:\/\/api.w.org\/{rel}","templated":true}]}}