{"id":113,"date":"2017-02-15T13:27:08","date_gmt":"2017-02-15T12:27:08","guid":{"rendered":"https:\/\/icar.cnrs.fr\/membre\/sguillen\/?page_id=113"},"modified":"2025-12-05T15:15:30","modified_gmt":"2025-12-05T14:15:30","slug":"enseignement","status":"publish","type":"page","link":"https:\/\/icar.cnrs.fr\/membre\/sguillen\/enseignement\/","title":{"rendered":"Enseignement"},"content":{"rendered":"<p><img loading=\"lazy\" decoding=\"async\" class=\"size-medium wp-image-192 aligncenter\" src=\"https:\/\/icar.cnrs.fr\/membre\/sguillen\/wp-content\/uploads\/sites\/27\/2018\/12\/P1020769-300x225.jpg\" alt=\"\" width=\"300\" height=\"225\" srcset=\"https:\/\/icar.cnrs.fr\/membre\/sguillen\/wp-content\/uploads\/sites\/27\/2018\/12\/P1020769-300x225.jpg 300w, https:\/\/icar.cnrs.fr\/membre\/sguillen\/wp-content\/uploads\/sites\/27\/2018\/12\/P1020769-768x576.jpg 768w, https:\/\/icar.cnrs.fr\/membre\/sguillen\/wp-content\/uploads\/sites\/27\/2018\/12\/P1020769-1024x768.jpg 1024w, https:\/\/icar.cnrs.fr\/membre\/sguillen\/wp-content\/uploads\/sites\/27\/2018\/12\/P1020769-400x300.jpg 400w\" sizes=\"auto, (max-width: 300px) 100vw, 300px\" \/><\/p>\n<h4>Cours dispens\u00e9s\u00a0 \u00e0 l&rsquo;Universit\u00e9 Lumi\u00e8re Lyon 2 &#8211; facult\u00e9 LESLA (Lettres, Langues, Linguistique et Arts)<\/h4>\n<p><img loading=\"lazy\" decoding=\"async\" class=\"wp-image-268 aligncenter\" src=\"https:\/\/icar.cnrs.fr\/membre\/sguillen\/wp-content\/uploads\/sites\/27\/2018\/12\/univlyon2_logo201806-standard-300x169.png\" alt=\"\" width=\"236\" height=\"137\" \/><\/p>\n<h2>Ann\u00e9e universitaire 2025-2026 (Enseignant contractuel)<\/h2>\n<p>CM : \u00ab S\u00e9miotique 2 \u00bb deuxi\u00e8me ann\u00e9e de Master, Sciences du Langage, (10 s\u00e9ances de 2h)<\/p>\n<p>CM : \u00ab S\u00e9miotique \u00bb premi\u00e8re ann\u00e9e de Master, Sciences du Langage, (9 s\u00e9ances de 2h)<\/p>\n<p>CM : \u00ab Pragmatique \u00bb deuxi\u00e8me ann\u00e9e de Licence, Sciences du Langage, (10 s\u00e9ances de 2h)<\/p>\n<p>CM : \u00ab Sens et langage \u00bb premi\u00e8re ann\u00e9e de Licence, Sciences du Langage, (10 s\u00e9ances de 2h)<\/p>\n<p>TD : \u00ab Approches en SDL : S\u00e9mitoique \u00bb deuxi\u00e8me ann\u00e9e de Master, Sciences du Langage, (10 s\u00e9ances de 2h)<\/p>\n<p>TD : \u00ab Sens et langage \u00bb premi\u00e8re ann\u00e9e de Licence, Sciences du Langage, (3 groupes, 10 s\u00e9ances de 2h)<\/p>\n<p>TD : \u00ab S\u00e9miotique \u00bb premi\u00e8re ann\u00e9e de Licence, Sciences du Langage, (6 groupes, 5 s\u00e9ances de 2h)<\/p>\n<h2>Ann\u00e9e universitaire 2024-2025 (Enseignant contractuel)<\/h2>\n<p>CM : \u00ab Pragmatique \u00bb troisi\u00e8me ann\u00e9e de Licence, Sciences du Langage, (10 s\u00e9ances de 2h)<\/p>\n<p>CM : \u00ab Sens et langage \u00bb premi\u00e8re ann\u00e9e de Licence, Sciences du Langage, (10 s\u00e9ances de 2h)<\/p>\n<p>TD : \u00ab Linguistique Fran\u00e7aise \u00bb premi\u00e8re ann\u00e9e de Licence, Sciences du Langage, (1 s\u00e9ance de 2h)<\/p>\n<p>TD : \u00ab Sens et langage \u00bb premi\u00e8re ann\u00e9e de Licence, Sciences du Langage, (3 groupes, 10 s\u00e9ances de 2h)<\/p>\n<p>TD : \u00ab S\u00e9miotique \u00bb premi\u00e8re ann\u00e9e de Licence, Sciences du Langage, (6 groupes, 5 s\u00e9ances de 2h)<\/p>\n<h2>\u00a0Ann\u00e9e universitaire 2023-2024 (A.T.E.R. \u00e0 temps plein)<\/h2>\n<p>CM : \u00ab Pragmatique \u00bb troisi\u00e8me ann\u00e9e de Licence, Sciences du Langage, (10 s\u00e9ances de 2h)<\/p>\n<p>CM : \u00ab Sens et langage \u00bb premi\u00e8re ann\u00e9e de Licence, Sciences du Langage, (10 s\u00e9ances de 2h)<\/p>\n<p>TD : \u00ab <em>Linguistic Sciences in English<\/em>\u00bb deuxi\u00e8me ann\u00e9e de Licence, Sciences du Langage, (2 groupes, 3 s\u00e9ance de 2h)<\/p>\n<p>TD : \u00ab Sens et langage \u00bb premi\u00e8re ann\u00e9e de Licence, Sciences du Langage, (3 groupes, 10 s\u00e9ances de 2h)<\/p>\n<p>TD : \u00ab S\u00e9miotique \u00bb premi\u00e8re ann\u00e9e de Licence, Sciences du Langage, (6 groupes, 5 s\u00e9ances de 2h)<\/p>\n<h2>\u00a0Ann\u00e9e universitaire 2022-2023 (A.T.E.R. \u00e0 temps plein)<\/h2>\n<p>CM : \u00ab Linguistique Fran\u00e7aise \u00bb premi\u00e8re ann\u00e9e de Licence, Sciences du Langage, (10 s\u00e9ances de 2h)<\/p>\n<p>TD : \u00ab <em>Linguistic Sciences in English<\/em>\u00bb Master 1, Sciences du Langage, (1 s\u00e9ance de 2h)<\/p>\n<p>TD : \u00ab S\u00e9miotique \u00bb deuxi\u00e8me ann\u00e9e de Licence, Sciences du Langage, (2 groupes)<\/p>\n<p>TD : \u00ab S\u00e9miotique \u00bb, premi\u00e8re ann\u00e9e de Licence, Sciences du Langage (7 groupes)<\/p>\n<p>TD : \u00ab Accompagnement m\u00e9thodologique et disciplinaire\u00bb, Premi\u00e8re ann\u00e9e de Licence, (2 groupes)<\/p>\n<p>TD : \u00ab Linguistique Fran\u00e7aise \u00bb premi\u00e8re ann\u00e9e de Licence, Sciences du Langage, (6 s\u00e9ances de 2h)<\/p>\n<h2><strong>Ann\u00e9e universitaire 2021-2022 (ATER \u00e0 temps plein)<\/strong><\/h2>\n<p><em>CM: \u00ab\u00a0Grammaire fran\u00e7aise : normes et usages\u00a0\u00bb Licence 1, Portail 2 \u00c9ducation, Socialisation et Langage,\u00a0\u00e0 l\u2019Universit\u00e9 Lumi\u00e8re Lyon 2\u00a0<\/em><\/p>\n<p><em>TD : \u00ab\u00a0S\u00e9miotique\u00a0\u00bb Licence 2, Sciences du Langage, <\/em><em>\u00e0 l\u2019Universit\u00e9 Lumi\u00e8re Lyon 2 (2 groupes)<\/em><\/p>\n<p><em>TD : \u00ab\u00a0Linguistique et S\u00e9miotique de corpus\u00bb Licence 1, Portail 5 Langages et Communication, <\/em><em>\u00e0 l\u2019Universit\u00e9 Lumi\u00e8re Lyon 2\u00a0(2 groupes)<\/em><\/p>\n<p><em>TD : \u00ab\u00a0Linguistique et S\u00e9miotique g\u00e9n\u00e9rales\u00bb Licence 1, Portail 11 Lettres et Langues, <\/em><em>\u00e0 l\u2019Universit\u00e9 Lumi\u00e8re Lyon 2 (2 groupes)<\/em><\/p>\n<p><em>TD\u00a0: \u00ab\u00a0M\u00e9thodologie disciplinaire en Sciences du Langage\u00bb Licence 1, Portail 5 Langages et Communication, <\/em><em>\u00e0 l\u2019Universit\u00e9 Lumi\u00e8re Lyon 2\u00a0(2 groupes)<\/em><\/p>\n<h2><strong>Ann\u00e9e universitaire 2020-2021 (Charg\u00e9 de cours)<\/strong><\/h2>\n<p><em>TD : \u00ab\u00a0Linguistique et S\u00e9miotique de corpus\u00bb Licence 1, Portail 5 Langages et Communication, <\/em><em>\u00e0 l\u2019Universit\u00e9 Lumi\u00e8re Lyon 2\u00a0<\/em><\/p>\n<p><em>TD : \u00ab\u00a0Linguistique et S\u00e9miotique g\u00e9n\u00e9rales\u00bb Licence 1, Portail 11 Lettres et Langues, <\/em><em>\u00e0 l\u2019Universit\u00e9 Lumi\u00e8re Lyon 2 (2 groupes)<\/em><\/p>\n<p><em>TD\u00a0: \u00ab\u00a0M\u00e9thodologie disciplinaire en Sciences du Langage\u00bb Licence 1, Portail 5 Langages et Communication, <\/em><em>\u00e0 l\u2019Universit\u00e9 Lumi\u00e8re Lyon 2\u00a0<\/em><\/p>\n<h2><strong>Ann\u00e9e universitaire 2019-2020 <em>(<\/em><\/strong><strong>Charg\u00e9 de cours<\/strong><strong><em>)<\/em><\/strong><\/h2>\n<p><em>TD : \u00ab\u00a0Linguistique et S\u00e9miotique de corpus\u00bb Licence 1, Portail 5 Langages et Communication, <\/em><em>\u00e0 l\u2019Universit\u00e9 Lumi\u00e8re Lyon 2\u00a0<\/em><\/p>\n<p><em>TD : \u00ab\u00a0Linguistique et S\u00e9miotique g\u00e9n\u00e9rales\u00bb Licence 1, Portail 11 Lettres et Langues, <\/em><em>\u00e0 l\u2019Universit\u00e9 Lumi\u00e8re Lyon 2\u00a0(2 groupes)<\/em><\/p>\n<p><em>TD\u00a0: \u00ab\u00a0M\u00e9thodologie disciplinaire en Sciences du Langage\u00bb Licence 1, Portail 5 Langages et Communication, <\/em><em>\u00e0 l\u2019Universit\u00e9 Lumi\u00e8re Lyon 2<\/em><\/p>\n<h2><strong>Ann\u00e9e universitaire 2018-2019 <\/strong><strong><em>(<\/em><\/strong><strong>Charg\u00e9 de cours<\/strong><strong><em>)<\/em><\/strong><\/h2>\n<p><em>TD : \u00ab\u00a0Linguistique et S\u00e9miotique de corpus\u00bb Licence 1, Portail 5 Langages et Communication, <\/em><em>\u00e0 l\u2019Universit\u00e9 Lumi\u00e8re Lyon 2 (1 groupe)<\/em><\/p>\n<p><em>TD : \u00ab\u00a0Linguistique et S\u00e9miotique g\u00e9n\u00e9rales\u00bb Licence 1, Portail 11 Lettres et Langues, <\/em><em>\u00e0 l\u2019Universit\u00e9 Lumi\u00e8re Lyon 2\u00a0(2 groupes)<\/em><\/p>\n<p><em>TD\u00a0: \u00ab\u00a0M\u00e9thodologie disciplinaire en Sciences du Langage\u00bb Licence 1, Portail 5 Langages et Communication, <\/em><em>\u00e0 l\u2019Universit\u00e9 Lumi\u00e8re Lyon 2 (1 groupe)<\/em><\/p>\n<h2><strong>Ann\u00e9e universitaire 2017-2018\u00a0<\/strong><strong><em>(<\/em><\/strong><strong>Charg\u00e9 de cours<\/strong><strong><em>)<\/em><\/strong><\/h2>\n<p><em>TD\u00a0: \u00ab\u00a0M\u00e9thodologie disciplinaire en Sciences du Langage\u00bb Licence 1, Portail 5 Langages et Communication, <\/em><em>\u00e0 l\u2019Universit\u00e9 Lumi\u00e8re Lyon 2\u00a0(4 groupes)<\/em><\/p>\n<h2><strong>Ann\u00e9e universitaire 2016-2017\u00a0<\/strong><strong><em>(<\/em><\/strong><strong>Charg\u00e9 de cours<\/strong><strong><em>)<\/em><\/strong><\/h2>\n<p><em>TD\u00a0: \u00ab\u00a0M\u00e9thodologie disciplinaire en Sciences du Langage\u00bb Licence 1, Portail 5 Langages et Communication, <\/em><em>\u00e0 l\u2019Universit\u00e9 Lumi\u00e8re Lyon 2\u00a0(4 groupes)<\/em><\/p>\n<h2><strong>Ann\u00e9e universitaire 2015-2016\u00a0<\/strong><strong><em>(<\/em><\/strong><strong>Charg\u00e9 de cours<\/strong><strong><em>)<\/em><\/strong><\/h2>\n<p><em>TD\u00a0: \u00ab\u00a0M\u00e9thodologie disciplinaire en Sciences du Langage\u00bb Licence 1, Sciences du Langage, <\/em><em>\u00e0 l\u2019Universit\u00e9 Lumi\u00e8re Lyon 2 (TD de 96h, 2 groupes de 40 \u00e9tudiants chacun)<\/em><\/p>\n<p>&nbsp;<\/p>\n","protected":false},"excerpt":{"rendered":"<p>Cours dispens\u00e9s\u00a0 \u00e0 l&rsquo;Universit\u00e9 Lumi\u00e8re Lyon 2 &#8211; facult\u00e9 LESLA (Lettres, Langues, Linguistique et Arts) Ann\u00e9e universitaire 2025-2026 (Enseignant contractuel) CM : \u00ab S\u00e9miotique 2 \u00bb deuxi\u00e8me ann\u00e9e de Master, Sciences du Langage, (10 s\u00e9ances de 2h) CM : \u00ab &hellip; <a href=\"https:\/\/icar.cnrs.fr\/membre\/sguillen\/enseignement\/\">Continuer la lecture <span class=\"meta-nav\">&rarr;<\/span><\/a><\/p>\n","protected":false},"author":25,"featured_media":0,"parent":0,"menu_order":2,"comment_status":"closed","ping_status":"closed","template":"","meta":{"footnotes":""},"class_list":["post-113","page","type-page","status-publish","hentry"],"_links":{"self":[{"href":"https:\/\/icar.cnrs.fr\/membre\/sguillen\/wp-json\/wp\/v2\/pages\/113","targetHints":{"allow":["GET"]}}],"collection":[{"href":"https:\/\/icar.cnrs.fr\/membre\/sguillen\/wp-json\/wp\/v2\/pages"}],"about":[{"href":"https:\/\/icar.cnrs.fr\/membre\/sguillen\/wp-json\/wp\/v2\/types\/page"}],"author":[{"embeddable":true,"href":"https:\/\/icar.cnrs.fr\/membre\/sguillen\/wp-json\/wp\/v2\/users\/25"}],"replies":[{"embeddable":true,"href":"https:\/\/icar.cnrs.fr\/membre\/sguillen\/wp-json\/wp\/v2\/comments?post=113"}],"version-history":[{"count":28,"href":"https:\/\/icar.cnrs.fr\/membre\/sguillen\/wp-json\/wp\/v2\/pages\/113\/revisions"}],"predecessor-version":[{"id":395,"href":"https:\/\/icar.cnrs.fr\/membre\/sguillen\/wp-json\/wp\/v2\/pages\/113\/revisions\/395"}],"wp:attachment":[{"href":"https:\/\/icar.cnrs.fr\/membre\/sguillen\/wp-json\/wp\/v2\/media?parent=113"}],"curies":[{"name":"wp","href":"https:\/\/api.w.org\/{rel}","templated":true}]}}