{"id":138,"date":"2017-01-20T17:08:05","date_gmt":"2017-01-20T16:08:05","guid":{"rendered":"https:\/\/icar.cnrs.fr\/membre\/sibnelkaid\/?page_id=138"},"modified":"2019-10-11T15:37:47","modified_gmt":"2019-10-11T13:37:47","slug":"recherche","status":"publish","type":"page","link":"https:\/\/icar.cnrs.fr\/membre\/sibnelkaid\/recherche\/","title":{"rendered":"Recherche"},"content":{"rendered":"<h1 style=\"text-align: justify\"><strong>DOMAINES DE RECHERCHE :<\/strong><\/h1>\n<p>&nbsp;<\/p>\n<div class=\"page\" title=\"Page 7\">\n<div class=\"layoutArea\">\n<div class=\"column\">\n<h3 style=\"text-align: center\"><span style=\"color: #333399\"><strong>\u00ab\u00a0Interactions et corps instrument(\u00e9)s\u00a0:<br \/>\nm\u00e9tamorphoses des exp\u00e9riences sensibles \u00e0 l\u2019\u00e8re (post-)digitale\u00a0\u00bb<\/strong><\/span><\/h3>\n<p>&nbsp;<\/p>\n<p style=\"text-align: center\"><span style=\"color: #333333\"><em>Ma recherche s&rsquo;inscrit dans une d\u00e9marche interdisciplinaire entre Sciences du Langage, Sciences de l&rsquo;Information et de la Communication, Ph\u00e9nom\u00e9nologie, Ethnographie visuelle et \u00c9pist\u00e9mologie. Elle porte plus spe\u0301cifiquement sur les modalite\u0301s technico-corporelles d\u2019e\u0301naction de l\u2019intersubjectivite\u0301 au cours de la co-exp\u00e9rience esth\u00e9siologique qu&rsquo;est l&rsquo;interaction.<\/em><\/span><\/p>\n<p>&nbsp;<\/p>\n<div class=\"page\" title=\"Page 7\">\n<div class=\"layoutArea\">\n<div class=\"column\">\n<p style=\"text-align: justify\">Cette recherche implique un regard e\u0301piste\u0301mologique critique et me\u0301thodologique re\u0301flexif sur les interactions interindividuelles (scientifiques, p\u00e9dagogiques et artistiques) hors et par \u00e9crans fixes et mobiles. Mon parcours d\u2019enseignement-recherche a vocation \u00e0 reconceptualiser les fondements de la d\u00e9finition goffmanienne de l\u2019interaction comme \u00ab\u00a0l\u2019influence r\u00e9ciproque que les partenaires exercent sur leurs actions respectives lorsqu\u2019ils sont en pr\u00e9sence physique imm\u00e9diate les uns des autres\u00a0\u00bb (Goffman, 1973). Il s\u2019agit de revisiter cette d\u00e9finition \u00e0 l\u2019aune des nouvelles pratiques sociotechniques de l\u2019\u00e8re (post-)digitale et penser l\u2019interaction d\u2019avantage comme une exp\u00e9rience sensible \u00e9tant \u00ab\u00a0par nature une interaction de corps \u00e0 corps\u00a0\u00bb (Cosnier, 2004).<\/p>\n<p>&nbsp;<\/p>\n<p style=\"text-align: justify\">Mes recherches r\u00e9v\u00e8lent qu\u2019il est possible de distinguer trois dimensions principales de ce que je nomme une \u00ab\u00a0<em><strong>co-exp\u00e9rience esth\u00e9siologique<\/strong><\/em>\u00a0\u00bb :<\/p>\n<ul>\n<li style=\"text-align: justify\"><strong><em>mat\u00e9rielle<\/em><\/strong> (ontophanie technico-corporelle, exosomatisation, rencontre corps-mati\u00e8re, agentivit\u00e9 distribu\u00e9e),<\/li>\n<li style=\"text-align: justify\"><strong><em>affective<\/em><\/strong> (intersubjectivit\u00e9, empathie, \u00e9motions, f\u00e9licit\u00e9 interactionnelle)<\/li>\n<li style=\"text-align: justify\"><strong><em>esth\u00e9tique<\/em><\/strong> (sc\u00e9nographie de la pr\u00e9sence, attention, h\u00e9donisme, \u00e9thique).<\/li>\n<\/ul>\n<p style=\"text-align: justify\">Les exp\u00e9riences sensibles v\u00e9cues par les sujets \u00e0 l\u2019\u00e8re (post-)digitale impliquent en effet\u00a0<strong><em>un lien in\u00e9dit \u00e0 la mati\u00e8re, une appr\u00e9hension complexifi\u00e9e des affects, et un rapport accru \u00e0 l\u2019esth\u00e9tique<\/em><\/strong>. Ce sont ces modalit\u00e9s exp\u00e9rientielles qui sont au c\u0153ur de mon dispositif analytique th\u00e9orique et m\u00e9thodologique.<\/p>\n<p>&nbsp;<\/p>\n<p style=\"text-align: justify\">Je cherche \u00e0 proposer le renouvellement des notions impliqu\u00e9es dans cette approche \u00e0 partir de r\u00e9flexions th\u00e9oriques interdisciplinaires issues des travaux fondateurs de la linguistique interactionnelle, des sciences de l\u2019information et de la communication, de la ph\u00e9nom\u00e9nologie, de l\u2019ethnographie visuelle et par des observations empiriques dans une d\u00e9marche m\u00e9thodologique r\u00e9flexive de recueil, exploitation, analyse et diffusion de donn\u00e9es interactionnelles (hors et par \u00e9crans fixes et mobiles) multimodales et pluris\u00e9miotiques. Il s\u2019agit de formaliser des mod\u00e8les th\u00e9oriques et m\u00e9thodologiques participant des Humanit\u00e9s Num\u00e9riques.<\/p>\n<\/div>\n<\/div>\n<\/div>\n<\/div>\n<\/div>\n<\/div>\n<p style=\"text-align: justify\"><span style=\"color: #ffffff\">.<\/span><\/p>\n<p style=\"text-align: justify\"><strong style=\"color: #114b5a\">MOTS-CL\u00c9S :<\/strong><\/p>\n<div class=\"page\" title=\"Page 7\">\n<div class=\"layoutArea\">\n<div class=\"column\">\n<ul>\n<li>interaction ;<\/li>\n<li>nume\u0301rique ;<\/li>\n<li>discours ;<\/li>\n<li>multimodalit\u00e9 ;<\/li>\n<li>pluris\u00e9mioticit\u00e9 ;<\/li>\n<li>intersubjectivit\u00e9 ;<\/li>\n<li>pr\u00e9sence transm\u00e9diatique ;<\/li>\n<li>co-exp\u00e9rience esth\u00e9siologique ;<\/li>\n<li>corpor\u00e9it\u00e9 ;<\/li>\n<li>agentivit\u00e9 ;<\/li>\n<li>\u00e9motion ;<\/li>\n<li>esth\u00e9tique ;<\/li>\n<li>\u00e9thique ;<\/li>\n<li>linguistique interactionnelle ;<\/li>\n<li>Information &#8211; communication ;<\/li>\n<li>phe\u0301nome\u0301nologie ;<\/li>\n<li>e\u0301piste\u0301mologie ;<\/li>\n<li>ethnographie visuelle<\/li>\n<\/ul>\n<\/div>\n<\/div>\n<\/div>\n<p>&nbsp;<\/p>\n","protected":false},"excerpt":{"rendered":"<p>DOMAINES DE RECHERCHE : &nbsp; \u00ab\u00a0Interactions et corps instrument(\u00e9)s\u00a0: m\u00e9tamorphoses des exp\u00e9riences sensibles \u00e0 l\u2019\u00e8re (post-)digitale\u00a0\u00bb &nbsp; Ma recherche s&rsquo;inscrit dans une d\u00e9marche interdisciplinaire entre Sciences du Langage, Sciences de l&rsquo;Information et de la Communication, Ph\u00e9nom\u00e9nologie, Ethnographie visuelle et \u00c9pist\u00e9mologie. &hellip; <a href=\"https:\/\/icar.cnrs.fr\/membre\/sibnelkaid\/recherche\/\">Continuer la lecture <span class=\"meta-nav\">&rarr;<\/span><\/a><\/p>\n","protected":false},"author":87,"featured_media":0,"parent":0,"menu_order":0,"comment_status":"closed","ping_status":"closed","template":"","meta":{"footnotes":""},"class_list":["post-138","page","type-page","status-publish","hentry"],"_links":{"self":[{"href":"https:\/\/icar.cnrs.fr\/membre\/sibnelkaid\/wp-json\/wp\/v2\/pages\/138","targetHints":{"allow":["GET"]}}],"collection":[{"href":"https:\/\/icar.cnrs.fr\/membre\/sibnelkaid\/wp-json\/wp\/v2\/pages"}],"about":[{"href":"https:\/\/icar.cnrs.fr\/membre\/sibnelkaid\/wp-json\/wp\/v2\/types\/page"}],"author":[{"embeddable":true,"href":"https:\/\/icar.cnrs.fr\/membre\/sibnelkaid\/wp-json\/wp\/v2\/users\/87"}],"replies":[{"embeddable":true,"href":"https:\/\/icar.cnrs.fr\/membre\/sibnelkaid\/wp-json\/wp\/v2\/comments?post=138"}],"version-history":[{"count":36,"href":"https:\/\/icar.cnrs.fr\/membre\/sibnelkaid\/wp-json\/wp\/v2\/pages\/138\/revisions"}],"predecessor-version":[{"id":276,"href":"https:\/\/icar.cnrs.fr\/membre\/sibnelkaid\/wp-json\/wp\/v2\/pages\/138\/revisions\/276"}],"wp:attachment":[{"href":"https:\/\/icar.cnrs.fr\/membre\/sibnelkaid\/wp-json\/wp\/v2\/media?parent=138"}],"curies":[{"name":"wp","href":"https:\/\/api.w.org\/{rel}","templated":true}]}}