{"id":140,"date":"2017-01-20T17:10:12","date_gmt":"2017-01-20T16:10:12","guid":{"rendered":"https:\/\/icar.cnrs.fr\/membre\/sibnelkaid\/?page_id=140"},"modified":"2019-03-29T13:34:44","modified_gmt":"2019-03-29T12:34:44","slug":"enseignement","status":"publish","type":"page","link":"https:\/\/icar.cnrs.fr\/membre\/sibnelkaid\/enseignement\/","title":{"rendered":"Enseignement"},"content":{"rendered":"<h1><strong>ENSEIGNEMENTS<\/strong><\/h1>\n<p>&nbsp;<\/p>\n<p><em>Responsable P\u00e9dagogique Num\u00e9rique<\/em> [Formation \u00e9quipe enseignante ; innovation p\u00e9dagogique et num\u00e9rique ; enseignement du FLE] ; Alliance Fran\u00e7aise de Duba\u00ef, \u00c9mirats Arabes Unis (2017-2018)<\/p>\n<p>&nbsp;<\/p>\n<p><em>Attach\u00e9e Temporaire d\u2019Enseignement et de Recherche<\/em> (ATER) en section 07 Sciences du Langage ; Universit\u00e9 de Franche-Comt\u00e9 \u2013 Laboratoire ELLIADD (Temps plein 2015-2016 et 2016-2017)<\/p>\n<p>&nbsp;<\/p>\n<p><em>Formation en ligne de formateurs<\/em> en Didactique Des Langues ; \u00c9cole Normale Sup\u00e9rieure de Lyon \u2013 Universit\u00e9 de Berkeley, Californie, USA (2012)<\/p>\n<p>&nbsp;<\/p>\n<p><em>Enseignement de Th\u00e9orie de la communication interculturelle, Soci\u00e9t\u00e9s contemporaines<\/em>\u00a0, <em>Francophonie<\/em> [\u00e9crit\/oral] ; Universit\u00e9 de Turku, Finlande\u00a0(2011)<\/p>\n<p>&nbsp;<\/p>\n<p><em>Enseignement du Fran\u00e7ais Langue \u00c9trang\u00e8re<\/em> ; Coll\u00e8ge-Lyc\u00e9e bilingue Gabriel Garcia Marquez, Madrid, Espagne\u00a0(2009-2010)<\/p>\n","protected":false},"excerpt":{"rendered":"<p>ENSEIGNEMENTS &nbsp; Responsable P\u00e9dagogique Num\u00e9rique [Formation \u00e9quipe enseignante ; innovation p\u00e9dagogique et num\u00e9rique ; enseignement du FLE] ; Alliance Fran\u00e7aise de Duba\u00ef, \u00c9mirats Arabes Unis (2017-2018) &nbsp; Attach\u00e9e Temporaire d\u2019Enseignement et de Recherche (ATER) en section 07 Sciences du Langage &hellip; <a href=\"https:\/\/icar.cnrs.fr\/membre\/sibnelkaid\/enseignement\/\">Continuer la lecture <span class=\"meta-nav\">&rarr;<\/span><\/a><\/p>\n","protected":false},"author":87,"featured_media":0,"parent":0,"menu_order":0,"comment_status":"closed","ping_status":"closed","template":"","meta":{"footnotes":""},"class_list":["post-140","page","type-page","status-publish","hentry"],"_links":{"self":[{"href":"https:\/\/icar.cnrs.fr\/membre\/sibnelkaid\/wp-json\/wp\/v2\/pages\/140","targetHints":{"allow":["GET"]}}],"collection":[{"href":"https:\/\/icar.cnrs.fr\/membre\/sibnelkaid\/wp-json\/wp\/v2\/pages"}],"about":[{"href":"https:\/\/icar.cnrs.fr\/membre\/sibnelkaid\/wp-json\/wp\/v2\/types\/page"}],"author":[{"embeddable":true,"href":"https:\/\/icar.cnrs.fr\/membre\/sibnelkaid\/wp-json\/wp\/v2\/users\/87"}],"replies":[{"embeddable":true,"href":"https:\/\/icar.cnrs.fr\/membre\/sibnelkaid\/wp-json\/wp\/v2\/comments?post=140"}],"version-history":[{"count":6,"href":"https:\/\/icar.cnrs.fr\/membre\/sibnelkaid\/wp-json\/wp\/v2\/pages\/140\/revisions"}],"predecessor-version":[{"id":250,"href":"https:\/\/icar.cnrs.fr\/membre\/sibnelkaid\/wp-json\/wp\/v2\/pages\/140\/revisions\/250"}],"wp:attachment":[{"href":"https:\/\/icar.cnrs.fr\/membre\/sibnelkaid\/wp-json\/wp\/v2\/media?parent=140"}],"curies":[{"name":"wp","href":"https:\/\/api.w.org\/{rel}","templated":true}]}}