{"id":142,"date":"2017-01-20T17:12:44","date_gmt":"2017-01-20T16:12:44","guid":{"rendered":"https:\/\/icar.cnrs.fr\/membre\/sibnelkaid\/?page_id=142"},"modified":"2019-09-28T22:51:12","modified_gmt":"2019-09-28T20:51:12","slug":"responsabilite","status":"publish","type":"page","link":"https:\/\/icar.cnrs.fr\/membre\/sibnelkaid\/responsabilite\/","title":{"rendered":"Responsabilit\u00e9"},"content":{"rendered":"<h1><strong>RESPONSABILIT\u00c9S SCIENTIFIQUES<\/strong><\/h1>\n<p>&nbsp;<\/p>\n<p><em>Fondatrice association <span style=\"color: #99cc00\"><a style=\"color: #99cc00\" href=\"https:\/\/theneverlab.com\/\">theNeverL@b<\/a><\/span> <\/em>Laboratoire citoyen nomade et collaboratif mettant en lien Chercheur\u00b7e\u00b7s, Artistes et Artisan\u00b7e\u00b7s avec cycles th\u00e9matiques pour penser et panser le monde ensemble (depuis 2018).<\/p>\n<p>&nbsp;<\/p>\n<p><em>Charge\u0301e d\u2019e\u0301tudes scientifiques\u00a0inde\u0301pendante\u00a0<span>ESPE Acade\u0301mie de Versailles &#8211; Chaire de Recherche Transition 2\u00a0<\/span>(2018-2019).<\/em><\/p>\n<p>&nbsp;<\/p>\n<p><em>Responsable P\u00e9dagogique Num\u00e9rique <\/em>\u00e0 l&rsquo;Alliance Fran\u00e7aise de Duba\u00ef (2017-2018).<\/p>\n<p>&nbsp;<\/p>\n<p><em>Membre du Groupe de Recherche sur \u00ab\u00a0les pr\u00e9sences num\u00e9riques\u00a0\u00bb<\/em> du Laboratoire ICAR de Lyon (depuis 2016).<\/p>\n<p>&nbsp;<\/p>\n<p><em>Participation \u00e0 l\u2019organisation du S\u00e9minaire de Recherche<\/em> mensuel sur les \u00abInteractions multimodales par \u00e9cran\u00bb (Impec) du Laboratoire ICAR de Lyon\u00a0(depuis 2012).<\/p>\n<p>&nbsp;<\/p>\n<p><em>Membre du Comit\u00e9 scientifique\u00a0<\/em><em>&amp; du<\/em>\u00a0<em>Comit\u00e9 d&rsquo;organisation<\/em> du colloque international \u00abColloque Jeunes Chercheurs ICAR\u00bb (ICODOC), (Depuis 2015).<\/p>\n<p>&nbsp;<\/p>\n<p><em>Membre du Comit\u00e9 scientifique<\/em>\u00a0<em>&amp; du<\/em>\u00a0<em>Comit\u00e9 d&rsquo;organisation<\/em> du colloque international \u00abInteractions Multimodales Par Ecran\u00bb (IMPEC) (depuis 2014).<\/p>\n<p>&nbsp;<\/p>\n<p><em>Membre de la commission<\/em> des doctorants (ComDoc) du Laboratoire ICAR Lyon (depuis 2012).<\/p>\n","protected":false},"excerpt":{"rendered":"<p>RESPONSABILIT\u00c9S SCIENTIFIQUES &nbsp; Fondatrice association theNeverL@b Laboratoire citoyen nomade et collaboratif mettant en lien Chercheur\u00b7e\u00b7s, Artistes et Artisan\u00b7e\u00b7s avec cycles th\u00e9matiques pour penser et panser le monde ensemble (depuis 2018). &nbsp; Charge\u0301e d\u2019e\u0301tudes scientifiques\u00a0inde\u0301pendante\u00a0ESPE Acade\u0301mie de Versailles &#8211; Chaire de &hellip; <a href=\"https:\/\/icar.cnrs.fr\/membre\/sibnelkaid\/responsabilite\/\">Continuer la lecture <span class=\"meta-nav\">&rarr;<\/span><\/a><\/p>\n","protected":false},"author":87,"featured_media":0,"parent":0,"menu_order":0,"comment_status":"closed","ping_status":"closed","template":"","meta":{"footnotes":""},"class_list":["post-142","page","type-page","status-publish","hentry"],"_links":{"self":[{"href":"https:\/\/icar.cnrs.fr\/membre\/sibnelkaid\/wp-json\/wp\/v2\/pages\/142","targetHints":{"allow":["GET"]}}],"collection":[{"href":"https:\/\/icar.cnrs.fr\/membre\/sibnelkaid\/wp-json\/wp\/v2\/pages"}],"about":[{"href":"https:\/\/icar.cnrs.fr\/membre\/sibnelkaid\/wp-json\/wp\/v2\/types\/page"}],"author":[{"embeddable":true,"href":"https:\/\/icar.cnrs.fr\/membre\/sibnelkaid\/wp-json\/wp\/v2\/users\/87"}],"replies":[{"embeddable":true,"href":"https:\/\/icar.cnrs.fr\/membre\/sibnelkaid\/wp-json\/wp\/v2\/comments?post=142"}],"version-history":[{"count":17,"href":"https:\/\/icar.cnrs.fr\/membre\/sibnelkaid\/wp-json\/wp\/v2\/pages\/142\/revisions"}],"predecessor-version":[{"id":266,"href":"https:\/\/icar.cnrs.fr\/membre\/sibnelkaid\/wp-json\/wp\/v2\/pages\/142\/revisions\/266"}],"wp:attachment":[{"href":"https:\/\/icar.cnrs.fr\/membre\/sibnelkaid\/wp-json\/wp\/v2\/media?parent=142"}],"curies":[{"name":"wp","href":"https:\/\/api.w.org\/{rel}","templated":true}]}}