{"id":144,"date":"2017-01-20T17:50:54","date_gmt":"2017-01-20T16:50:54","guid":{"rendered":"https:\/\/icar.cnrs.fr\/membre\/sibnelkaid\/?page_id=144"},"modified":"2019-09-28T23:32:44","modified_gmt":"2019-09-28T21:32:44","slug":"publication","status":"publish","type":"page","link":"https:\/\/icar.cnrs.fr\/membre\/sibnelkaid\/publication\/","title":{"rendered":"Publication"},"content":{"rendered":"<h1><strong>PUBLICATIONS (avec Comit\u00e9 Scientifique)<\/strong><\/h1>\n<div class=\"page\" title=\"Page 2\">\n<div class=\"layoutArea\">\n<div class=\"column\">\n<p>&nbsp;<\/p>\n<p><strong>DIRECTION DE REVUE<\/strong><\/p>\n<p><span style=\"text-decoration: underline\">Num\u00e9ro Sp\u00e9cial de la revue \u00ab\u00a0Interface Num\u00e9rique\u00a0\u00bb<\/span><\/p>\n<p>Ibnelka\u00efd, S &amp; Colo\u0301n de Carvajal, I. (Dirs.) (2018) \u00ab Le corps et ses m\u00e9tamorphoses \u00e0 l\u2019\u00e8re num\u00e9rique\u00a0\u00bb <em>Interfaces Num\u00e9riques<\/em> Vol.7 N\u00b02 <a href=\"https:\/\/www.unilim.fr\/interfaces-numeriques\/3363\">https:\/\/www.unilim.fr\/interfaces-numeriques\/3363<\/a><\/p>\n<p>&nbsp;<\/p>\n<p><strong>CHAPITRE D&rsquo;OUVRAGE<\/strong><\/p>\n<p>Ibnelka\u00efd, S. &amp; Furnon, D. (2020) \u00ab\u00a0Intercorpore\u0301ite\u0301 artefacte\u0301e, entre re\u0301ification et personnification\u00a0\u00bb In Groupe Pr\u00e9sences Num\u00e9riques, Develotte, C. (Dir.)\u00a0<em>Pr\u00e9sences artefact\u00e9es\u00a0: construire l\u2019interaction, la recherche et la formation<\/em>,\u00a0\u00c9ditions Ateliers Sens Public.<\/p>\n<p>Ibnelka\u00efd, S. &amp; Vincent, C. (2020) \u00ab\u00a0<span style=\"font-weight: 300\">Co-construction d\u2019une intelligence collective dans les rate\u0301s interactionnels et bugs nume\u0301riques de l\u2019expe\u0301rience e\u0301cranique\u00a0<\/span><span style=\"font-weight: 300\">\u00bb In Groupe Pr\u00e9sences Num\u00e9riques, Develotte, C. (Dir.)\u00a0<\/span><em style=\"font-weight: 300\">Pr\u00e9sences artefact\u00e9es\u00a0: construire l\u2019interaction, la recherche et la formation<\/em><span style=\"font-weight: 300\">,\u00a0\u00c9ditions Ateliers Sens Public.<\/span><\/p>\n<p>Ibnelka\u00efd, S. (2019) \u00ab L\u2019agentivit\u00e9 multimodale en interaction par \u00e9cran, entre sujet et tekhn\u00ea\u00a0\u00bb In Mazure-Palandre, A. &amp; Col\u00f3n de Carvajal, I.\u00a0<em>Approches plurielles de la multimodalit\u00e9<\/em>,\u00a0\u00c9ditions Litt\u00e9raires et Linguistiques de l\u2019Universit\u00e9 de Grenoble.<\/p>\n<p>Ibnelka\u00efd, S. (2018) \u00ab De l\u2019int\u00e9r\u00eat d\u2019une ethnographie visuelle de la pr\u00e9sence transm\u00e9diatique\u00a0\u00bb In Ibanez-Bueno, J. &amp; Chabert, G. &amp; Lamboux-Durand, A. &amp; Wanono, N. (Coords.) Les <em>m\u00e9thodes visuelles appliqu\u00e9es \u00e0 la communication num\u00e9rique<\/em>,\u00a0Cuadernos Artesanos de Communicaci\u00f3n.\u00a0<a href=\"http:\/\/www.cuadernosartesanos.org\/2017\/cac136.pdf\">http:\/\/www.cuadernosartesanos.org\/2017\/cac136.pdf<\/a><\/p>\n<p>Ibnelka\u00efd, S. (2017) \u00ab Les modalit\u00e9s ontophaniques de l\u2019interaction par \u00e9cran : de la protophanie \u00e0 la transphanie \u00bb Postface In Vial, S. <em>L\u2019\u00eatre et l\u2019\u00e9cran<\/em>. Seconde \u00e9dition. Paris: Presses Universitaires de France.<br \/>\n<a href=\"https:\/\/www.puf.com\/content\/L%C3%AAtre_et_l%C3%A9cran\">https:\/\/www.puf.com\/content\/L%C3%AAtre_et_l%C3%A9cran<\/a><\/p>\n<p>Ibnelka\u00efd, S. (2017) \u00ab\u00a0Enacting the scenography of a video call within its opening sequence\u00bb In Kern,R &amp; Develotte, C. <em>Screens and scenes, multimodal communication in online intercultural encounters<\/em>, Routledge.\u00a0<a href=\"https:\/\/www.routledge.com\/Screens-and-Scenes-Multimodal-Communication-%20in-Online-Intercultural-Encounters\/Kern-Develotte\/p\/book\/9781138213951\">https:\/\/www.routledge.com\/Screens-and-Scenes-Multimodal-Communication-%20in-Online-Intercultural-Encounters\/Kern-Develotte\/p\/book\/9781138213951<\/a><\/p>\n<p>&nbsp;<\/p>\n<p><strong>ARTICLE DE REVUE<\/strong><\/p>\n<p><span style=\"text-decoration: underline\">COSSI \/Communication Organisation Soci\u00e9t\u00e9 du Savoir et Information [revue, 2019]<\/span><\/p>\n<p>Jeannin, M. &amp; Malessard, F. &amp; Ibnelka\u00efd, S. (2019) \u00ab Le rapport \u00e0 l&rsquo;espace au CDI, une donn\u00e9e structurante\u00a0\u00bb, In\u00a0\u00a0<em>COSSI <\/em>[\u00e0 para\u00eetre].<\/p>\n<p><span style=\"text-decoration: underline\">Interfaces Num\u00e9riques [revue, 2018]<\/span><\/p>\n<p>Ibnelka\u00efd, S. (2018) \u00ab Corpor\u00e9it\u00e9 partag\u00e9e et agentivit\u00e9 distribu\u00e9e en interaction par \u00e9cran \u00bb, In\u00a0<em>Interfaces num\u00e9riques<\/em>, (7)2, \u00ab Le corps et ses m\u00e9tamorphoses \u00e0 l\u2019\u00e8re num\u00e9rique \u00bb pp. 436-476.\u00a0<a href=\"https:\/\/www.unilim.fr\/interfaces-numeriques\/3486\">https:\/\/www.unilim.fr\/interfaces-numeriques\/3486<\/a><\/p>\n<p><span style=\"text-decoration: underline\">Interfaces Num\u00e9riques [revue, 2018]<\/span><\/p>\n<p>Ibnelka\u00efd, S. &amp; Colo\u0301n de Carvajal, I. \u00ab\u00a0Introduction\u00a0\u00bb, In <em>Interfaces Num\u00e9riques<\/em> (7)2, \u00ab Le corps et ses m\u00e9tamorphoses \u00e0 l\u2019\u00e8re num\u00e9rique \u00bb. <a href=\"https:\/\/www.unilim.fr\/interfaces-numeriques\/3364\">https:\/\/www.unilim.fr\/interfaces-numeriques\/3364<\/a><\/p>\n<p><span style=\"text-decoration: underline\">R\u00e9seaux [revue, 2015]<\/span><\/p>\n<p>Ibnelka\u00efd, S. (2015) \u00ab\u00a0Sc\u00e9nographie d\u2019une ouverture d\u2019interaction vid\u00e9o \u00bb In <em>R\u00e9seaux<\/em> n\u00b0194 \u00ab\u00a0La communication \u00e0 travers les \u00e9crans\u00a0\u00bb, pp 124-168.\u00a0<a href=\"https:\/\/www.cairn.info\/resume.php?ID_ARTICLE=RES_194_0125\">https:\/\/www.cairn.info\/resume.php?ID_ARTICLE=RES_194_0125<\/a><\/p>\n<p><span style=\"text-decoration: underline\">Synergie France [revue, 2012]<\/span><\/p>\n<p>Ibnelka\u00efd, S. (2012) \u00ab D\u00e9veloppement de la comp\u00e9tence interculturelle par l\u2019autonomie et l\u2019interaction : \u00c9tude de cas d\u2019enseignants de FLE d\u2019une universit\u00e9 finlandaise \u00bb, In <em>Synergie France<\/em> n\u00b009, pp.103-112. <a href=\"http:\/\/gerflint.fr\/Base\/France9\/ibnelkaid.pdf\">http:\/\/gerflint.fr\/Base\/France9\/ibnelkaid.pdf<\/a><\/p>\n<p><span style=\"text-decoration: underline\">Culture Num\u00e9rique [espace de publication en ligne, 2017]<\/span><\/p>\n<p>Ibnelka\u00efd, S. (2017) \u00ab\u00a0Pr\u00e9sence par \u00e9cran, entre action et perception\u00a0\u00bb, In <em>Culture Num\u00e9rique.\u00a0<\/em><a href=\"http:\/\/culture.numerique.free.fr\/index.php\/espace-de-publication\">http:\/\/culture.numerique.free.fr\/index.php\/espace-de-publication<\/a><\/p>\n<p>&nbsp;<\/p>\n<p><strong>ACTE DE COLLOQUE<\/strong><\/p>\n<p><span style=\"text-decoration: underline\">SHS Web of Conferences [2015]<\/span><\/p>\n<p>Ibnelka\u00efd, S. (2015) \u00ab\u00a0Pour une analyse ph\u00e9nom\u00e9nolinguistique de l\u2019identit\u00e9 en interaction num\u00e9rique\u00a0\u00bb In <em>ICODOC<\/em> 2015. DOI\u00a0: <a href=\"http:\/\/dx.doi.org\/10.1051\/shsconf\/20152001011\">http:\/\/dx.doi.org\/10.1051\/shsconf\/20152001011<\/a><\/p>\n<p><span style=\"text-decoration: underline\">JOCAIR [2012]<\/span><\/p>\n<p>Ibnelka\u00efd, S. &amp; Develotte, C. (2012) \u00ab Le webinaire, ou quand communications distancielle et pr\u00e9sentielle s\u2019articulent \u00bb, In <em>Actes du colloque JOCAIR<\/em> 2012, pp. 55-71.<\/p>\n<\/div>\n<\/div>\n<\/div>\n","protected":false},"excerpt":{"rendered":"<p>PUBLICATIONS (avec Comit\u00e9 Scientifique) &nbsp; DIRECTION DE REVUE Num\u00e9ro Sp\u00e9cial de la revue \u00ab\u00a0Interface Num\u00e9rique\u00a0\u00bb Ibnelka\u00efd, S &amp; Colo\u0301n de Carvajal, I. (Dirs.) (2018) \u00ab Le corps et ses m\u00e9tamorphoses \u00e0 l\u2019\u00e8re num\u00e9rique\u00a0\u00bb Interfaces Num\u00e9riques Vol.7 N\u00b02 https:\/\/www.unilim.fr\/interfaces-numeriques\/3363 &nbsp; CHAPITRE &hellip; <a href=\"https:\/\/icar.cnrs.fr\/membre\/sibnelkaid\/publication\/\">Continuer la lecture <span class=\"meta-nav\">&rarr;<\/span><\/a><\/p>\n","protected":false},"author":87,"featured_media":0,"parent":0,"menu_order":0,"comment_status":"closed","ping_status":"closed","template":"","meta":{"footnotes":""},"class_list":["post-144","page","type-page","status-publish","hentry"],"_links":{"self":[{"href":"https:\/\/icar.cnrs.fr\/membre\/sibnelkaid\/wp-json\/wp\/v2\/pages\/144","targetHints":{"allow":["GET"]}}],"collection":[{"href":"https:\/\/icar.cnrs.fr\/membre\/sibnelkaid\/wp-json\/wp\/v2\/pages"}],"about":[{"href":"https:\/\/icar.cnrs.fr\/membre\/sibnelkaid\/wp-json\/wp\/v2\/types\/page"}],"author":[{"embeddable":true,"href":"https:\/\/icar.cnrs.fr\/membre\/sibnelkaid\/wp-json\/wp\/v2\/users\/87"}],"replies":[{"embeddable":true,"href":"https:\/\/icar.cnrs.fr\/membre\/sibnelkaid\/wp-json\/wp\/v2\/comments?post=144"}],"version-history":[{"count":24,"href":"https:\/\/icar.cnrs.fr\/membre\/sibnelkaid\/wp-json\/wp\/v2\/pages\/144\/revisions"}],"predecessor-version":[{"id":275,"href":"https:\/\/icar.cnrs.fr\/membre\/sibnelkaid\/wp-json\/wp\/v2\/pages\/144\/revisions\/275"}],"wp:attachment":[{"href":"https:\/\/icar.cnrs.fr\/membre\/sibnelkaid\/wp-json\/wp\/v2\/media?parent=144"}],"curies":[{"name":"wp","href":"https:\/\/api.w.org\/{rel}","templated":true}]}}