{"id":4,"date":"2016-11-02T17:37:52","date_gmt":"2016-11-02T16:37:52","guid":{"rendered":"https:\/\/icar.cnrs.fr\/membre\/sibnelkaid\/?page_id=4"},"modified":"2019-04-22T14:27:59","modified_gmt":"2019-04-22T12:27:59","slug":"accueil","status":"publish","type":"page","link":"https:\/\/icar.cnrs.fr\/membre\/sibnelkaid\/","title":{"rendered":"Accueil"},"content":{"rendered":"<div class=\"cadregris\">\n<h1>Samira Ibnelka\u00efd<\/h1>\n<p><img loading=\"lazy\" decoding=\"async\" class=\"alignright wp-image-260 \" src=\"https:\/\/icar.cnrs.fr\/membre\/sibnelkaid\/wp-content\/uploads\/sites\/93\/2019\/04\/photo_profil_sam_2019-200x300.jpg\" alt=\"\" width=\"122\" height=\"178\" \/><\/p>\n<p><span class=\"Style3\">Docteure\u00a0qualifi\u00e9e<br \/>\n<\/span><span class=\"Style3\">en Sciences du Langage; Sciences de l&rsquo;Information et<br \/>\nde la Communication; \u00c9pist\u00e9mologie (histoire, philosophie \u00e9thique des sciences et techniques)<br \/>\n<\/span><span class=\"Style3\">(CNU 07-71-72)<\/span><\/p>\n<p>Chercheure Associ\u00e9e ICAR<\/p>\n<p>Email : <a href=\"mailto:samiraibnelkaid@gmail.com\">samiraibnelkaid@gmail.com<\/a><\/p>\n<p style=\"text-align: left\"><strong>Th\u00e8se obtenue mention Tr\u00e8s honorable avec les F\u00e9licitations du Jury (2016)<\/strong> :<br \/>\n\u00ab\u00a0<em>Identit\u00e9 et alt\u00e9rit\u00e9 par \u00e9cran: modalit\u00e9s de l\u2019intersubjectivit\u00e9 en interaction num\u00e9rique\u00a0\u00bb<\/em><br \/>\nSous la direction de Christine Develotte<br \/>\n<a href=\"https:\/\/transphanie.com\/\">https:\/\/transphanie.com\/<\/a><\/p>\n<p style=\"text-align: center\"><a href=\"http:\/\/icar.univ-lyon2.fr\/\">UMR 5191 ICAR<br \/>\n<\/a>(Interactions, Corpus, Apprentissage, Repr\u00e9sentations)<br \/>\nEquipe\u00a0: INteractions : SItuations, praTiques et oUtils (InSitu)<\/p>\n<p>&nbsp;<\/p>\n<\/div>\n<h2><\/h2>\n","protected":false},"excerpt":{"rendered":"<p>Samira Ibnelka\u00efd Docteure\u00a0qualifi\u00e9e en Sciences du Langage; Sciences de l&rsquo;Information et de la Communication; \u00c9pist\u00e9mologie (histoire, philosophie \u00e9thique des sciences et techniques) (CNU 07-71-72) Chercheure Associ\u00e9e ICAR Email : samiraibnelkaid@gmail.com Th\u00e8se obtenue mention Tr\u00e8s honorable avec les F\u00e9licitations du Jury &hellip; <a href=\"https:\/\/icar.cnrs.fr\/membre\/sibnelkaid\/\">Continuer la lecture <span class=\"meta-nav\">&rarr;<\/span><\/a><\/p>\n","protected":false},"author":1,"featured_media":0,"parent":0,"menu_order":0,"comment_status":"closed","ping_status":"closed","template":"","meta":{"footnotes":""},"class_list":["post-4","page","type-page","status-publish","hentry"],"_links":{"self":[{"href":"https:\/\/icar.cnrs.fr\/membre\/sibnelkaid\/wp-json\/wp\/v2\/pages\/4","targetHints":{"allow":["GET"]}}],"collection":[{"href":"https:\/\/icar.cnrs.fr\/membre\/sibnelkaid\/wp-json\/wp\/v2\/pages"}],"about":[{"href":"https:\/\/icar.cnrs.fr\/membre\/sibnelkaid\/wp-json\/wp\/v2\/types\/page"}],"author":[{"embeddable":true,"href":"https:\/\/icar.cnrs.fr\/membre\/sibnelkaid\/wp-json\/wp\/v2\/users\/1"}],"replies":[{"embeddable":true,"href":"https:\/\/icar.cnrs.fr\/membre\/sibnelkaid\/wp-json\/wp\/v2\/comments?post=4"}],"version-history":[{"count":97,"href":"https:\/\/icar.cnrs.fr\/membre\/sibnelkaid\/wp-json\/wp\/v2\/pages\/4\/revisions"}],"predecessor-version":[{"id":262,"href":"https:\/\/icar.cnrs.fr\/membre\/sibnelkaid\/wp-json\/wp\/v2\/pages\/4\/revisions\/262"}],"wp:attachment":[{"href":"https:\/\/icar.cnrs.fr\/membre\/sibnelkaid\/wp-json\/wp\/v2\/media?parent=4"}],"curies":[{"name":"wp","href":"https:\/\/api.w.org\/{rel}","templated":true}]}}