{"id":10,"date":"2016-11-02T17:39:41","date_gmt":"2016-11-02T16:39:41","guid":{"rendered":"https:\/\/icar.cnrs.fr\/membre\/tdecharentenay\/?page_id=10"},"modified":"2025-09-07T12:02:10","modified_gmt":"2025-09-07T10:02:10","slug":"ressources_publiques","status":"publish","type":"page","link":"https:\/\/icar.cnrs.fr\/membre\/tdecharentenay\/ressources_publiques\/","title":{"rendered":"Ressources publiques"},"content":{"rendered":"<p>Cette recherche, en partant d&rsquo;observations de terrain, formule des hypoth\u00e8ses concernant les pratiques signifiantes du N\u00e9olithique. Ces hypoth\u00e8ses sont ensuite utilis\u00e9es pour op\u00e9rer des v\u00e9rifications sur le terrain. Il en r\u00e9sulte de nouvelles observations. Certaines d&rsquo;entre elles sont mises \u00e0 disposition du public sous forme de carte, de photos, de sch\u00e9mas.<\/p>\n<p><strong>Liste des publications <a href=\"https:\/\/shs.hal.science\/search\/index\/q\/*\/authFullName_s\/Thomas+de+Charentenay\" target=\"_blank\" rel=\"noopener noreferrer\">HAL <\/a><\/p>\n<p><\/strong><strong>Liste des publications <a href=\"https:\/\/scholar.google.com\/citations?user=GW_AUBMAAAAJ&amp;hl=fr\" target=\"_blank\" rel=\"noopener\">Google Scholar<\/a><\/strong><\/p>\n<p><strong>Support accompagnant une pr\u00e9sentation orale du projet de th\u00e8se<\/strong><\/p>\n<p><a href=\"https:\/\/univlyon2fr-my.sharepoint.com\/:b:\/g\/personal\/tdecharent_univ-lyon2_fr\/EQrEROlReW9EhXvjAcO4ANYB1qYfiC5Q3fEM60_0In5_lQ?e=Xyc96Y\" target=\"_blank\" rel=\"noopener noreferrer\">Quatre volets <\/a>\u00e0 imprimer \u00ab\u00a0retournement sur les bords courts\u00a0\u00bb<\/p>\n<p><img loading=\"lazy\" decoding=\"async\" class=\"wp-image-202 aligncenter\" src=\"https:\/\/icar.cnrs.fr\/membre\/tdecharentenay\/wp-content\/uploads\/sites\/171\/2024\/06\/Capture-d\u2019e\u0301cran-2024-06-14-a\u0300-16.41.16.png\" alt=\"\" width=\"250\" height=\"350\" \/><\/p>\n<p>&nbsp;<\/p>\n<p><strong>Guides pour des explorations locales<\/strong><\/p>\n<p>Ces supports nous permettent de mobiliser localement des inspections de lieux d&rsquo;int\u00e9r\u00eat par des personnes dispos\u00e9es \u00e0 contribuer en se rendant sur place et en prenant des photos, des relev\u00e9s ou en cr\u00e9ant des sch\u00e9mas. Les sites de Caden, Ringwould et du Pas de la Coche ont ainsi \u00e9t\u00e9 &lsquo;v\u00e9rifi\u00e9s&rsquo;.<\/p>\n<p>Ces guides se pr\u00e9sentent sous forme de diaporama et d&rsquo;une video d&rsquo;accompagnement. Ils sont mis \u00e0 disposition <strong>sur demande \u00e0 thomas.de_charentenay (a) ens-lyon.fr<br \/>\n<\/strong>Les contributeurs ont des objectifs de v\u00e9rification sur le terrain et peuvent enrichir le diaporama avec leurs images et sch\u00e9mas.<\/p>\n<p>Actuellement nous organisons des v\u00e9rifications de terrain dans la r\u00e9gion du Golf du Morbihan (lmpasse de Caden, Rocher de la Pointe de Conguel), \u00e0 proximit\u00e9 du site de Stonehenge en Angleterre et dans la Vall\u00e9e de la Maurienne (le Thyl).<\/p>\n<h3><strong>Carte de localisation des lieux d&rsquo;int\u00e9r\u00eat<\/strong><\/h3>\n<p>Une premi\u00e8re carte illustrant quelques unes des inf\u00e9rences propos\u00e9es par la recherche en cours a \u00e9t\u00e9 mise \u00e0 disposition du grand public d\u00e8s 2016. Cette carte totalise pr\u00e8s de 25 000 visites <a href=\"https:\/\/www.google.com\/maps\/d\/edit?mid=1VU8as84DyW6voqvLFKzd-0eFdvM&amp;ll=47.24722051202249%2C5.790731635038355&amp;z=6\" target=\"_blank\" rel=\"noopener noreferrer\">Carte Google Map<\/a><\/p>\n<p>On y trouve plusieurs couches d&rsquo;information, en particulier :<\/p>\n<ul>\n<li>Les principaux sites identifi\u00e9s par leurs positions relatives et leurs attributs similaires\u00a0(navigation \u00e9largie)<\/li>\n<li>Les objets rep\u00e9r\u00e9s sur le site de la Pierre des Trois Ev\u00eaques, en particulier via un relev\u00e9 topographique (Cadran du Pilat, am\u00e9nagements)<\/li>\n<li>Le segment du parcours entre la carri\u00e8re de jadeite de Beigua et la Pierre des Trois Ev\u00eaques (Parcours repositionn\u00e9)<\/li>\n<\/ul>\n<p>&nbsp;<\/p>\n","protected":false},"excerpt":{"rendered":"<p>Cette recherche, en partant d&rsquo;observations de terrain, formule des hypoth\u00e8ses concernant les pratiques signifiantes du N\u00e9olithique. Ces hypoth\u00e8ses sont ensuite utilis\u00e9es pour op\u00e9rer des v\u00e9rifications sur le terrain. Il en r\u00e9sulte de nouvelles observations. Certaines d&rsquo;entre elles sont mises \u00e0 &hellip; <a href=\"https:\/\/icar.cnrs.fr\/membre\/tdecharentenay\/ressources_publiques\/\">Continuer la lecture <span class=\"meta-nav\">&rarr;<\/span><\/a><\/p>\n","protected":false},"author":1,"featured_media":0,"parent":0,"menu_order":3,"comment_status":"closed","ping_status":"closed","template":"","meta":{"footnotes":""},"class_list":["post-10","page","type-page","status-publish","hentry"],"_links":{"self":[{"href":"https:\/\/icar.cnrs.fr\/membre\/tdecharentenay\/wp-json\/wp\/v2\/pages\/10","targetHints":{"allow":["GET"]}}],"collection":[{"href":"https:\/\/icar.cnrs.fr\/membre\/tdecharentenay\/wp-json\/wp\/v2\/pages"}],"about":[{"href":"https:\/\/icar.cnrs.fr\/membre\/tdecharentenay\/wp-json\/wp\/v2\/types\/page"}],"author":[{"embeddable":true,"href":"https:\/\/icar.cnrs.fr\/membre\/tdecharentenay\/wp-json\/wp\/v2\/users\/1"}],"replies":[{"embeddable":true,"href":"https:\/\/icar.cnrs.fr\/membre\/tdecharentenay\/wp-json\/wp\/v2\/comments?post=10"}],"version-history":[{"count":31,"href":"https:\/\/icar.cnrs.fr\/membre\/tdecharentenay\/wp-json\/wp\/v2\/pages\/10\/revisions"}],"predecessor-version":[{"id":223,"href":"https:\/\/icar.cnrs.fr\/membre\/tdecharentenay\/wp-json\/wp\/v2\/pages\/10\/revisions\/223"}],"wp:attachment":[{"href":"https:\/\/icar.cnrs.fr\/membre\/tdecharentenay\/wp-json\/wp\/v2\/media?parent=10"}],"curies":[{"name":"wp","href":"https:\/\/api.w.org\/{rel}","templated":true}]}}