{"id":4,"date":"2016-11-02T17:37:52","date_gmt":"2016-11-02T16:37:52","guid":{"rendered":"https:\/\/icar.cnrs.fr\/membre\/tdecharentenay\/?page_id=4"},"modified":"2025-07-09T23:39:15","modified_gmt":"2025-07-09T21:39:15","slug":"accueil","status":"publish","type":"page","link":"https:\/\/icar.cnrs.fr\/membre\/tdecharentenay\/","title":{"rendered":"Accueil"},"content":{"rendered":"<div class=\"cadregris\">\n<h2><strong>Thomas de Charentenay<\/strong><\/h2>\n<h2><img loading=\"lazy\" decoding=\"async\" class=\"alignright size-full wp-image-215\" src=\"https:\/\/icar.cnrs.fr\/membre\/tdecharentenay\/wp-content\/uploads\/sites\/171\/2025\/07\/ID-rouge.jpeg\" alt=\"\" width=\"238\" height=\"238\" srcset=\"https:\/\/icar.cnrs.fr\/membre\/tdecharentenay\/wp-content\/uploads\/sites\/171\/2025\/07\/ID-rouge.jpeg 238w, https:\/\/icar.cnrs.fr\/membre\/tdecharentenay\/wp-content\/uploads\/sites\/171\/2025\/07\/ID-rouge-150x150.jpeg 150w\" sizes=\"auto, (max-width: 238px) 100vw, 238px\" \/><\/h2>\n<p>Doctorant ICAR<\/p>\n<p>Universit\u00e9 Lumi\u00e8re Lyon 2<\/p>\n<p>Email\u00a0: thomas.de_charentenay AT ens-lyon.fr<\/p>\n<p>Membre du\u00a0Laboratoire\u00a0<strong><a href=\"http:\/\/icar.univ-lyon2.fr\/\">ICAR<\/a>\u00a0<a href=\"http:\/\/icar.univ-lyon2.fr\/\">UMR 5191<\/a><\/strong><br \/>\n(Interactions, Corpus, Apprentissage, Repr\u00e9sentations), \u00e9<em>quipe<\/em> : IC <a href=\"https:\/\/icar.cnrs.fr\/recherche\/interactions-cognitions\/\" target=\"_blank\" rel=\"noopener noreferrer\">Interactions &#8211; Cognition<\/a><\/p>\n<p>Co-direction de la th\u00e8se :<br \/>\nPierluigi Basso, laboratoire <a href=\"http:\/\/www.icar.cnrs.fr\/membre\/pbasso\/\" target=\"_blank\" rel=\"noopener noreferrer\">ICAR UMR 5191<\/a>, en d\u00e9tachement \u00e0 l&rsquo;<a href=\"https:\/\/www.unibo.it\/sitoweb\/pierluigi.basso2\/\" target=\"_blank\" rel=\"noopener noreferrer\">Universit\u00e9 de Bologne<\/a><br \/>\nEric Thirault, laboratoire <a href=\"https:\/\/www.arar.mom.fr\/\">ArAr UMR 5138<\/a><\/p>\n<p style=\"text-align: left;\"><strong>Adresse<br \/>\n<\/strong>Laboratoire ICAR<br \/>\nEcole Normale Sup\u00e9rieure de Lyon<br \/>\n15 parvis Ren\u00e9 Descartes &#8211; BP 7000<br \/>\n69342 LYON Cedex 07<br \/>\nFrance<\/p>\n<\/div>\n","protected":false},"excerpt":{"rendered":"<p>Thomas de Charentenay Doctorant ICAR Universit\u00e9 Lumi\u00e8re Lyon 2 Email\u00a0: thomas.de_charentenay AT ens-lyon.fr Membre du\u00a0Laboratoire\u00a0ICAR\u00a0UMR 5191 (Interactions, Corpus, Apprentissage, Repr\u00e9sentations), \u00e9quipe : IC Interactions &#8211; Cognition Co-direction de la th\u00e8se : Pierluigi Basso, laboratoire ICAR UMR 5191, en d\u00e9tachement \u00e0 &hellip; <a href=\"https:\/\/icar.cnrs.fr\/membre\/tdecharentenay\/\">Continuer la lecture <span class=\"meta-nav\">&rarr;<\/span><\/a><\/p>\n","protected":false},"author":1,"featured_media":0,"parent":0,"menu_order":0,"comment_status":"closed","ping_status":"closed","template":"","meta":{"footnotes":""},"class_list":["post-4","page","type-page","status-publish","hentry"],"_links":{"self":[{"href":"https:\/\/icar.cnrs.fr\/membre\/tdecharentenay\/wp-json\/wp\/v2\/pages\/4","targetHints":{"allow":["GET"]}}],"collection":[{"href":"https:\/\/icar.cnrs.fr\/membre\/tdecharentenay\/wp-json\/wp\/v2\/pages"}],"about":[{"href":"https:\/\/icar.cnrs.fr\/membre\/tdecharentenay\/wp-json\/wp\/v2\/types\/page"}],"author":[{"embeddable":true,"href":"https:\/\/icar.cnrs.fr\/membre\/tdecharentenay\/wp-json\/wp\/v2\/users\/1"}],"replies":[{"embeddable":true,"href":"https:\/\/icar.cnrs.fr\/membre\/tdecharentenay\/wp-json\/wp\/v2\/comments?post=4"}],"version-history":[{"count":47,"href":"https:\/\/icar.cnrs.fr\/membre\/tdecharentenay\/wp-json\/wp\/v2\/pages\/4\/revisions"}],"predecessor-version":[{"id":216,"href":"https:\/\/icar.cnrs.fr\/membre\/tdecharentenay\/wp-json\/wp\/v2\/pages\/4\/revisions\/216"}],"wp:attachment":[{"href":"https:\/\/icar.cnrs.fr\/membre\/tdecharentenay\/wp-json\/wp\/v2\/media?parent=4"}],"curies":[{"name":"wp","href":"https:\/\/api.w.org\/{rel}","templated":true}]}}