{"id":4,"date":"2016-11-02T17:37:52","date_gmt":"2016-11-02T16:37:52","guid":{"rendered":"https:\/\/icar.cnrs.fr\/membre\/tdjouad\/?page_id=4"},"modified":"2023-06-27T12:13:45","modified_gmt":"2023-06-27T10:13:45","slug":"accueil","status":"publish","type":"page","link":"https:\/\/icar.cnrs.fr\/membre\/tdjouad\/","title":{"rendered":"Accueil"},"content":{"rendered":"<div class=\"cadregris\">\n<h2><strong>Tarak DJOUAD<\/strong><\/h2>\n<h2><img loading=\"lazy\" decoding=\"async\" class=\"wp-image-164 alignright\" src=\"https:\/\/icar.cnrs.fr\/membre\/tdjouad\/wp-content\/uploads\/sites\/169\/2023\/06\/Capture-d\u2019e\u0301cran-2019-04-01-a\u0300-15.54.41_1.png\" alt=\"\" width=\"133\" height=\"151\" \/><\/h2>\n<p>Ing\u00e9nieur d&rsquo;\u00e9tudes en ing\u00e9nierie logicielle<br \/>\nENS de Lyon<\/p>\n<p>Email\u00a0: tarak point djouad at ens-lyon.fr<\/p>\n<p>Membre du\u00a0Laboratoire\u00a0<a href=\"http:\/\/icar.univ-lyon2.fr\/\">ICAR<\/a>\u00a0<a href=\"http:\/\/icar.univ-lyon2.fr\/\">UMR 5191<\/a>\u00a0(Interactions, Corpus, Apprentissage, Repr\u00e9sentations)<\/p>\n<p><strong>Adresse<br \/>\n<\/strong>Laboratoire ICAR<br \/>\nEcole Normale Sup\u00e9rieure de Lyon<br \/>\n15 parvis Ren\u00e9 Descartes &#8211; BP 7000<br \/>\n69342 LYON Cedex 07<br \/>\nFrance<\/p>\n<\/div>\n","protected":false},"excerpt":{"rendered":"<p>Tarak DJOUAD Ing\u00e9nieur d&rsquo;\u00e9tudes en ing\u00e9nierie logicielle ENS de Lyon Email\u00a0: tarak point djouad at ens-lyon.fr Membre du\u00a0Laboratoire\u00a0ICAR\u00a0UMR 5191\u00a0(Interactions, Corpus, Apprentissage, Repr\u00e9sentations) Adresse Laboratoire ICAR Ecole Normale Sup\u00e9rieure de Lyon 15 parvis Ren\u00e9 Descartes &#8211; BP 7000 69342 LYON Cedex &hellip; <a href=\"https:\/\/icar.cnrs.fr\/membre\/tdjouad\/\">Continuer la lecture <span class=\"meta-nav\">&rarr;<\/span><\/a><\/p>\n","protected":false},"author":1,"featured_media":0,"parent":0,"menu_order":0,"comment_status":"closed","ping_status":"closed","template":"","meta":{"footnotes":""},"class_list":["post-4","page","type-page","status-publish","hentry"],"_links":{"self":[{"href":"https:\/\/icar.cnrs.fr\/membre\/tdjouad\/wp-json\/wp\/v2\/pages\/4","targetHints":{"allow":["GET"]}}],"collection":[{"href":"https:\/\/icar.cnrs.fr\/membre\/tdjouad\/wp-json\/wp\/v2\/pages"}],"about":[{"href":"https:\/\/icar.cnrs.fr\/membre\/tdjouad\/wp-json\/wp\/v2\/types\/page"}],"author":[{"embeddable":true,"href":"https:\/\/icar.cnrs.fr\/membre\/tdjouad\/wp-json\/wp\/v2\/users\/1"}],"replies":[{"embeddable":true,"href":"https:\/\/icar.cnrs.fr\/membre\/tdjouad\/wp-json\/wp\/v2\/comments?post=4"}],"version-history":[{"count":48,"href":"https:\/\/icar.cnrs.fr\/membre\/tdjouad\/wp-json\/wp\/v2\/pages\/4\/revisions"}],"predecessor-version":[{"id":173,"href":"https:\/\/icar.cnrs.fr\/membre\/tdjouad\/wp-json\/wp\/v2\/pages\/4\/revisions\/173"}],"wp:attachment":[{"href":"https:\/\/icar.cnrs.fr\/membre\/tdjouad\/wp-json\/wp\/v2\/media?parent=4"}],"curies":[{"name":"wp","href":"https:\/\/api.w.org\/{rel}","templated":true}]}}