{"id":4,"date":"2016-11-02T17:37:52","date_gmt":"2016-11-02T16:37:52","guid":{"rendered":"https:\/\/icar.cnrs.fr\/membre\/vmagaud\/?page_id=4"},"modified":"2021-12-20T18:41:19","modified_gmt":"2021-12-20T17:41:19","slug":"accueil","status":"publish","type":"page","link":"https:\/\/icar.cnrs.fr\/membre\/vmagaud\/","title":{"rendered":"Accueil"},"content":{"rendered":"<div class=\"cadregris\">\n<h1><strong>V\u00e9ronique Magaud<\/strong><\/h1>\n<p>Ma\u00eetre de conf\u00e9rences en Sciences du langage : linguistique et phon\u00e9tique g\u00e9n\u00e9rales, Universit\u00e9 Catholique de Lyon<\/p>\n<p>Membre du groupe de recherche\u00a0CONFLUENCE Sciences et Humanit\u00e9s (EA1598), p\u00f4le Cultures, Langue,\u00a0Imaginaire<\/p>\n<p>Membre associ\u00e9 du groupe de recherche LanDES (UMR 5191 ICAR)<\/p>\n<p>Email : vmagaud AT univ-catholyon.fr<\/p>\n<h3>Domaines de recherche<\/h3>\n<p>Discours m\u00e9diatique, politique, acad\u00e9mique et imaginaires politiques. Mes activit\u00e9s de recherche s&rsquo;appuient sur des mat\u00e9riaux linguistiques et\u00a0s&rsquo;inscrivent en analyse du discours.<\/p>\n<h3 class=\"single-academ-teacher-label\">Domaines d&rsquo;enseignement<\/h3>\n<p>Communication politique, l&rsquo;Europe (plus particuli\u00e8rement sur l&rsquo;identit\u00e9 europ\u00e9enne), les genres m\u00e9diatiques,\u00a0le FLE .<\/p>\n<\/div>\n","protected":false},"excerpt":{"rendered":"<p>V\u00e9ronique Magaud Ma\u00eetre de conf\u00e9rences en Sciences du langage : linguistique et phon\u00e9tique g\u00e9n\u00e9rales, Universit\u00e9 Catholique de Lyon Membre du groupe de recherche\u00a0CONFLUENCE Sciences et Humanit\u00e9s (EA1598), p\u00f4le Cultures, Langue,\u00a0Imaginaire Membre associ\u00e9 du groupe de recherche LanDES (UMR 5191 ICAR) &hellip; <a href=\"https:\/\/icar.cnrs.fr\/membre\/vmagaud\/\">Continuer la lecture <span class=\"meta-nav\">&rarr;<\/span><\/a><\/p>\n","protected":false},"author":1,"featured_media":0,"parent":0,"menu_order":0,"comment_status":"closed","ping_status":"closed","template":"","meta":{"footnotes":""},"class_list":["post-4","page","type-page","status-publish","hentry"],"_links":{"self":[{"href":"https:\/\/icar.cnrs.fr\/membre\/vmagaud\/wp-json\/wp\/v2\/pages\/4","targetHints":{"allow":["GET"]}}],"collection":[{"href":"https:\/\/icar.cnrs.fr\/membre\/vmagaud\/wp-json\/wp\/v2\/pages"}],"about":[{"href":"https:\/\/icar.cnrs.fr\/membre\/vmagaud\/wp-json\/wp\/v2\/types\/page"}],"author":[{"embeddable":true,"href":"https:\/\/icar.cnrs.fr\/membre\/vmagaud\/wp-json\/wp\/v2\/users\/1"}],"replies":[{"embeddable":true,"href":"https:\/\/icar.cnrs.fr\/membre\/vmagaud\/wp-json\/wp\/v2\/comments?post=4"}],"version-history":[{"count":113,"href":"https:\/\/icar.cnrs.fr\/membre\/vmagaud\/wp-json\/wp\/v2\/pages\/4\/revisions"}],"predecessor-version":[{"id":512,"href":"https:\/\/icar.cnrs.fr\/membre\/vmagaud\/wp-json\/wp\/v2\/pages\/4\/revisions\/512"}],"wp:attachment":[{"href":"https:\/\/icar.cnrs.fr\/membre\/vmagaud\/wp-json\/wp\/v2\/media?parent=4"}],"curies":[{"name":"wp","href":"https:\/\/api.w.org\/{rel}","templated":true}]}}