{"id":4,"date":"2016-11-02T17:37:52","date_gmt":"2016-11-02T16:37:52","guid":{"rendered":"https:\/\/icar.cnrs.fr\/membre\/vriviere\/?page_id=4"},"modified":"2026-02-21T12:06:38","modified_gmt":"2026-02-21T11:06:38","slug":"accueil","status":"publish","type":"page","link":"https:\/\/icar.cnrs.fr\/membre\/vriviere\/","title":{"rendered":"Accueil"},"content":{"rendered":"<h2 class=\"cadregris\">Professeure \u00e0 l&rsquo;Universit\u00e9 Lumi\u00e8re Lyon 2<\/h2>\n<p><img loading=\"lazy\" decoding=\"async\" class=\" wp-image-326 alignright\" src=\"https:\/\/icar.cnrs.fr\/membre\/vriviere\/wp-content\/uploads\/sites\/72\/2022\/10\/IMG_2192-169x300.png\" alt=\"\" width=\"132\" height=\"224\" \/><\/p>\n<p>Docteure en Didactologie des langues et des cultures, qualifi\u00e9e en 7\u00e8me section CNU, Sciences du langage<\/p>\n<p>Membre associ\u00e9e du laboratoire DILTEC (EA2288), Universit\u00e9 Sorbonne-Nouvelle, Paris<\/p>\n<p>&nbsp;<\/p>\n<p>Pr\u00e9sidente b\u00e9n\u00e9vole de l&rsquo;association <a href=\"http:\/\/languescommeune.fr\/\">Langues Comme Une<\/a>, favorisant l&rsquo;acc\u00e8s \u00e0 la langue fran\u00e7aise pour toute personne exclue des dispositifs de formation linguistique de droit commun.<\/p>\n<h1><\/h1>\n<p>&nbsp;<\/p>\n<h1><\/h1>\n<h1><span style=\"color: #ff00ff\"><strong>&#8212;INFORMATION&#8212;<\/strong><\/span><\/h1>\n<p>Colloque international sur l&rsquo;alphab\u00e9tisation les 28 et 29 mai 2026, organis\u00e9 par ENS Lyon-Universit\u00e9 Lyon 2, ICAR et Universit\u00e9 de la R\u00e9union, laboratoire ICARE.<\/p>\n<p><strong>Vers une (re?)d\u00e9finition de l\u2019\u201calphab\u00e9tisation\u201d\u00a0: enjeux \u00e9pist\u00e9mologiques, didactiques, soci\u00e9taux<\/strong><\/p>\n<p><img loading=\"lazy\" decoding=\"async\" class=\"alignnone size-medium wp-image-371\" src=\"https:\/\/icar.cnrs.fr\/membre\/vriviere\/wp-content\/uploads\/sites\/72\/2026\/02\/alphabetisation_vf_ss_grandlyon-212x300.jpg\" alt=\"\" width=\"212\" height=\"300\" srcset=\"https:\/\/icar.cnrs.fr\/membre\/vriviere\/wp-content\/uploads\/sites\/72\/2026\/02\/alphabetisation_vf_ss_grandlyon-212x300.jpg 212w, https:\/\/icar.cnrs.fr\/membre\/vriviere\/wp-content\/uploads\/sites\/72\/2026\/02\/alphabetisation_vf_ss_grandlyon-724x1024.jpg 724w, https:\/\/icar.cnrs.fr\/membre\/vriviere\/wp-content\/uploads\/sites\/72\/2026\/02\/alphabetisation_vf_ss_grandlyon-768x1086.jpg 768w, https:\/\/icar.cnrs.fr\/membre\/vriviere\/wp-content\/uploads\/sites\/72\/2026\/02\/alphabetisation_vf_ss_grandlyon-1086x1536.jpg 1086w, https:\/\/icar.cnrs.fr\/membre\/vriviere\/wp-content\/uploads\/sites\/72\/2026\/02\/alphabetisation_vf_ss_grandlyon-1448x2048.jpg 1448w, https:\/\/icar.cnrs.fr\/membre\/vriviere\/wp-content\/uploads\/sites\/72\/2026\/02\/alphabetisation_vf_ss_grandlyon-scaled.jpg 1811w\" sizes=\"auto, (max-width: 212px) 100vw, 212px\" \/><\/p>\n<p>Plus d&rsquo;informations ici :\u00a0<a href=\"https:\/\/colloquealpha.sciencesconf.org\/\">https:\/\/colloquealpha.sciencesconf.org\/<\/a><\/p>\n<p>&nbsp;<\/p>\n<h1><span style=\"color: #ff6600\" data-darkreader-inline-color=\"\"><strong>&#8212;Actualit\u00e9s&#8212;<\/strong><\/span><\/h1>\n<h1><span style=\"color: #3366ff\">25 mars 2026, 18h-20h, Pr\u00e9sentation des travaux de l&rsquo;\u00e9quipe MILAFI<\/span><\/h1>\n<h1>Caf\u00e9 OBT, Maison de l&rsquo;Hospitalit\u00e9, 236 Cours Lafayette, Lyon 3<\/h1>\n<p><img loading=\"lazy\" decoding=\"async\" class=\"alignnone wp-image-373\" src=\"https:\/\/icar.cnrs.fr\/membre\/vriviere\/wp-content\/uploads\/sites\/72\/2026\/02\/Capture-decran-2026-02-21-120308-300x69.png\" alt=\"\" width=\"663\" height=\"166\" \/><\/p>\n<p>&nbsp;<\/p>\n<h1><span style=\"color: #3366ff\" data-darkreader-inline-color=\"\"><strong>Mars 2025 : Publication<\/strong> <\/span><\/h1>\n<p>Rivi\u00e8re V. &amp; Gandon E., 2025, Pour une \u00e9cologie temporelle de la confiance en alphab\u00e9tisation des adultes, revue<em> Langues Modernes<\/em> n\u00b01\/2025, APLV, p. 41-52.<\/p>\n<p><a href=\"https:\/\/www.aplv-languesmodernes.org\/\">https:\/\/www.aplv-languesmodernes.org\/<\/a><\/p>\n<p>&nbsp;<\/p>\n<h1><span style=\"color: #3366ff\">Mars 2025, Projet VALOREFA<\/span><\/h1>\n<p>Sortie du recueil \u00ab\u00a0Vivre l&rsquo;exil, vivre \u00e0 Lyon. Fragments d&rsquo;exp\u00e9riences urbaines sans l&rsquo;\u00e9crit\u00a0\u00bb r\u00e9alis\u00e9 par l&rsquo;\u00e9quipe MILAFI et <a href=\"https:\/\/giuliapex.com\/\">Giulia Pex<\/a>, illustratrice.<\/p>\n<p><img loading=\"lazy\" decoding=\"async\" class=\"alignright size-full wp-image-360\" src=\"https:\/\/icar.cnrs.fr\/membre\/vriviere\/wp-content\/uploads\/sites\/72\/2025\/07\/Vivre_l_exil.jpg\" alt=\"\" width=\"212\" height=\"300\" \/>Ce recueil rassemble des t\u00e9moignages de personnes interrog\u00e9es dans le cadre du projet de recherche <a href=\"https:\/\/aslan.universite-lyon.fr\/projet-ecaest-2--250473.kjsp?RH=1525438355903\">ECAEST<\/a>. A travers des entretiens men\u00e9s entre 2021 et 2023 avec des personnes en situation d&rsquo;alphab\u00e9tisation, le projet vise \u00e0 mieux comprendre les repr\u00e9sentations et les pratiques de ces personnes dans leurs d\u00e9placements dans la ville de Lyon. Ces entretiens trouvent ici une forme de valorisation dans le cadre du projet <a href=\"https:\/\/aslan.universite-lyon.fr\/projet-valorefa-362060.kjsp?RH=1525438355903\">VALOREFA.<\/a> Sur la base de ces entretiens, le recueil met ainsi en fiction graphique l&rsquo;exp\u00e9rience v\u00e9cue par 4 personnes venues d&rsquo;Afrique sub-saharienne ou du Moyen-Orient. Lors de leur arriv\u00e9e \u00e0 Lyon, puis dans leur vie quotidienne lyonnaise, une fois install\u00e9es, vers qui aller ? comment lire la ville, circuler dans les transports, honorer un rendez-vous, quand on ne sait ni lire ni \u00e9crire ? Quelles \u00e9motions cela suscite ? Ce sont ces fragments d&rsquo;exp\u00e9rience du temps et de l&rsquo;espace urbain que le lecteur pourra mieux comprendre en parcourant le recueil.<\/p>\n<p>&nbsp;<\/p>\n<div class=\"cadregris\">\n<h2>Adresse et contacts<\/h2>\n<hr \/>\n<p>Laboratoire <a href=\"http:\/\/icar.univ-lyon2.fr\/\">ICAR<\/a><a href=\"http:\/\/icar.univ-lyon2.fr\/\">\u00a0UMR 5191<\/a>\u00a0(Interactions, Corpus, Apprentissage, Repr\u00e9sentations)<\/p>\n<p style=\"text-align: left\">\u00c9cole Normale Sup\u00e9rieure de Lyon &#8211; Bureau D4-199E<br \/>\n15 parvis Ren\u00e9 Descartes &#8211; BP 7000<br \/>\n69342 LYON Cedex 07<br \/>\nFrance<\/p>\n<p>Email\u00a0: <a href=\"mailto:Veronique.Riviere@univ-lyon2.fr\"><span lang=\"de\" xml:lang=\"de\">Veronique.Riviere@univ-lyon2.fr<\/span><\/a><br \/>\nTel. : 33 (0)4 37 37 62 99<\/p>\n<\/div>\n","protected":false},"excerpt":{"rendered":"<p>Professeure \u00e0 l&rsquo;Universit\u00e9 Lumi\u00e8re Lyon 2 Docteure en Didactologie des langues et des cultures, qualifi\u00e9e en 7\u00e8me section CNU, Sciences du langage Membre associ\u00e9e du laboratoire DILTEC (EA2288), Universit\u00e9 Sorbonne-Nouvelle, Paris &nbsp; Pr\u00e9sidente b\u00e9n\u00e9vole de l&rsquo;association Langues Comme Une, favorisant &hellip; <a href=\"https:\/\/icar.cnrs.fr\/membre\/vriviere\/\">Continuer la lecture <span class=\"meta-nav\">&rarr;<\/span><\/a><\/p>\n","protected":false},"author":1,"featured_media":0,"parent":0,"menu_order":0,"comment_status":"closed","ping_status":"closed","template":"","meta":{"footnotes":""},"class_list":["post-4","page","type-page","status-publish","hentry"],"_links":{"self":[{"href":"https:\/\/icar.cnrs.fr\/membre\/vriviere\/wp-json\/wp\/v2\/pages\/4","targetHints":{"allow":["GET"]}}],"collection":[{"href":"https:\/\/icar.cnrs.fr\/membre\/vriviere\/wp-json\/wp\/v2\/pages"}],"about":[{"href":"https:\/\/icar.cnrs.fr\/membre\/vriviere\/wp-json\/wp\/v2\/types\/page"}],"author":[{"embeddable":true,"href":"https:\/\/icar.cnrs.fr\/membre\/vriviere\/wp-json\/wp\/v2\/users\/1"}],"replies":[{"embeddable":true,"href":"https:\/\/icar.cnrs.fr\/membre\/vriviere\/wp-json\/wp\/v2\/comments?post=4"}],"version-history":[{"count":122,"href":"https:\/\/icar.cnrs.fr\/membre\/vriviere\/wp-json\/wp\/v2\/pages\/4\/revisions"}],"predecessor-version":[{"id":378,"href":"https:\/\/icar.cnrs.fr\/membre\/vriviere\/wp-json\/wp\/v2\/pages\/4\/revisions\/378"}],"wp:attachment":[{"href":"https:\/\/icar.cnrs.fr\/membre\/vriviere\/wp-json\/wp\/v2\/media?parent=4"}],"curies":[{"name":"wp","href":"https:\/\/api.w.org\/{rel}","templated":true}]}}