{"id":39,"date":"2016-11-09T15:36:16","date_gmt":"2016-11-09T14:36:16","guid":{"rendered":"https:\/\/icar.cnrs.fr\/membre\/vtraverso\/?page_id=39"},"modified":"2018-10-25T16:49:12","modified_gmt":"2018-10-25T14:49:12","slug":"axes-de-recherche","status":"publish","type":"page","link":"https:\/\/icar.cnrs.fr\/membre\/vtraverso\/axes-de-recherche\/","title":{"rendered":"Axes de recherche"},"content":{"rendered":"<h2>Principaux axes de recherche<\/h2>\n<p>\u2013 Interactions plurilingues, interactions en arabe, interculturel<\/p>\n<p>\u2013 situations plurilingues dans le domaine de la sant\u00e9<\/p>\n<p>\u2013\u00a0formes linguistiques, proc\u00e9d\u00e9s de co-construction du sens, pratiques langagi\u00e8res et discursives en interaction, multimodalit\u00e9<\/p>\n<p>\u2013 Corpus de langue parl\u00e9e en interaction\u00a0: terrain, collecte et transcription des donn\u00e9es, constitution des corpus, base de donn\u00e9es de corpus<\/p>\n<p>&nbsp;<\/p>\n","protected":false},"excerpt":{"rendered":"<p>Principaux axes de recherche \u2013 Interactions plurilingues, interactions en arabe, interculturel \u2013 situations plurilingues dans le domaine de la sant\u00e9 \u2013\u00a0formes linguistiques, proc\u00e9d\u00e9s de co-construction du sens, pratiques langagi\u00e8res et discursives en interaction, multimodalit\u00e9 \u2013 Corpus de langue parl\u00e9e en &hellip; <a href=\"https:\/\/icar.cnrs.fr\/membre\/vtraverso\/axes-de-recherche\/\">Continuer la lecture <span class=\"meta-nav\">&rarr;<\/span><\/a><\/p>\n","protected":false},"author":1,"featured_media":0,"parent":0,"menu_order":2,"comment_status":"closed","ping_status":"closed","template":"","meta":{"footnotes":""},"class_list":["post-39","page","type-page","status-publish","hentry"],"_links":{"self":[{"href":"https:\/\/icar.cnrs.fr\/membre\/vtraverso\/wp-json\/wp\/v2\/pages\/39","targetHints":{"allow":["GET"]}}],"collection":[{"href":"https:\/\/icar.cnrs.fr\/membre\/vtraverso\/wp-json\/wp\/v2\/pages"}],"about":[{"href":"https:\/\/icar.cnrs.fr\/membre\/vtraverso\/wp-json\/wp\/v2\/types\/page"}],"author":[{"embeddable":true,"href":"https:\/\/icar.cnrs.fr\/membre\/vtraverso\/wp-json\/wp\/v2\/users\/1"}],"replies":[{"embeddable":true,"href":"https:\/\/icar.cnrs.fr\/membre\/vtraverso\/wp-json\/wp\/v2\/comments?post=39"}],"version-history":[{"count":23,"href":"https:\/\/icar.cnrs.fr\/membre\/vtraverso\/wp-json\/wp\/v2\/pages\/39\/revisions"}],"predecessor-version":[{"id":185,"href":"https:\/\/icar.cnrs.fr\/membre\/vtraverso\/wp-json\/wp\/v2\/pages\/39\/revisions\/185"}],"wp:attachment":[{"href":"https:\/\/icar.cnrs.fr\/membre\/vtraverso\/wp-json\/wp\/v2\/media?parent=39"}],"curies":[{"name":"wp","href":"https:\/\/api.w.org\/{rel}","templated":true}]}}