{"id":151,"date":"2017-01-02T10:57:52","date_gmt":"2017-01-02T09:57:52","guid":{"rendered":"https:\/\/icar.cnrs.fr\/membre\/?page_id=151"},"modified":"2019-03-13T16:10:08","modified_gmt":"2019-03-13T15:10:08","slug":"accueil","status":"publish","type":"page","link":"https:\/\/icar.cnrs.fr\/membre\/","title":{"rendered":"Accueil"},"content":{"rendered":"<h3 style=\"text-align: center;\">Site des pages personnelles des membres du laboratoire <a href=\"http:\/\/icar.univ-lyon2.fr\">ICAR<\/a>.<\/h3>\n<p>Vous trouverez dans les onglets adjacents, les rubriques d&rsquo;aide concernant l&rsquo;utilisation de ce site.<\/p>\n<p>Pour une pr\u00e9sentation\u00a0rapide des principales fonctionnalit\u00e9s de la plateforme, consulter la rubrique \u00ab\u00a0<a href=\"https:\/\/icar.cnrs.fr\/membre\/infos-essentielles\/\">Introduction \u00e0 l&rsquo;\u00e9dition<\/a>\u00a0\u00bb<\/p>\n<p>Pour une pr\u00e9sentation plus exhaustive abordant des fonctionnalit\u00e9s avanc\u00e9es, cliquez sur \u00ab\u00a0<a href=\"https:\/\/icar.cnrs.fr\/membre\/procedure_detaillee\/\">Pr\u00e9sentation d\u00e9taill\u00e9e<\/a>\u00a0\u00bb<\/p>\n<p><span class=\"Apple-style-span\">Pour des informations compl\u00e9mentaires, veuillez consulter le\u00a0<\/span><span class=\"Apple-style-span\">site <a href=\"http:\/\/icar.univ-lyon2.fr\">ICAR<\/a> ou contacter le webmestre de l&rsquo;unit\u00e9.<\/span><\/p>\n<p>&nbsp;<\/p>\n","protected":false},"excerpt":{"rendered":"<p>Site des pages personnelles des membres du laboratoire ICAR. Vous trouverez dans les onglets adjacents, les rubriques d&rsquo;aide concernant l&rsquo;utilisation de ce site. Pour une pr\u00e9sentation\u00a0rapide des principales fonctionnalit\u00e9s de la plateforme, consulter la rubrique \u00ab\u00a0Introduction \u00e0 l&rsquo;\u00e9dition\u00a0\u00bb Pour une &hellip; <a href=\"https:\/\/icar.cnrs.fr\/membre\/\">Continuer la lecture <span class=\"meta-nav\">&rarr;<\/span><\/a><\/p>\n","protected":false},"author":1,"featured_media":0,"parent":0,"menu_order":0,"comment_status":"closed","ping_status":"closed","template":"","meta":{"footnotes":""},"class_list":["post-151","page","type-page","status-publish","hentry"],"_links":{"self":[{"href":"https:\/\/icar.cnrs.fr\/membre\/wp-json\/wp\/v2\/pages\/151","targetHints":{"allow":["GET"]}}],"collection":[{"href":"https:\/\/icar.cnrs.fr\/membre\/wp-json\/wp\/v2\/pages"}],"about":[{"href":"https:\/\/icar.cnrs.fr\/membre\/wp-json\/wp\/v2\/types\/page"}],"author":[{"embeddable":true,"href":"https:\/\/icar.cnrs.fr\/membre\/wp-json\/wp\/v2\/users\/1"}],"replies":[{"embeddable":true,"href":"https:\/\/icar.cnrs.fr\/membre\/wp-json\/wp\/v2\/comments?post=151"}],"version-history":[{"count":8,"href":"https:\/\/icar.cnrs.fr\/membre\/wp-json\/wp\/v2\/pages\/151\/revisions"}],"predecessor-version":[{"id":222,"href":"https:\/\/icar.cnrs.fr\/membre\/wp-json\/wp\/v2\/pages\/151\/revisions\/222"}],"wp:attachment":[{"href":"https:\/\/icar.cnrs.fr\/membre\/wp-json\/wp\/v2\/media?parent=151"}],"curies":[{"name":"wp","href":"https:\/\/api.w.org\/{rel}","templated":true}]}}