{"id":45,"date":"2016-12-09T12:31:47","date_gmt":"2016-12-09T11:31:47","guid":{"rendered":"https:\/\/icar.cnrs.fr\/membre\/?page_id=45"},"modified":"2023-04-02T23:03:48","modified_gmt":"2023-04-02T21:03:48","slug":"infos-essentielles","status":"publish","type":"page","link":"https:\/\/icar.cnrs.fr\/membre\/infos-essentielles\/","title":{"rendered":"Introduction \u00e0 l&rsquo;\u00e9dition"},"content":{"rendered":"<p>Cette rubrique est destin\u00e9e \u00e0 vous fournir des\u00a0informations permettant\u00a0de modifier rapidement votre site. Une pr\u00e9sentation plus d\u00e9taill\u00e9e est disponible sur cette page \u00ab\u00a0<a href=\"https:\/\/icar.cnrs.fr\/membre\/procedure_detaillee\/\">Informations d\u00e9taill\u00e9es<\/a>\u00ab\u00a0.<\/p>\n<div class=\"cadregris\">\n<p style=\"text-align: left;\"><strong>Synopsis<\/strong> : La modification de votre site passe par les \u00e9tapes suivantes :<\/p>\n<ul>\n<li style=\"text-align: left;\">la connexion au site ;<\/li>\n<li style=\"text-align: left;\">l&rsquo;acc\u00e8s aux pages \u00e0 modifier ;<\/li>\n<li style=\"text-align: left;\">la modification, la visualisation et l&rsquo;enregistrement des modifications ;<\/li>\n<li style=\"text-align: left;\">la d\u00e9connexion du site.<\/li>\n<\/ul>\n<\/div>\n<h3 style=\"text-align: left;\"><strong>Proc\u00e9dure de connexion en vue de modification du contenu<\/strong>\u00a0\u00a0:<\/h3>\n<p>Saisir l&rsquo;adresse de votre site : \u00a0<em>https:\/\/icar.cnrs.fr\/membre\/votreidentifiant\u00a0<\/em><br \/>\nCette adresse est \u00e9galement disponible\u00a0dans l&rsquo;<a href=\"http:\/\/icar.cnrs.fr\/annuaire\/\">annuaire du laboratoire<\/a>.<\/p>\n<p>En bas de la page, un bouton \u00ab\u00a0Editer\u00a0\u00bb vous permet\u00a0de vous identifier.<\/p>\n<p><img loading=\"lazy\" decoding=\"async\" class=\"alignright size-full wp-image-177\" src=\"https:\/\/icar.cnrs.fr\/membre\/wp-content\/uploads\/2016\/12\/bouton-editer.png\" alt=\"\" width=\"833\" height=\"330\" srcset=\"https:\/\/icar.cnrs.fr\/membre\/wp-content\/uploads\/2016\/12\/bouton-editer.png 833w, https:\/\/icar.cnrs.fr\/membre\/wp-content\/uploads\/2016\/12\/bouton-editer-300x119.png 300w, https:\/\/icar.cnrs.fr\/membre\/wp-content\/uploads\/2016\/12\/bouton-editer-768x304.png 768w, https:\/\/icar.cnrs.fr\/membre\/wp-content\/uploads\/2016\/12\/bouton-editer-500x198.png 500w\" sizes=\"auto, (max-width: 833px) 100vw, 833px\" \/><\/p>\n<p>La fen\u00eatre d&rsquo;authentification :<\/p>\n<div><img loading=\"lazy\" decoding=\"async\" class=\"aligncenter wp-image-63 size-full\" src=\"https:\/\/icar.cnrs.fr\/membre\/wp-content\/uploads\/2016\/12\/Capture-d\u2019\u00e9cran-2016-12-09-\u00e0-13.10.06.png\" width=\"538\" height=\"441\" srcset=\"https:\/\/icar.cnrs.fr\/membre\/wp-content\/uploads\/2016\/12\/Capture-d\u2019\u00e9cran-2016-12-09-\u00e0-13.10.06.png 538w, https:\/\/icar.cnrs.fr\/membre\/wp-content\/uploads\/2016\/12\/Capture-d\u2019\u00e9cran-2016-12-09-\u00e0-13.10.06-300x246.png 300w\" sizes=\"auto, (max-width: 538px) 100vw, 538px\" \/><\/div>\n<p>Veuillez saisir votre\u00a0adresse mail et\u00a0votre mot de passe (informations communiqu\u00e9es par mail lors de la construction de votre page).<\/p>\n<div class=\"cadregris\" style=\"margin: 20px auto 10px auto; width: 500px;\">\n<p style=\"text-align: center;\"><strong>J&rsquo;ai perdu mon mot de passe, que faire ?<\/strong><\/p>\n<p>Si <strong>vous avez \u00e9gar\u00e9 votre mot de passe<\/strong>, cliquez sur le lien \u00ab\u00a0Mot de passe oubli\u00e9\u00a0\u00bb situ\u00e9 en bas de l&rsquo;\u00e9cran et saisissez votre adresse email (celle qui vous a \u00e9t\u00e9 communiqu\u00e9e lors de la cr\u00e9ation de la page). Suivez ensuite la proc\u00e9dure indiqu\u00e9e. En cas de difficult\u00e9, contacter le Webmaster du laboratoire <a href=\"http:\/\/icar.univ-lyon2.fr\">ICAR<\/a>.<\/p>\n<\/div>\n<h3><strong>Modification du contenu d&rsquo;une page<\/strong><\/h3>\n<p>Une fois authentifi\u00e9, une nouvelle fen\u00eatre apparait (l&rsquo;\u00e9diteur). L&rsquo;\u00e9diteur fonctionne comme un traitement de texte en affichant le contenu de la page et vous autorisant sa modification. Une\u00a0barre d&rsquo;ic\u00f4nes (entour\u00e9e de bleu dans la capture d&rsquo;\u00e9cran ci-dessous) permet\u00a0de mettre\u00a0en forme le texte.<br \/>\nPour <strong>annuler une action<\/strong>, utilisez le bouton \u00ab\u00a0Annuler\u00a0\u00bb \u00a0<img loading=\"lazy\" decoding=\"async\" class=\"alignnone wp-image-178\" src=\"https:\/\/icar.cnrs.fr\/membre\/wp-content\/uploads\/2016\/12\/bouton-annuler.png\" alt=\"bouton annuler\" width=\"18\" height=\"29\" \/>ou appuyer sur les touches \u00ab\u00a0CMD\u00a0\u00bb +\u00a0\u00bbZ\u00a0\u00bb (sur Mac) ou \u00ab\u00a0CTRL\u00a0\u00bb + \u00ab\u00a0Z\u00a0\u00bb sur Windows.<br \/>\nPour obtenir un aper\u00e7u de vos modifications sans pour autant enregistrer la page, cliquez sur le bouton \u00ab\u00a0Pr\u00e9visualiser les modifications\u00a0\u00bb.<br \/>\nSi vous souhaitez enregistrer vos modifications, cliquez sur le bouton bleu \u00ab\u00a0<strong>Mettre \u00e0 jour<\/strong>\u00a0\u00bb (bouton bleu dans la capture d&rsquo;\u00e9cran ci-dessous)<\/p>\n<div style=\"text-align: center;\"><i><\/i><img loading=\"lazy\" decoding=\"async\" class=\"alignnone wp-image-70 size-full\" src=\"https:\/\/icar.cnrs.fr\/membre\/wp-content\/uploads\/2016\/12\/Capture-d\u2019\u00e9cran-2016-12-09-\u00e0-15.14.40-1.png\" width=\"943\" height=\"594\" srcset=\"https:\/\/icar.cnrs.fr\/membre\/wp-content\/uploads\/2016\/12\/Capture-d\u2019\u00e9cran-2016-12-09-\u00e0-15.14.40-1.png 943w, https:\/\/icar.cnrs.fr\/membre\/wp-content\/uploads\/2016\/12\/Capture-d\u2019\u00e9cran-2016-12-09-\u00e0-15.14.40-1-300x189.png 300w, https:\/\/icar.cnrs.fr\/membre\/wp-content\/uploads\/2016\/12\/Capture-d\u2019\u00e9cran-2016-12-09-\u00e0-15.14.40-1-768x484.png 768w, https:\/\/icar.cnrs.fr\/membre\/wp-content\/uploads\/2016\/12\/Capture-d\u2019\u00e9cran-2016-12-09-\u00e0-15.14.40-1-624x393.png 624w\" sizes=\"auto, (max-width: 943px) 100vw, 943px\" \/><\/div>\n<p style=\"text-align: left;\"><em>Remarque : Dans la barre de mise en forme, le bouton entour\u00e9 de rouge\u00a0donne acc\u00e8s \u00e0 des fonctions de mise en forme suppl\u00e9mentaires.<\/em><\/p>\n<p>Informations\u00a0concernant <strong>l&rsquo;\u00e9diteur et la\u00a0mise en forme du texte<\/strong> :<\/p>\n<ul>\n<li>Plusieurs\u00a0styles sont disponibles. Ils concernent essentiellement la pr\u00e9sentation des titres. Dans la mesure du possible et afin de ne pas alourdir la mise en forme, nous vous conseillons de vous limiter\u00a0aux styles intitul\u00e9s \u00ab\u00a0Titre 2\u00a0\u00bb, \u00ab\u00a03\u00a0\u00bb et \u00ab\u00a04\u00a0\u00bb et d&rsquo;\u00e9viter le cumul d&rsquo;options de pr\u00e9sentation.<\/li>\n<li>Le gras et l&rsquo;italique suffisent\u00a0souvent \u00e0 mettre un texte en exergue. N&rsquo;h\u00e9sitez pas \u00e0 les utiliser en priorit\u00e9.<\/li>\n<li>Diff\u00e9rents types de pr\u00e9sentations \u00ab\u00a0automatiques\u00a0\u00bb sont disponibles. Liste \u00e0 puces, listes num\u00e9rot\u00e9es, texte en retrait&#8230; Lorsque vous d\u00e9butez une ligne par un tiret suivi d&rsquo;un espace, WordPress effectue une mise en forme automatique que vous pouvez annuler en appuyant sur les touches \u00ab\u00a0CMD\u00a0\u00bb ou \u00ab\u00a0CTRL\u00a0\u00bb + \u00ab\u00a0Z\u00a0\u00bb<\/li>\n<li>Si vous souhaitez <strong>passer \u00e0 la ligne<\/strong> sans changer de\u00a0paragraphe\u00a0et ainsi conserver la mise en forme\u00a0appliqu\u00e9e au paragraphe courant,\u00a0utilisez les touches \u00ab\u00a0Maj\u00a0\u00bb + \u00ab\u00a0touche Retour\u00a0\u00bb<\/li>\n<li>Un certain nombre de<strong> raccourcis clavier<\/strong>\u00a0sont disponibles. Pour les connaitre, cliquez sur le bouton en forme de point d&rsquo;int\u00e9rrogation.<\/li>\n<li>Remarque : l&rsquo;affichage dans l&rsquo;\u00e9diteur et son aspect final dans\u00a0le navigateur peuvent varier sensiblement. Pour contr\u00f4ler l&rsquo;aspect de votre page, cliquez le bouton \u00ab\u00a0<strong>Mettre \u00e0 jour<\/strong>\u00a0\u00bb puis sur le bouton du haut \u00ab\u00a0<strong>Voir la page<\/strong>\u00ab\u00a0.<\/li>\n<\/ul>\n<div><img loading=\"lazy\" decoding=\"async\" class=\"wp-image-85 size-full aligncenter\" src=\"https:\/\/icar.cnrs.fr\/membre\/wp-content\/uploads\/2016\/12\/Capture-d\u2019\u00e9cran-2016-12-12-\u00e0-14.21.01-1.png\" width=\"467\" height=\"30\" srcset=\"https:\/\/icar.cnrs.fr\/membre\/wp-content\/uploads\/2016\/12\/Capture-d\u2019\u00e9cran-2016-12-12-\u00e0-14.21.01-1.png 467w, https:\/\/icar.cnrs.fr\/membre\/wp-content\/uploads\/2016\/12\/Capture-d\u2019\u00e9cran-2016-12-12-\u00e0-14.21.01-1-300x19.png 300w\" sizes=\"auto, (max-width: 467px) 100vw, 467px\" \/><\/div>\n<p><strong>Copier\/coller<\/strong><\/p>\n<p>Comme dans\u00a0la plupart des logiciels, les copier\/coller sont possibles\u00a0dans WordPress. En plus du contenu, le logiciel tente de respecter la pr\u00e9sentation initiale du texte, ce qui inclut les images.<br \/>\nIl est possible de\u00a0\u00bbcoller\u00a0\u00bb du texte sans la mise en forme en cliquant sur le bouton \u00ab\u00a0Coller en texte\u00a0\u00bb\u00a0<span class=\"Apple-style-span\" style=\"font-family: 'Helvetica Neue', Helvetica, Arial, 'Nimbus Sans L', sans-serif;\"><img loading=\"lazy\" decoding=\"async\" class=\" wp-image-90 alignnone\" src=\"https:\/\/icar.cnrs.fr\/membre\/wp-content\/uploads\/2016\/12\/Capture-d\u2019\u00e9cran-2016-12-12-\u00e0-14.47.58.png\" alt=\"\" width=\"24\" height=\"22\" \/>\u00a0situ\u00e9\u00a0<span class=\"Apple-style-span\" style=\"font-family: 'Helvetica Neue', Helvetica, Arial, sans-serif;\">sur la barre d&rsquo;\u00eecones. \u00a0Pour d\u00e9sactiver cette fonction, il suffit de cliquer de nouveau dessus.<\/span><\/span><\/p>\n<p><strong>Ajouter un m\u00e9dia (image, son, vid\u00e9o, PDF)\u00a0sur votre page.\u00a0<\/strong><\/p>\n<p>WordPress permet d&rsquo;ajouter des images, des vid\u00e9os ou des extraits audio\u00a0sur vos pages. On peut \u00e9galement ajouter un lien vers un fichier PDF ou RTF pr\u00e9alablement d\u00e9pos\u00e9 sur le site. Pour ce faire, il vous suffit de placer le curseur \u00e0 l&rsquo;endroit ou vous souhaitez\u00a0voir appara\u00eetre l&rsquo;image puis\u00a0cliquer sur le bouton en haut \u00e0 droite intitul\u00e9 \u00ab\u00a0Ajouter un m\u00e9dia\u00a0\u00bb.<img loading=\"lazy\" decoding=\"async\" class=\"size-full wp-image-111 alignnone\" src=\"https:\/\/icar.cnrs.fr\/membre\/wp-content\/uploads\/2016\/12\/Capture-d\u2019\u00e9cran-2016-12-13-\u00e0-14.35.52.png\" alt=\"\" width=\"736\" height=\"112\" srcset=\"https:\/\/icar.cnrs.fr\/membre\/wp-content\/uploads\/2016\/12\/Capture-d\u2019\u00e9cran-2016-12-13-\u00e0-14.35.52.png 736w, https:\/\/icar.cnrs.fr\/membre\/wp-content\/uploads\/2016\/12\/Capture-d\u2019\u00e9cran-2016-12-13-\u00e0-14.35.52-300x46.png 300w, https:\/\/icar.cnrs.fr\/membre\/wp-content\/uploads\/2016\/12\/Capture-d\u2019\u00e9cran-2016-12-13-\u00e0-14.35.52-500x76.png 500w\" sizes=\"auto, (max-width: 736px) 100vw, 736px\" \/><\/p>\n<p style=\"text-align: left;\">Une fen\u00eatre intitul\u00e9e \u00ab\u00a0m\u00e9diath\u00e8que\u00a0\u00bb s&rsquo;affiche\u00a0vous permerttant de s\u00e9lectionner l&rsquo;image \u00e0 afficher. Si celle-ci n&rsquo;est pas pr\u00e9sente dans cette fen\u00eatre, cliquez sur l&rsquo;onglet \u00ab\u00a0Envoyer des fichiers\u00a0\u00bb et suivez les instructions.<br \/>\nL&rsquo;image ins\u00e9r\u00e9e apparait au niveau du curseur.<\/p>\n<p><img loading=\"lazy\" decoding=\"async\" class=\"size-full wp-image-112 alignright\" style=\"color: inherit; font: normal normal normal 15px\/normal 'Helvetica Neue', Helvetica, Arial, sans-serif; font-style: inherit; font-weight: inherit; line-height: 1.625; height: auto; max-width: 97.5%; float: right; display: inline; width: auto; outline-width: 1px; outline-style: solid; outline-color: #72777c; resize: none; padding: 6px; margin: 0.5em 0px 1.625em 1.625em; border: 1px solid #dddddd;\" src=\"https:\/\/icar.cnrs.fr\/membre\/wp-content\/uploads\/2016\/12\/Capture-d\u2019\u00e9cran-2016-12-13-\u00e0-14.39.50.png\" alt=\"\" width=\"196\" height=\"42\" \/><\/p>\n<p style=\"text-align: left;\">\u00a0Lorsqu&rsquo;on clique dessus, une barre d&rsquo;outil apparait\u00a0permettant de modifier son alignement horizontal\u00a0ainsi que\u00a0d&rsquo;autres param\u00e8tres (bouton en forme de crayon).\u00a0Elle permet \u00e9galement de supprimer l&rsquo;image de la page tout en la conservant dans la m\u00e9diath\u00e8que. Depuis la m\u00e9diath\u00e8que, d&rsquo;autres op\u00e9rations sont possibles (redimensionnement, rotation, suppression&#8230;)<\/p>\n<p style=\"text-align: left;\">Remarque : la taille des m\u00e9dias est limit\u00e9 \u00e0 20 Mo par m\u00e9dia et 100 Mo pour l&rsquo;ensemble des m\u00e9dias.<\/p>\n<p style=\"text-align: left;\"><strong>D\u00e9poser un fichier PDF sur votre page<\/strong><\/p>\n<p style=\"text-align: left;\">La proc\u00e9dure pour ins\u00e9rer un fichier de type PDF, RTF&#8230; est similaire \u00e0 celle employ\u00e9e pour\u00a0l&rsquo;insertion d&rsquo;une image et met \u00e0 contribution la m\u00e9diath\u00e8que (bouton \u00ab\u00a0Ins\u00e9rer un m\u00e9dia\u00a0\u00bb). Seulement au lieu d&rsquo;obtenir\u00a0une repr\u00e9sentation graphique du fichier sur la page, un lien sera ins\u00e9r\u00e9 avec le\u00a0nom du fichier (voir ex. ci-dessous)<\/p>\n<p style=\"text-align: center;\"><a href=\"https:\/\/icar.cnrs.fr\/membre\/infos-essentielles\/capture-decran-2016-12-13-a-15-03-04\/\" rel=\"attachment wp-att-116\"><img loading=\"lazy\" decoding=\"async\" class=\"size-full wp-image-116 aligncenter\" src=\"https:\/\/icar.cnrs.fr\/membre\/wp-content\/uploads\/2016\/12\/Capture-d\u2019\u00e9cran-2016-12-13-\u00e0-15.03.04.png\" alt=\"\" width=\"357\" height=\"36\" srcset=\"https:\/\/icar.cnrs.fr\/membre\/wp-content\/uploads\/2016\/12\/Capture-d\u2019\u00e9cran-2016-12-13-\u00e0-15.03.04.png 357w, https:\/\/icar.cnrs.fr\/membre\/wp-content\/uploads\/2016\/12\/Capture-d\u2019\u00e9cran-2016-12-13-\u00e0-15.03.04-300x30.png 300w\" sizes=\"auto, (max-width: 357px) 100vw, 357px\" \/><\/a><\/p>\n<h3><strong>Enregistrement des modifications ; \u00e9tat de la publication<\/strong><\/h3>\n<p><img loading=\"lazy\" decoding=\"async\" class=\"size-full wp-image-91 alignright\" src=\"https:\/\/icar.cnrs.fr\/membre\/wp-content\/uploads\/2016\/12\/Capture-d\u2019\u00e9cran-2016-12-12-\u00e0-15.02.19.png\" alt=\"\" width=\"287\" height=\"388\" srcset=\"https:\/\/icar.cnrs.fr\/membre\/wp-content\/uploads\/2016\/12\/Capture-d\u2019\u00e9cran-2016-12-12-\u00e0-15.02.19.png 287w, https:\/\/icar.cnrs.fr\/membre\/wp-content\/uploads\/2016\/12\/Capture-d\u2019\u00e9cran-2016-12-12-\u00e0-15.02.19-222x300.png 222w\" sizes=\"auto, (max-width: 287px) 100vw, 287px\" \/><\/p>\n<p>Sur la partie droite de l&rsquo;\u00e9diteur, vous trouverez un \u00ab\u00a0onglet\u00a0\u00bb\u00a0intitul\u00e9 \u00ab\u00a0Publier\u00a0\u00bb\u00a0permettant d&rsquo;enregistrer les modifications en utilisant le bouton \u00ab\u00a0<strong>Mettre \u00e0 jour<\/strong>\u00ab\u00a0)<br \/>\nEn outre, cet onglet permet \u00a0:<br \/>\n&#8211; de d\u00e9finir\u00a0l&rsquo;<strong>\u00e9tat de publication<\/strong>\u00a0de votre page (\u00ab\u00a0Publi\u00e9\u00a0\u00bb, \u00ab\u00a0Brouillon\u00a0\u00bb, \u00ab\u00a0En attente de relecture\u00a0\u00bb).<br \/>\n&#8211; de <strong>maitriser sa port\u00e9e<\/strong> (\u00ab\u00a0Public\u00a0\u00bb, ou \u00ab\u00a0Prot\u00e9g\u00e9e par mot de passe\u00a0\u00bb, \u00ab\u00a0Priv\u00e9\u00a0\u00bb)<br \/>\n&#8211; de<strong> diff\u00e9rer sa diffusion<\/strong> \u00e0 une date ult\u00e9rieure (\u00ab\u00a0Publi\u00e9 le xxx\u00a0\u00bb)<br \/>\n&#8211; de revenir dans l&rsquo;<strong>historique des modifications<\/strong> (sauvegardes automatiques)<br \/>\nSelon les options\u00a0retenues, la page sera visible ou\u00a0pas, public ou non&#8230;<\/p>\n<h3><strong>Aspect des pages publi\u00e9es<\/strong><\/h3>\n<p>On peut v\u00e9rifier\u00a0le r\u00e9sultat des modifications de plusieurs mani\u00e8res. La plus simple consiste \u00e0 cliquer sur le bouton du haut \u00ab\u00a0Voir la page\u00a0\u00bb. Au pr\u00e9alable, il vous faudra enregistrer les modifications en cliquant sur le bouton \u00ab\u00a0Mettre \u00e0 jour\u00a0\u00bb.<\/p>\n<p><img loading=\"lazy\" decoding=\"async\" class=\"wp-image-85 size-full alignnone\" src=\"https:\/\/icar.cnrs.fr\/membre\/wp-content\/uploads\/2016\/12\/Capture-d\u2019\u00e9cran-2016-12-12-\u00e0-14.21.01-1.png\" width=\"467\" height=\"30\" srcset=\"https:\/\/icar.cnrs.fr\/membre\/wp-content\/uploads\/2016\/12\/Capture-d\u2019\u00e9cran-2016-12-12-\u00e0-14.21.01-1.png 467w, https:\/\/icar.cnrs.fr\/membre\/wp-content\/uploads\/2016\/12\/Capture-d\u2019\u00e9cran-2016-12-12-\u00e0-14.21.01-1-300x19.png 300w\" sizes=\"auto, (max-width: 467px) 100vw, 467px\" \/><\/p>\n<p>Si vous sortez du mode \u00ab\u00a0Edition\u00a0\u00bb, pour modifier la page courante, il faudra cliquer sur le bouton \u00ab\u00a0edit\u00a0\u00bb.<br \/>\nSi vous souhaitez voir le r\u00e9sultat sans enregistrer votre page et rester dans le mode \u00ab\u00a0Edition\u00a0\u00bb, vous pouvez cliquer sur le bouton \u00ab\u00a0<strong>Pr\u00e9visualisation les modifications<\/strong>\u00a0\u00bb sur l&rsquo;onglet droit \u00ab\u00a0Publier\u00a0\u00bb. Le r\u00e9sultat sera affich\u00e9 dans une nouvelle fen\u00eatre.<\/p>\n<h3><strong>Changer de page et\u00a0modifier son\u00a0contenu\u00a0<\/strong><\/h3>\n<p>Pour voir ou modifier le contenu d&rsquo;une page diff\u00e9rente existante, cliquez\u00a0sur \u00ab\u00a0Voir la page\u00a0\u00bb (cf rubrique ci-dessus). Un aper\u00e7u de la page courante s&rsquo;affiche ainsi que le menu de navigation du site. Cliquez\u00a0ensuite sur la page que vous souhaitez modifier, puis sur le bouton \u00ab\u00a0Edit\u00a0\u00bb.<\/p>\n<h3><strong>Ajouter une nouvelle page<\/strong><\/h3>\n<p><img loading=\"lazy\" decoding=\"async\" class=\"alignright size-full wp-image-191\" src=\"https:\/\/icar.cnrs.fr\/membre\/wp-content\/uploads\/2016\/12\/ajouter-une-page.png\" alt=\"\" width=\"1003\" height=\"643\" srcset=\"https:\/\/icar.cnrs.fr\/membre\/wp-content\/uploads\/2016\/12\/ajouter-une-page.png 1003w, https:\/\/icar.cnrs.fr\/membre\/wp-content\/uploads\/2016\/12\/ajouter-une-page-300x192.png 300w, https:\/\/icar.cnrs.fr\/membre\/wp-content\/uploads\/2016\/12\/ajouter-une-page-768x492.png 768w, https:\/\/icar.cnrs.fr\/membre\/wp-content\/uploads\/2016\/12\/ajouter-une-page-468x300.png 468w\" sizes=\"auto, (max-width: 1003px) 100vw, 1003px\" \/><\/p>\n<ol>\n<li>cliquez sur la barre lat\u00e9rale gauche dans la rubrique \u00ab\u00a0toutes les pages\u00a0\u00bb puis sur l&rsquo;option \u00ab\u00a0ajouter\u00a0\u00bb<\/li>\n<li>indiquez un titre pour la page. Celui-ci sera repris dans le menu de navigation de votre site<\/li>\n<li>indiquez la position de la page dans le menu de navigation<\/li>\n<li>validez l&rsquo;op\u00e9ration en cliquant sur \u00ab\u00a0Mettre \u00e0 jour\u00a0\u00bb<\/li>\n<\/ol>\n<h4><strong>Gestion des menus<\/strong><\/h4>\n<p>Si la page n&rsquo;apparait pas dans le menu de navigation, cliquez sur le bouton \u00ab\u00a0Apparence\u00a0\u00bb (<span style=\"color: #ff0000;\">1<\/span>) dans la barre lat\u00e9rale gauche, puis sur \u00ab\u00a0Menus\u00a0\u00bb. Cliquez ensuite sur la page \u00e0 ajouter au menu (<span style=\"color: #ff0000;\">2<\/span>) et sur le bouton \u00ab\u00a0ajouter au menu\u00a0\u00bb (<span style=\"color: #ff0000;\">3<\/span>). Pour modifier l&rsquo;ordre des pages dans le menu, effectuez des glisser\/d\u00e9poser avec la souris dans la zone \u00ab\u00a0Structure du menu\u00a0\u00bb (<span style=\"color: #0000ff;\">4<\/span>).\u00a0<img loading=\"lazy\" decoding=\"async\" class=\"alignright size-full wp-image-197\" src=\"https:\/\/icar.cnrs.fr\/membre\/wp-content\/uploads\/2016\/12\/gestion_menus.png\" alt=\"\" width=\"848\" height=\"453\" srcset=\"https:\/\/icar.cnrs.fr\/membre\/wp-content\/uploads\/2016\/12\/gestion_menus.png 848w, https:\/\/icar.cnrs.fr\/membre\/wp-content\/uploads\/2016\/12\/gestion_menus-300x160.png 300w, https:\/\/icar.cnrs.fr\/membre\/wp-content\/uploads\/2016\/12\/gestion_menus-768x410.png 768w, https:\/\/icar.cnrs.fr\/membre\/wp-content\/uploads\/2016\/12\/gestion_menus-500x267.png 500w\" sizes=\"auto, (max-width: 848px) 100vw, 848px\" \/><\/p>\n<h3><strong>Se d\u00e9connecter du mode \u00e9dition.\u00a0<\/strong><\/h3>\n<p>Pour vous d\u00e9connecter de WordPress, cliquez sur le menu en haut \u00e0 gauche intitul\u00e9 \u00ab\u00a0Salutations, xxxx\u00a0\u00bb puis sur l&rsquo;option \u00ab\u00a0Se d\u00e9connecter\u00a0\u00bb. Cette action est indispensable si vous travaillez \u00e0 partir d&rsquo;un ordinateur partag\u00e9.<br \/>\nCe menu vous permettra \u00e9galement de modifier les informations concernant\u00a0 votre profil (coordonn\u00e9es, adresse mail, mot de passe&#8230;)<\/p>\n<p>&nbsp;<\/p>\n<p>&nbsp;<\/p>\n<p>&nbsp;<\/p>\n","protected":false},"excerpt":{"rendered":"<p>Cette rubrique est destin\u00e9e \u00e0 vous fournir des\u00a0informations permettant\u00a0de modifier rapidement votre site. Une pr\u00e9sentation plus d\u00e9taill\u00e9e est disponible sur cette page \u00ab\u00a0Informations d\u00e9taill\u00e9es\u00ab\u00a0. Synopsis : La modification de votre site passe par les \u00e9tapes suivantes : la connexion au &hellip; <a href=\"https:\/\/icar.cnrs.fr\/membre\/infos-essentielles\/\">Continuer la lecture <span class=\"meta-nav\">&rarr;<\/span><\/a><\/p>\n","protected":false},"author":1,"featured_media":0,"parent":0,"menu_order":0,"comment_status":"closed","ping_status":"closed","template":"","meta":{"footnotes":""},"class_list":["post-45","page","type-page","status-publish","hentry"],"_links":{"self":[{"href":"https:\/\/icar.cnrs.fr\/membre\/wp-json\/wp\/v2\/pages\/45","targetHints":{"allow":["GET"]}}],"collection":[{"href":"https:\/\/icar.cnrs.fr\/membre\/wp-json\/wp\/v2\/pages"}],"about":[{"href":"https:\/\/icar.cnrs.fr\/membre\/wp-json\/wp\/v2\/types\/page"}],"author":[{"embeddable":true,"href":"https:\/\/icar.cnrs.fr\/membre\/wp-json\/wp\/v2\/users\/1"}],"replies":[{"embeddable":true,"href":"https:\/\/icar.cnrs.fr\/membre\/wp-json\/wp\/v2\/comments?post=45"}],"version-history":[{"count":93,"href":"https:\/\/icar.cnrs.fr\/membre\/wp-json\/wp\/v2\/pages\/45\/revisions"}],"predecessor-version":[{"id":245,"href":"https:\/\/icar.cnrs.fr\/membre\/wp-json\/wp\/v2\/pages\/45\/revisions\/245"}],"wp:attachment":[{"href":"https:\/\/icar.cnrs.fr\/membre\/wp-json\/wp\/v2\/media?parent=45"}],"curies":[{"name":"wp","href":"https:\/\/api.w.org\/{rel}","templated":true}]}}