{"id":4,"date":"2022-05-25T20:43:52","date_gmt":"2022-05-25T18:43:52","guid":{"rendered":"https:\/\/icar.cnrs.fr\/membre\/xzhang\/?page_id=4"},"modified":"2024-02-17T22:24:27","modified_gmt":"2024-02-17T21:24:27","slug":"accueil","status":"publish","type":"page","link":"https:\/\/icar.cnrs.fr\/membre\/xzhang\/","title":{"rendered":"Accueil"},"content":{"rendered":"<div class=\"cadregris\">\n<h2>Xin ZHANG<\/h2>\n<p><a href=\"mailto:xunyicaoxiang2010@gmail.com\">xunyicaoxiang2010@gmail.com<\/a><\/p>\n<p><a href=\"mailto:xin1.zhang@univ-lyon2.fr\">xin1.zhang@univ-lyon2.fr<\/a><img loading=\"lazy\" decoding=\"async\" class=\"wp-image-128 alignright\" src=\"https:\/\/icar.cnrs.fr\/membre\/xzhang\/wp-content\/uploads\/sites\/158\/2022\/05\/IMG_0723-ret-2-205x300.jpg\" alt=\"\" width=\"104\" height=\"147\" \/><\/p>\n<p><strong>Docteure ICAR<\/strong> en Sciences de l&rsquo;Education \u00e0 l&rsquo;Universit\u00e9 Lyon 2- Lyon 2 &#8211;\u00a0ED485 EPIC- Sous la direction de\u00a0Jean-Claude Regnier<\/p>\n<p><strong>Vacataire enseignante<\/strong> \u00e0 Universit\u00e9 Lumi\u00e8re Lyon 2<\/p>\n<p><strong>ATER (Attach\u00e9 Temporaire de l&rsquo;Enseignement et de la Recherche)<\/strong> \u00e0 Universit\u00e9 Toulouse Jean-Jaur\u00e8s<\/p>\n<p><span style=\"color: #993366\"><strong>Intitul\u00e9 de la th\u00e8se<\/strong><\/span> : Etude des effets de l&rsquo;apprentissage coop\u00e9ratif interculturel sur les comp\u00e9tences linguistiques chez les \u00e9tudiants en FLE \u00e0 l&rsquo;universit\u00e9.<\/p>\n<p><span style=\"color: #993366\"><strong>Cours donn\u00e9s<\/strong>: <\/span><\/p>\n<ul>\n<li>M\u00e9thodologie de la recherche(L1)<\/li>\n<li>\u00a0Langue et enseignement (L1)<\/li>\n<li>Diversit\u00e9 des langues \u00e0 l&rsquo;\u00e9cole primaire- (L2)<\/li>\n<li>Projet Professionnel et Personnel- (L1)<\/li>\n<\/ul>\n<p><strong><span style=\"color: #993366\">Programmes<\/span> <\/strong>:<\/p>\n<ul>\n<li>2021-2023\u00a0: L\u2019image de la vieillesse en Chine actuelle : \u00c9tude bas\u00e9e sur une enqu\u00eate en ligne <em>Programme international JoRISS (Joint Research Institute for Science and Society) &#8211; Programme ENS- ECNU (East China Normal Univerity).<\/em>\u00a0Je suis responsable de l\u2019analyse des donn\u00e9es, premi\u00e8re autrice d\u2019un chapitre d\u2019ouvrage<\/li>\n<li>2022-2023\u00a0: Ethique de la recherche des \u00e9tudiants fran\u00e7ais. <em>Programme proven\u00e7al SHS (Sciences Humaines et Sociales)<\/em>, Province du Jiangxi, Chine<\/li>\n<\/ul>\n<p><span style=\"color: #993366\"><strong>Traduction<\/strong><\/span>:<\/p>\n<ul>\n<li>\u516c\u7acb\u5927\u5b66\u3001\u5de5\u7a0b\u5e08\u9662\u6821\u3001\u9ad8\u7b49\u7cbe\u82f1\u5b66\u9662\u6982\u51b5. \u6cd5\u56fd\u6559\u80b2\u901a\u8baf\u7b2c\u4e94\u671f, 2018.<\/li>\n<\/ul>\n<p>&nbsp;<\/p>\n<\/div>\n<div class=\"cadregris\">\n<p><a href=\"http:\/\/icar.univ-lyon2.fr\/\">UMR 5191 ICAR<\/a>\u00a0(Interactions, Corpus, Apprentissage, Repr\u00e9sentations)<br \/>\nEquipe\u00a0Apprentissages, discours, interactions, savoirs (ADIS)<\/p>\n<p><strong>Adresse<\/strong><br \/>\nEcole Normale Sup\u00e9rieure, Site Descartes<br \/>\n15, parvis Ren\u00e9 Descartes, BP 7000<br \/>\n69 342 Lyon Cedex 07<\/p>\n<\/div>\n<p><strong><span style=\"color: #993366\">Publication\u00a0<\/span><\/strong>:<\/p>\n<p>Acc\u00e8s aux publications sur HAL :<\/p>\n<p><a href=\"https:\/\/inria.hal.science\/dashboard\/index\/\">https:\/\/inria.hal.science\/dashboard\/index\/<\/a><\/p>\n\n\n\n<!-- Piwik -->\n<script type=\"text\/javascript\">\n  var _paq = _paq || [];\n  _paq.push(['trackPageView']);\n  _paq.push(['enableLinkTracking']);\n  (function() {\n    var u=\"\/\/piwik.inria.fr\/\";\n    _paq.push(['setTrackerUrl', u+'piwik.php']);\n    _paq.push(['setSiteId', 26]);\n    var d=document, g=d.createElement('script'), s=d.getElementsByTagName('script')[0];\n    g.type='text\/javascript'; g.async=true; g.defer=true; g.src=u+'piwik.js'; s.parentNode.insertBefore(g,s);\n  })();\n<\/script>\n<noscript><p><img decoding=\"async\" src=\"\/\/piwik.inria.fr\/piwik.php?idsite=26\" style=\"border:0;\" alt=\"\" \/><\/p><\/noscript>\n<!-- End Piwik Code -->\n\n<div id=\"res_script\">\n<p class='Rubrique'>2025<\/p>\n<p class='SousRubrique'>Article dans une revue<\/p>\n<dl class='NoticeRes'>\n<dt class=\"ChampRes\">ref_biblio<\/dt><dd class=\"ValeurRes ref_biblio\">Tao Quan, Yanting Gai, Xin Feng, Suzana Saleme, Binghui Liu, et al.. Outcomes of flow diversion in intracranial aneurysms accompanied by parent artery stenosis. <i>Journal of Neurointerventional Surgery<\/i>, 2025, 46 (2), pp.jnis-2025-023485. <a target=\"_blank\" href=\"https:\/\/dx.doi.org\/10.1136\/jnis-2025-023485\">&#x27E8;10.1136\/jnis-2025-023485&#x27E9;<\/a>. <a target=\"_blank\" href=\"https:\/\/hal.science\/hal-05460620v1\">&#x27E8;hal-05460620&#x27E9;<\/a><\/dd>\n<dt class=\"ChampRes\">Acc\u00e8s au bibtex<\/dt>\n<dd class=\"ValeurRes LienBibtex\">\n<a href=\"https:\/\/hal.science\/hal-05460620v1\/bibtex\" target=\"_self\">\n<img decoding=\"async\" alt=\"BibTex\" src=\"https:\/\/haltools.archives-ouvertes.fr\/images\/Haltools_bibtex3.png\" border=\"0\"  title=\"BibTex\" \/><\/a>\n<\/dd>\n<\/dl>\n<p class='SousRubrique'>Communication dans un congr\u00e8s<\/p>\n<dl class='NoticeRes'>\n<dt class=\"ChampRes\">ref_biblio<\/dt><dd class=\"ValeurRes ref_biblio\">Xin Zhang, Jean-Claude R\u00e9gnier. Apprentissage coop\u00e9ratif interculturel comme approche p\u00e9dagogique pour l\u2019enseignement du FLE : Perceptions des \u00e9tudiants non francophones \u00e0 la lumi\u00e8re de l\u2019Analyse Statistique Implicative. <i>ASI13-2025 : XIII\u00e8me Colloque International d'Analyse Staistique Implicative<\/i>, Universit\u00e9 Lyon2 - Lyon et Universit\u00e9 des Antilles Martinique; UMR 5191 ICAR & UR6_3CRREF, Nov 2025, Fort de France (Martinique), France. pp.678. <a target=\"_blank\" href=\"https:\/\/inria.hal.science\/hal-05373064v1\">&#x27E8;hal-05373064&#x27E9;<\/a><\/dd>\n<dt class=\"ChampRes\">Acc\u00e8s au bibtex<\/dt>\n<dd class=\"ValeurRes LienBibtex\">\n<a href=\"https:\/\/inria.hal.science\/hal-05373064v1\/bibtex\" target=\"_self\">\n<img decoding=\"async\" alt=\"BibTex\" src=\"https:\/\/haltools.archives-ouvertes.fr\/images\/Haltools_bibtex3.png\" border=\"0\"  title=\"BibTex\" \/><\/a>\n<\/dd>\n<\/dl>\n<p class='SousRubrique'>Chapitre d'ouvrage<\/p>\n<dl class='NoticeRes'>\n<dt class=\"ChampRes\">ref_biblio<\/dt><dd class=\"ValeurRes ref_biblio\">Xin Zhang, Jean-Claude R\u00e9gnier. Apprentissage coop\u00e9ratif interculturel comme approche p\u00e9dagogique pour l\u2019enseignement du FLE : Perceptions des \u00e9tudiants non francophones \u00e0 la lumi\u00e8re de l\u2019Analyse Statistique Implicative. Jean-Claude R\u00e9gnier. <i>Analyse statistique implicative Applications multidisciplinaires et interactions avec des questions de recherche multicontextuelles<\/i>, <a target=\"_blank\" href=\"https:\/\/sites.univ-lyon2.fr\/asi\/13\/index.php\">Universit\u00e9 Lumi\u00e8re Lyon2 - Lyon Universit\u00e9 des Antilles - Martinique<\/a>, pp.450 - 472, 2025, 978-2-9562045-7-2. <a target=\"_blank\" href=\"https:\/\/inria.hal.science\/hal-05372855v1\">&#x27E8;hal-05372855&#x27E9;<\/a><\/dd>\n<dt class=\"ChampRes\">Acc\u00e8s au bibtex<\/dt>\n<dd class=\"ValeurRes LienBibtex\">\n<a href=\"https:\/\/inria.hal.science\/hal-05372855v1\/bibtex\" target=\"_self\">\n<img decoding=\"async\" alt=\"BibTex\" src=\"https:\/\/haltools.archives-ouvertes.fr\/images\/Haltools_bibtex3.png\" border=\"0\"  title=\"BibTex\" \/><\/a>\n<\/dd>\n<\/dl>\n<p class='Rubrique'>2024<\/p>\n<p class='SousRubrique'>Article dans une revue<\/p>\n<dl class='NoticeRes'>\n<dt class=\"ChampRes\">ref_biblio<\/dt><dd class=\"ValeurRes ref_biblio\">Meiling Yue, Xin Zhang, Teng Teng, Jianwen Meng, Elodie Pahon. Recursive performance prediction of automotive fuel cell based on conditional time series forecasting with convolutional neural network. <i>International Journal of Hydrogen Energy<\/i>, 2024, 56, pp.248-258. <a target=\"_blank\" href=\"https:\/\/dx.doi.org\/10.1016\/j.ijhydene.2023.12.168\">&#x27E8;10.1016\/j.ijhydene.2023.12.168&#x27E9;<\/a>. <a target=\"_blank\" href=\"https:\/\/hal.science\/hal-04406662v1\">&#x27E8;hal-04406662&#x27E9;<\/a><\/dd>\n<dt class=\"ChampRes\">Acc\u00e8s au bibtex<\/dt>\n<dd class=\"ValeurRes LienBibtex\">\n<a href=\"https:\/\/hal.science\/hal-04406662v1\/bibtex\" target=\"_self\">\n<img decoding=\"async\" alt=\"BibTex\" src=\"https:\/\/haltools.archives-ouvertes.fr\/images\/Haltools_bibtex3.png\" border=\"0\"  title=\"BibTex\" \/><\/a>\n<\/dd>\n<\/dl>\n<dl class='NoticeRes'>\n<dt class=\"ChampRes\">ref_biblio<\/dt><dd class=\"ValeurRes ref_biblio\">Meiling Yue, Xin Zhang, Teng Teng, Jianwen Meng. Trend\u2010focused dynamic degradation prediction based on echo state networks in automotive fuel cells. <i>Energy Science & Engineering<\/i>, 2024, <a target=\"_blank\" href=\"https:\/\/dx.doi.org\/10.1002\/ese3.1669\">&#x27E8;10.1002\/ese3.1669&#x27E9;<\/a>. <a target=\"_blank\" href=\"https:\/\/hal.science\/hal-04540309v1\">&#x27E8;hal-04540309&#x27E9;<\/a><\/dd>\n<dt class=\"ChampRes\">Acc\u00e8s au texte int\u00e9gral et bibtex<\/dt>\n<dd class=\"ValeurRes Fichier_joint\">\n<a href=\"https:\/\/hal.science\/hal-04540309\/file\/Trend-focused_dynamic_degradation_prediction_based.pdf\"  target=\"_blank\">\n<img decoding=\"async\" alt=\"https:\/\/hal.science\/hal-04540309\/file\/Trend-focused_dynamic_degradation_prediction_based.pdf\" src=\"https:\/\/haltools.archives-ouvertes.fr\/images\/Haltools_pdf.png\" border=\"0\" title=\"https:\/\/hal.science\/hal-04540309\/file\/Trend-focused_dynamic_degradation_prediction_based.pdf\" \/><\/a>\n<span class=\"LienBibtexACoteFulltext\"><a href=\"https:\/\/hal.science\/hal-04540309v1\/bibtex\" target=\"_self\">\n<img decoding=\"async\" alt=\"BibTex\" src=\"https:\/\/haltools.archives-ouvertes.fr\/images\/Haltools_bibtex3.png\" border=\"0\"  title=\"BibTex\" \/><\/a>\n<\/span><\/dd>\n<\/dl>\n<p class='Rubrique'>2023<\/p>\n<p class='SousRubrique'>Communication dans un congr\u00e8s<\/p>\n<dl class='NoticeRes'>\n<dt class=\"ChampRes\">ref_biblio<\/dt><dd class=\"ValeurRes ref_biblio\">Xin Zhang, Jean-Claude R\u00e9gnier. Apprentissage coop\u00e9ratif interculturel dans la classe de langue : Observation d\u2019\u00e9tudiants non-francophones au centre linguistique CIE. <i>Biennale Internationale de l\u2019\u00c9ducation, de la Formation et des Pratiques Professionnelles \"Se construire avec et dans le monde : part d\u2019autrui, part de soi\"<\/i>, Association Biennale Internationale de l\u2019\u00c9ducation, de la Formation et des Pratiques Professionnelles; Institut Catholique de Paris - ICP; UNESCO, Sep 2023, Paris ( France), France. <a target=\"_blank\" href=\"https:\/\/inria.hal.science\/hal-04217294v1\">&#x27E8;hal-04217294&#x27E9;<\/a><\/dd>\n<dt class=\"ChampRes\">Acc\u00e8s au bibtex<\/dt>\n<dd class=\"ValeurRes LienBibtex\">\n<a href=\"https:\/\/inria.hal.science\/hal-04217294v1\/bibtex\" target=\"_self\">\n<img decoding=\"async\" alt=\"BibTex\" src=\"https:\/\/haltools.archives-ouvertes.fr\/images\/Haltools_bibtex3.png\" border=\"0\"  title=\"BibTex\" \/><\/a>\n<\/dd>\n<\/dl>\n<p class='SousRubrique'>Chapitre d'ouvrage<\/p>\n<dl class='NoticeRes'>\n<dt class=\"ChampRes\">ref_biblio<\/dt><dd class=\"ValeurRes ref_biblio\">Xin Zhang, Weiwei Guo, Isabelle Guinamard. La vieillesse aux yeux des jeunes urbains chinois: \u00e9tude bas\u00e9e sur une enqu\u00eate en ligne. Isabelle Guinamard; Weiwei Guo; Marie Laureillard. <i>Vieillesses en Chine et en France. Mots, textes, images<\/i>, 24, <a target=\"_blank\" href=\"https:\/\/www.peterlang.com\/document\/1305240\">Peter Lang<\/a>, pp.101-124, 2023, Sprache \u2013 Kultur \u2013 Gesellschaft, 978-3-631-86443-2. <a target=\"_blank\" href=\"https:\/\/hal.science\/hal-04149128v1\">&#x27E8;hal-04149128&#x27E9;<\/a><\/dd>\n<dt class=\"ChampRes\">Acc\u00e8s au texte int\u00e9gral et bibtex<\/dt>\n<dd class=\"ValeurRes Fichier_joint\">\n<a href=\"https:\/\/hal.science\/hal-04149128\/file\/Vieillesse_Jeunes_Urbains.pdf\"  target=\"_blank\">\n<img decoding=\"async\" alt=\"https:\/\/hal.science\/hal-04149128\/file\/Vieillesse_Jeunes_Urbains.pdf\" src=\"https:\/\/haltools.archives-ouvertes.fr\/images\/Haltools_pdf.png\" border=\"0\" title=\"https:\/\/hal.science\/hal-04149128\/file\/Vieillesse_Jeunes_Urbains.pdf\" \/><\/a>\n<span class=\"LienBibtexACoteFulltext\"><a href=\"https:\/\/hal.science\/hal-04149128v1\/bibtex\" target=\"_self\">\n<img decoding=\"async\" alt=\"BibTex\" src=\"https:\/\/haltools.archives-ouvertes.fr\/images\/Haltools_bibtex3.png\" border=\"0\"  title=\"BibTex\" \/><\/a>\n<\/span><\/dd>\n<\/dl>\n<dl class='NoticeRes'>\n<dt class=\"ChampRes\">ref_biblio<\/dt><dd class=\"ValeurRes ref_biblio\">Xin Zhang. Dimension affective chez des \u00e9tudiants non-francophones en situation d\u2019apprentissage coop\u00e9ratif interculturel : Diff\u00e9rences mises en \u00e9vidence par le travail avec des \u00e9tudiants francophones natifs et des \u00e9tudiants \u00e9trangers non-francophones. Jean-Claude R\u00e9gnier. <i>Analyse statistique implicative Applications multidisciplinaires d\u2019une analyse quali-quantitative des associations orient\u00e9es entre variables ou groupes de variables<\/i>, Hay El Massira, pp.88-107, 2023, 978-2-956204-5-6-5. <a target=\"_blank\" href=\"https:\/\/hal.science\/hal-05341280v1\">&#x27E8;hal-05341280&#x27E9;<\/a><\/dd>\n<dt class=\"ChampRes\">Acc\u00e8s au texte int\u00e9gral et bibtex<\/dt>\n<dd class=\"ValeurRes Fichier_joint\">\n<a href=\"https:\/\/hal.science\/hal-05341280\/file\/ASI12_ISBN_978-2-9562045-6-5_NUMERIQUE2023.pdf\"  target=\"_blank\">\n<img decoding=\"async\" alt=\"https:\/\/hal.science\/hal-05341280\/file\/ASI12_ISBN_978-2-9562045-6-5_NUMERIQUE2023.pdf\" src=\"https:\/\/haltools.archives-ouvertes.fr\/images\/Haltools_pdf.png\" border=\"0\" title=\"https:\/\/hal.science\/hal-05341280\/file\/ASI12_ISBN_978-2-9562045-6-5_NUMERIQUE2023.pdf\" \/><\/a>\n<span class=\"LienBibtexACoteFulltext\"><a href=\"https:\/\/hal.science\/hal-05341280v1\/bibtex\" target=\"_self\">\n<img decoding=\"async\" alt=\"BibTex\" src=\"https:\/\/haltools.archives-ouvertes.fr\/images\/Haltools_bibtex3.png\" border=\"0\"  title=\"BibTex\" \/><\/a>\n<\/span><\/dd>\n<\/dl>\n<p class='SousRubrique'>Th\u00e8se<\/p>\n<dl class='NoticeRes'>\n<dt class=\"ChampRes\">ref_biblio<\/dt><dd class=\"ValeurRes ref_biblio\">Xin Zhang. \u00c9tude des effets de l\u2019apprentissage coop\u00e9ratif interculturel sur les comp\u00e9tences communicatives langagi\u00e8res chez les \u00e9tudiants en FLE \u00e0 l\u2019universit\u00e9. Education. Universit\u00e9 Lumi\u00e8re Lyon 2, 2023. Fran\u00e7ais. <a target=\"_blank\" href=\"https:\/\/www.theses.fr\/\">&#x27E8;NNT : &#x27E9;<\/a>. <a target=\"_blank\" href=\"https:\/\/hal.science\/tel-04594973v1\">&#x27E8;tel-04594973&#x27E9;<\/a><\/dd>\n<dt class=\"ChampRes\">Acc\u00e8s au texte int\u00e9gral et bibtex<\/dt>\n<dd class=\"ValeurRes Fichier_joint\">\n<a href=\"https:\/\/hal.science\/tel-04594973\/file\/Th%C3%A8seXinZhang.pdf\"  target=\"_blank\">\n<img decoding=\"async\" alt=\"https:\/\/hal.science\/tel-04594973\/file\/Th%C3%A8seXinZhang.pdf\" src=\"https:\/\/haltools.archives-ouvertes.fr\/images\/Haltools_pdf.png\" border=\"0\" title=\"https:\/\/hal.science\/tel-04594973\/file\/Th%C3%A8seXinZhang.pdf\" \/><\/a>\n<span class=\"LienBibtexACoteFulltext\"><a href=\"https:\/\/hal.science\/tel-04594973v1\/bibtex\" target=\"_self\">\n<img decoding=\"async\" alt=\"BibTex\" src=\"https:\/\/haltools.archives-ouvertes.fr\/images\/Haltools_bibtex3.png\" border=\"0\"  title=\"BibTex\" \/><\/a>\n<\/span><\/dd>\n<\/dl>\n<dl class='NoticeRes'>\n<dt class=\"ChampRes\">ref_biblio<\/dt><dd class=\"ValeurRes ref_biblio\">Xin Zhang. Etude des effets de l\u2019apprentissage coop\u00e9ratif interculturel sur les comp\u00e9tences communicatives langagi\u00e8res chez les \u00e9tudiants en FLE \u00e0 l\u2019universit\u00e9. Education. Universit\u00e9 Lumi\u00e8re - Lyon II, 2023. Fran\u00e7ais. <a target=\"_blank\" href=\"https:\/\/www.theses.fr\/2023LYO20104\">&#x27E8;NNT : 2023LYO20104&#x27E9;<\/a>. <a target=\"_blank\" href=\"https:\/\/theses.hal.science\/tel-04611854v1\">&#x27E8;tel-04611854&#x27E9;<\/a><\/dd>\n<dt class=\"ChampRes\">Acc\u00e8s au texte int\u00e9gral et bibtex<\/dt>\n<dd class=\"ValeurRes Fichier_joint\">\n<a href=\"https:\/\/theses.hal.science\/tel-04611854\/file\/these_internet_zhang_x.pdf\"  target=\"_blank\">\n<img decoding=\"async\" alt=\"https:\/\/theses.hal.science\/tel-04611854\/file\/these_internet_zhang_x.pdf\" src=\"https:\/\/haltools.archives-ouvertes.fr\/images\/Haltools_pdf.png\" border=\"0\" title=\"https:\/\/theses.hal.science\/tel-04611854\/file\/these_internet_zhang_x.pdf\" \/><\/a>\n<span class=\"LienBibtexACoteFulltext\"><a href=\"https:\/\/theses.hal.science\/tel-04611854v1\/bibtex\" target=\"_self\">\n<img decoding=\"async\" alt=\"BibTex\" src=\"https:\/\/haltools.archives-ouvertes.fr\/images\/Haltools_bibtex3.png\" border=\"0\"  title=\"BibTex\" \/><\/a>\n<\/span><\/dd>\n<\/dl>\n<p class='Rubrique'>2022<\/p>\n<p class='SousRubrique'>Communication dans un congr\u00e8s<\/p>\n<dl class='NoticeRes'>\n<dt class=\"ChampRes\">ref_biblio<\/dt><dd class=\"ValeurRes ref_biblio\">Xin Zhang, Jean-Claude R\u00e9gnier. L\u2019apprentissage coop\u00e9ratif interculturel : Modalit\u00e9 p\u00e9dagogique pour l\u2019enseignement du FLE pour des \u00e9tudiants \u00e9trangers. <i>congr\u00e8s international d\u2019Actualit\u00e9 de la Recherche en \u00c9ducation et en Formation (AREF)<\/i>, - SSRE (Soci\u00e9t\u00e9 Suisse pour la Recherche en \u00c9ducation) - AECSE (Association des Enseignant\u2219e\u2219s et Chercheur\u2219e\u2219s en Sciences de l\u2019\u00c9ducation) - ABC-Educ (Association Belge francophone Collaborative de la recherche en Education) - OBSEF (Observatoire de l\u2019\u00e9ducation et de la formation) de la Facult\u00e9 des Sciences sociales et politiques de l\u2019Universit\u00e9 de Lausanne, Sep 2022, Lausanne, Suisse. <a target=\"_blank\" href=\"https:\/\/hal.science\/hal-03779762v1\">&#x27E8;hal-03779762&#x27E9;<\/a><\/dd>\n<dt class=\"ChampRes\">Acc\u00e8s au bibtex<\/dt>\n<dd class=\"ValeurRes LienBibtex\">\n<a href=\"https:\/\/hal.science\/hal-03779762v1\/bibtex\" target=\"_self\">\n<img decoding=\"async\" alt=\"BibTex\" src=\"https:\/\/haltools.archives-ouvertes.fr\/images\/Haltools_bibtex3.png\" border=\"0\"  title=\"BibTex\" \/><\/a>\n<\/dd>\n<\/dl>\n<p class='Rubrique'>2020<\/p>\n<p class='SousRubrique'>Article dans une revue<\/p>\n<dl class='NoticeRes'>\n<dt class=\"ChampRes\">ref_biblio<\/dt><dd class=\"ValeurRes ref_biblio\">Xin Zhang. Dimension affective chez des \u00e9tudiants non-francophones en situation d\u2019apprentissage coop\u00e9ratif interculturel durant leur exploitation du fran\u00e7ais. <i>SHS Web of Conferences<\/i>, 2020, 81, <a target=\"_blank\" href=\"https:\/\/dx.doi.org\/10.1051\/shsconf\/20208102003\">&#x27E8;10.1051\/shsconf\/20208102003&#x27E9;<\/a>. <a target=\"_blank\" href=\"https:\/\/hal.science\/hal-03002640v1\">&#x27E8;hal-03002640&#x27E9;<\/a><\/dd>\n<dt class=\"ChampRes\">Acc\u00e8s au texte int\u00e9gral et bibtex<\/dt>\n<dd class=\"ValeurRes Fichier_joint\">\n<a href=\"https:\/\/hal.science\/hal-03002640\/file\/shsconf_icodoc2019_02003.pdf\"  target=\"_blank\">\n<img decoding=\"async\" alt=\"https:\/\/hal.science\/hal-03002640\/file\/shsconf_icodoc2019_02003.pdf\" src=\"https:\/\/haltools.archives-ouvertes.fr\/images\/Haltools_pdf.png\" border=\"0\" title=\"https:\/\/hal.science\/hal-03002640\/file\/shsconf_icodoc2019_02003.pdf\" \/><\/a>\n<span class=\"LienBibtexACoteFulltext\"><a href=\"https:\/\/hal.science\/hal-03002640v1\/bibtex\" target=\"_self\">\n<img decoding=\"async\" alt=\"BibTex\" src=\"https:\/\/haltools.archives-ouvertes.fr\/images\/Haltools_bibtex3.png\" border=\"0\"  title=\"BibTex\" \/><\/a>\n<\/span><\/dd>\n<\/dl>\n<p class='SousRubrique'>Chapitre d'ouvrage<\/p>\n<dl class='NoticeRes'>\n<dt class=\"ChampRes\">ref_biblio<\/dt><dd class=\"ValeurRes ref_biblio\">Xin Zhang. Comp\u00e9tences communicationnelles interculturelles de responsable \u00e9ducatif. \u00c9tude exploratoire dans le cadre de l'Universit\u00e9 du Nord-Est \u00e0 Shenyang, Chine. Jean-Claude R\u00e9gnier; R\u00e9gis Gras; Michel Henry; Rapha\u00ebl Couturier; Guy Brousseau. <i>Analyse Statistique Implicative. Cadre th\u00e9orique en relation \u00e9troite et au service de multiples disciplines Prolongement des d\u00e9bats engag\u00e9s lors du colloque<\/i>, UBFC - Universit\u00e9 Bourgogne - Franche Comt\u00e9, pp.490-519, 2020, 978-2-956204-5-3-4. <a target=\"_blank\" href=\"https:\/\/hal.science\/hal-05341286v1\">&#x27E8;hal-05341286&#x27E9;<\/a><\/dd>\n<dt class=\"ChampRes\">Acc\u00e8s au texte int\u00e9gral et bibtex<\/dt>\n<dd class=\"ValeurRes Fichier_joint\">\n<a href=\"https:\/\/hal.science\/hal-05341286\/file\/ASI10_Xin%20Zhang.pdf\"  target=\"_blank\">\n<img decoding=\"async\" alt=\"https:\/\/hal.science\/hal-05341286\/file\/ASI10_Xin%20Zhang.pdf\" src=\"https:\/\/haltools.archives-ouvertes.fr\/images\/Haltools_pdf.png\" border=\"0\" title=\"https:\/\/hal.science\/hal-05341286\/file\/ASI10_Xin%20Zhang.pdf\" \/><\/a>\n<span class=\"LienBibtexACoteFulltext\"><a href=\"https:\/\/hal.science\/hal-05341286v1\/bibtex\" target=\"_self\">\n<img decoding=\"async\" alt=\"BibTex\" src=\"https:\/\/haltools.archives-ouvertes.fr\/images\/Haltools_bibtex3.png\" border=\"0\"  title=\"BibTex\" \/><\/a>\n<\/span><\/dd>\n<\/dl>\n<p class='Rubrique'>2019<\/p>\n<p class='SousRubrique'>Communication dans un congr\u00e8s<\/p>\n<dl class='NoticeRes'>\n<dt class=\"ChampRes\">ref_biblio<\/dt><dd class=\"ValeurRes ref_biblio\">Xin Zhang. Comp\u00e9tences communicationnelles interculturelles de responsable \u00e9ducatif. <i>Analyse statistique implicative ASI 10<\/i>, Oct 2019, Belfort, France. pp.490. <a target=\"_blank\" href=\"https:\/\/hal.science\/hal-02472820v1\">&#x27E8;hal-02472820&#x27E9;<\/a><\/dd>\n<dt class=\"ChampRes\">Acc\u00e8s au texte int\u00e9gral et bibtex<\/dt>\n<dd class=\"ValeurRes Fichier_joint\">\n<a href=\"https:\/\/hal.science\/hal-02472820\/file\/ASI.pdf\"  target=\"_blank\">\n<img decoding=\"async\" alt=\"https:\/\/hal.science\/hal-02472820\/file\/ASI.pdf\" src=\"https:\/\/haltools.archives-ouvertes.fr\/images\/Haltools_pdf.png\" border=\"0\" title=\"https:\/\/hal.science\/hal-02472820\/file\/ASI.pdf\" \/><\/a>\n<span class=\"LienBibtexACoteFulltext\"><a href=\"https:\/\/hal.science\/hal-02472820v1\/bibtex\" target=\"_self\">\n<img decoding=\"async\" alt=\"BibTex\" src=\"https:\/\/haltools.archives-ouvertes.fr\/images\/Haltools_bibtex3.png\" border=\"0\"  title=\"BibTex\" \/><\/a>\n<\/span><\/dd>\n<\/dl>\n<\/div>\n\r\n\r\n<!--\r\n        $url = \"http:\/\/halshs.archives-ouvertes.fr\/Public\/afficheRequetePubli.php?\".\r\n     $url = \"https:\/\/haltools.archives-ouvertes.fr\/Public\/afficheRequetePubli.php?\".\r\n\t\t\t\"auteur_exp=\".$_parameters[\"idHAL\"].\r\nannee_publideb=1900&amp;\r\nannee_publifin=2100&amp;\r\nauteur_exp=nathalie,blanc&amp;\r\nCB_ref_biblio=oui&amp;\r\nlabos_exp=icar&amp;\r\nlangue=Francais&amp;\r\ntri_exp=annee_publi&amp;\r\ntri_exp2=typdoc&amp;\r\ntri_exp3=date_publi&amp;\r\nordre_aff=AT&amp;\r\nFen=Aff\r\n-->\r\n\n","protected":false},"excerpt":{"rendered":"<p>Xin ZHANG xunyicaoxiang2010@gmail.com xin1.zhang@univ-lyon2.fr Docteure ICAR en Sciences de l&rsquo;Education \u00e0 l&rsquo;Universit\u00e9 Lyon 2- Lyon 2 &#8211;\u00a0ED485 EPIC- Sous la direction de\u00a0Jean-Claude Regnier Vacataire enseignante \u00e0 Universit\u00e9 Lumi\u00e8re Lyon 2 ATER (Attach\u00e9 Temporaire de l&rsquo;Enseignement et de la Recherche) \u00e0 &hellip; <a href=\"https:\/\/icar.cnrs.fr\/membre\/xzhang\/\">Continuer la lecture <span class=\"meta-nav\">&rarr;<\/span><\/a><\/p>\n","protected":false},"author":1,"featured_media":97,"parent":0,"menu_order":0,"comment_status":"closed","ping_status":"closed","template":"","meta":{"footnotes":""},"class_list":["post-4","page","type-page","status-publish","has-post-thumbnail","hentry"],"_links":{"self":[{"href":"https:\/\/icar.cnrs.fr\/membre\/xzhang\/wp-json\/wp\/v2\/pages\/4","targetHints":{"allow":["GET"]}}],"collection":[{"href":"https:\/\/icar.cnrs.fr\/membre\/xzhang\/wp-json\/wp\/v2\/pages"}],"about":[{"href":"https:\/\/icar.cnrs.fr\/membre\/xzhang\/wp-json\/wp\/v2\/types\/page"}],"author":[{"embeddable":true,"href":"https:\/\/icar.cnrs.fr\/membre\/xzhang\/wp-json\/wp\/v2\/users\/1"}],"replies":[{"embeddable":true,"href":"https:\/\/icar.cnrs.fr\/membre\/xzhang\/wp-json\/wp\/v2\/comments?post=4"}],"version-history":[{"count":85,"href":"https:\/\/icar.cnrs.fr\/membre\/xzhang\/wp-json\/wp\/v2\/pages\/4\/revisions"}],"predecessor-version":[{"id":167,"href":"https:\/\/icar.cnrs.fr\/membre\/xzhang\/wp-json\/wp\/v2\/pages\/4\/revisions\/167"}],"wp:featuredmedia":[{"embeddable":true,"href":"https:\/\/icar.cnrs.fr\/membre\/xzhang\/wp-json\/wp\/v2\/media\/97"}],"wp:attachment":[{"href":"https:\/\/icar.cnrs.fr\/membre\/xzhang\/wp-json\/wp\/v2\/media?parent=4"}],"curies":[{"name":"wp","href":"https:\/\/api.w.org\/{rel}","templated":true}]}}