{"id":76,"date":"2016-11-23T10:28:49","date_gmt":"2016-11-23T09:28:49","guid":{"rendered":"https:\/\/icar.cnrs.fr\/membre\/yxu\/?page_id=76"},"modified":"2021-04-01T11:46:25","modified_gmt":"2021-04-01T09:46:25","slug":"enseignements","status":"publish","type":"page","link":"https:\/\/icar.cnrs.fr\/membre\/yxu\/enseignements\/","title":{"rendered":"Enseignements"},"content":{"rendered":"<h2><strong>Universit\u00e9 Lumi\u00e8re Lyon 2, France<\/strong><\/h2>\n<p><strong><em>Centre\u00a0international d\u2019\u00e9tudes fran\u00e7aises (CIEF)<\/em><\/strong><\/p>\n<p><em>2017-2018:<\/em><\/p>\n<ul>\n<li>Civilisation fran\u00e7aise B1, TD<\/li>\n<li>Compr\u00e9hension \u00e9crite B1, TD<\/li>\n<\/ul>\n<p><em>2016-2017:<\/em><\/p>\n<ul>\n<li>Langue niveau A1, TD<\/li>\n<li>Expression orale niveau A1, TD<\/li>\n<\/ul>\n<p><em>2015-2016 :<\/em><\/p>\n<ul>\n<li>Outils B1, TD<\/li>\n<li>Langue niveau A1, TD<\/li>\n<li>Expression orale niveau A1, TD<\/li>\n<li>Expression \u00e9crite B1, TD<\/li>\n<\/ul>\n<p><em>2014-2015\u00a0:<\/em><\/p>\n<ul>\n<li>Expression \u00e9crite niveau A2, TD<\/li>\n<li>Compr\u00e9hension \u00e9crite niveau A2, TD<\/li>\n<li>Expression orale niveau A2, TD<\/li>\n<li>Langue niveau A2, TD<\/li>\n<\/ul>\n<p><em>2013-2014\u00a0:<\/em><\/p>\n<ul>\n<li>Expression orale niveau A2, TD<\/li>\n<li>Compr\u00e9hension \u00e9crite niveau A2, TD<\/li>\n<li>Langue niveau A2, TD<\/li>\n<\/ul>\n<p><em>2012-2013\u00a0:<\/em><\/p>\n<ul>\n<li><em>Expressio<\/em>n orale niveau A2, TD<\/li>\n<li>Outils niveau A2, TD<\/li>\n<li>Langue niveau A2, TD<\/li>\n<\/ul>\n<p><strong><em>D\u00e9partement Sciences du langage<\/em><\/strong><\/p>\n<p style=\"padding-left: 30px\">2013-2015\u00a0: \u00a0Langue inconnue\u00a0: chinois, Licence 3 option FLE<\/p>\n<p><strong><em>Institut des Sciences et des Pratiques d&rsquo;Education et de Formation \u2013 ISPEF<\/em><\/strong><\/p>\n<p style=\"padding-left: 30px\">2014-2015\u00a0: \u00a0(co-encadr\u00e9 avec J.-C. R\u00e9gnier) S\u00e9minaire de recherches, Master 1<\/p>\n<p style=\"padding-left: 30px\">2014-2018 : \u00a0membre du jury de la soutenance du Master 1<\/p>\n<h2><strong>Institut des Langues \u00c9trang\u00e8res de Jilin , Chine<\/strong><\/h2>\n<h3><strong><em>Facult\u00e9 des Langues occidentales<\/em><\/strong><\/h3>\n<p style=\"padding-left: 30px\">2016-2017 : La presse \u00e9crite (32h), Licence 3<\/p>\n<p style=\"padding-left: 30px\">2016-2017 : Le fran\u00e7ais des affaires (7,5h), Licence 5<\/p>\n<p style=\"padding-left: 30px\">2016-2017 : Expression orale (192h), Licence 1<\/p>\n<h3><strong><em>D\u00e9partement Fran\u00e7ais, Facult\u00e9 Bilingue<\/em><\/strong><\/h3>\n<p style=\"padding-left: 30px\">2009-2010\u00a0: Linguistique fran\u00e7aise (272h), Licence 3<\/p>\n<p style=\"padding-left: 30px\">2009-2010\u00a0:\u00a0 Lecture fran\u00e7aise (28,5h), Licence 4<\/p>\n<p style=\"padding-left: 30px\">2008-2009\u00a0:\u00a0 Linguistique fran\u00e7aise (280h), Licence 2<\/p>\n","protected":false},"excerpt":{"rendered":"<p>Universit\u00e9 Lumi\u00e8re Lyon 2, France Centre\u00a0international d\u2019\u00e9tudes fran\u00e7aises (CIEF) 2017-2018: Civilisation fran\u00e7aise B1, TD Compr\u00e9hension \u00e9crite B1, TD 2016-2017: Langue niveau A1, TD Expression orale niveau A1, TD 2015-2016 : Outils B1, TD Langue niveau A1, TD Expression orale niveau &hellip; <a href=\"https:\/\/icar.cnrs.fr\/membre\/yxu\/enseignements\/\">Continuer la lecture <span class=\"meta-nav\">&rarr;<\/span><\/a><\/p>\n","protected":false},"author":4,"featured_media":0,"parent":0,"menu_order":0,"comment_status":"closed","ping_status":"closed","template":"","meta":{"footnotes":""},"class_list":["post-76","page","type-page","status-publish","hentry"],"_links":{"self":[{"href":"https:\/\/icar.cnrs.fr\/membre\/yxu\/wp-json\/wp\/v2\/pages\/76","targetHints":{"allow":["GET"]}}],"collection":[{"href":"https:\/\/icar.cnrs.fr\/membre\/yxu\/wp-json\/wp\/v2\/pages"}],"about":[{"href":"https:\/\/icar.cnrs.fr\/membre\/yxu\/wp-json\/wp\/v2\/types\/page"}],"author":[{"embeddable":true,"href":"https:\/\/icar.cnrs.fr\/membre\/yxu\/wp-json\/wp\/v2\/users\/4"}],"replies":[{"embeddable":true,"href":"https:\/\/icar.cnrs.fr\/membre\/yxu\/wp-json\/wp\/v2\/comments?post=76"}],"version-history":[{"count":23,"href":"https:\/\/icar.cnrs.fr\/membre\/yxu\/wp-json\/wp\/v2\/pages\/76\/revisions"}],"predecessor-version":[{"id":158,"href":"https:\/\/icar.cnrs.fr\/membre\/yxu\/wp-json\/wp\/v2\/pages\/76\/revisions\/158"}],"wp:attachment":[{"href":"https:\/\/icar.cnrs.fr\/membre\/yxu\/wp-json\/wp\/v2\/media?parent=76"}],"curies":[{"name":"wp","href":"https:\/\/api.w.org\/{rel}","templated":true}]}}