{"id":84,"date":"2016-11-23T10:36:14","date_gmt":"2016-11-23T09:36:14","guid":{"rendered":"https:\/\/icar.cnrs.fr\/membre\/yxu\/?page_id=84"},"modified":"2018-02-07T15:17:55","modified_gmt":"2018-02-07T14:17:55","slug":"autres-activites","status":"publish","type":"page","link":"https:\/\/icar.cnrs.fr\/membre\/yxu\/autres-activites\/","title":{"rendered":"Autres activit\u00e9s"},"content":{"rendered":"<h2>\u00c9coles th\u00e9matiques et formations<\/h2>\n<p>Avril 2017, Deuxi\u00e8me s\u00e9minaire de formation d\u2019enseignants de FLF du Dong Bei, 7-9 avril, Haerbin.<\/p>\n<p>Octobre 2015, \u00c9cole th\u00e9matique Instrumentation des Recherches pour l\u2019analyse des donn\u00e9es Vid\u00e9o de pratiques \u00e9ducatives, 5-9 octobre, Brest.<\/p>\n<p>Novembre 2013, formation IRCOM \u00ab Constitution, traitement et analyse de corpus multimodaux \u00bb, 4-5 novembre, centre Pouchet du CNRS, Paris.<\/p>\n<p>F\u00e9vrier 2012, Programme Intensif Erasmus FORMICA Intercompr\u00e9hension : Programme d\u2019\u00e9ducation et de formation tout au long de la vie, 27 f\u00e9vrier-9 mars, l\u2019Universit\u00e9 Ca\u2019Foscari-Venezia, Venise.<\/p>\n<h2>Membre de comit\u00e9s d\u2019organisation<\/h2>\n<p>Colloque International \u00ab Discours Programmateurs et Sciences du Langage \u00bb, ICAR UMR 5191, ENS de Lyon, 25-27 juin 2018.<\/p>\n<p>Colloque Jeunes chercheurs \u00ab\u00a0Objets, supports, instruments : regards crois\u00e9s sur la diversit\u00e9 des ressources mobilis\u00e9es en interaction\u00a0\u00bb, ICAR UMR 5191, ENS de Lyon, 15 et 16 Juin 2017.<\/p>\n<p>Journ\u00e9e d\u2019\u00e9tude doctorale Inter-ICAR, Lyon, 12 avril 2016.<\/p>\n<p>Colloque ACEDLE \u00ab\u00a0Interagir pour apprendre les langues aujourd&rsquo;hui\u00a0: Recherche en didactique des langues\u00a0\u00bb, CIEF\/ICAR\u00a0\/Universit\u00e9 Lyon 2, Lyon, 15-17 janvier 2015.<\/p>\n<p>Colloque ICODOC \u00ab\u00a0Corpus complexes et enjeux m\u00e9thodologiques : de la collecte de donn\u00e9es \u00e0 leur analyse\u00a0\u00bb, ICAR UMR 5191, ENS de Lyon, 18-19 mai 2015.<\/p>\n<p>L\u2019Ecole th\u00e9matique ELSE \u00ab\u00a0Pour l\u2019innovation de l\u2019Education en Langue Secondes et Etrang\u00e8res\u00a0\u00bb, ASLAN \/ ICAR UMR 5191, Lyon, 8-10 octobre 2014.<\/p>\n<p>Journ\u00e9e d\u2019\u00e9tude \u00ab\u00a0Quand les gestes montrent la langue (et le discours) : ressources multimodales et complexit\u00e9 interactionnelle\u00a0\u00bb, ASLAN \/ ICAR UMR 5191, Lyon, 28 mars 2014.<\/p>\n<p>Journ\u00e9e d\u2019\u00e9tude doctorales Inter-ICAR, Lyon, 4 avril 2014.<\/p>\n<h2>Activit\u00e9s de valorisation<\/h2>\n<p>Octobre 2017, participation au projet REMILAS dans le cadre de \u00ab\u00a0F\u00eate de la Science\u00a0\u00bb, IFE, Lyon.<\/p>\n<p>Septembre 2017, participation \u00e0 l\u2019Atelier \u00ab\u00a0Une communication (im)possible\u00a0\u00bb dans le cadre de la \u00ab Nuit Europ\u00e9enne des Chercheurs \u00bb, 29 septembre 2017, Le Rize, Villeurbanne.<\/p>\n<p>Septembre 2015, participation au scientific-dating dans le cadre de la \u00ab Nuit Europ\u00e9enne des Chercheurs \u00bb, 25 septembre 2015, Campus de Vaulx-en-Velin.<\/p>\n<p>Septembre 2014, participation au <em>scientific-dating<\/em> et animation du PictionarWii dans le cadre de la \u00ab\u00a0Nuit Europ\u00e9enne des Chercheurs\u00a0\u00bb, 26 septembre 2014, Plan\u00e9tarium de Vaulx-en-Velin.<\/p>\n<p>Juin 2013, animation des \u00ab\u00a0cours de langue minute\u00a0\u00bb dans le cadre de la Caravane de SOS Racisme, place Bahadourian, Lyon.<\/p>\n","protected":false},"excerpt":{"rendered":"<p>\u00c9coles th\u00e9matiques et formations Avril 2017, Deuxi\u00e8me s\u00e9minaire de formation d\u2019enseignants de FLF du Dong Bei, 7-9 avril, Haerbin. Octobre 2015, \u00c9cole th\u00e9matique Instrumentation des Recherches pour l\u2019analyse des donn\u00e9es Vid\u00e9o de pratiques \u00e9ducatives, 5-9 octobre, Brest. Novembre 2013, formation &hellip; <a href=\"https:\/\/icar.cnrs.fr\/membre\/yxu\/autres-activites\/\">Continuer la lecture <span class=\"meta-nav\">&rarr;<\/span><\/a><\/p>\n","protected":false},"author":4,"featured_media":0,"parent":0,"menu_order":0,"comment_status":"closed","ping_status":"closed","template":"","meta":{"footnotes":""},"class_list":["post-84","page","type-page","status-publish","hentry"],"_links":{"self":[{"href":"https:\/\/icar.cnrs.fr\/membre\/yxu\/wp-json\/wp\/v2\/pages\/84","targetHints":{"allow":["GET"]}}],"collection":[{"href":"https:\/\/icar.cnrs.fr\/membre\/yxu\/wp-json\/wp\/v2\/pages"}],"about":[{"href":"https:\/\/icar.cnrs.fr\/membre\/yxu\/wp-json\/wp\/v2\/types\/page"}],"author":[{"embeddable":true,"href":"https:\/\/icar.cnrs.fr\/membre\/yxu\/wp-json\/wp\/v2\/users\/4"}],"replies":[{"embeddable":true,"href":"https:\/\/icar.cnrs.fr\/membre\/yxu\/wp-json\/wp\/v2\/comments?post=84"}],"version-history":[{"count":4,"href":"https:\/\/icar.cnrs.fr\/membre\/yxu\/wp-json\/wp\/v2\/pages\/84\/revisions"}],"predecessor-version":[{"id":144,"href":"https:\/\/icar.cnrs.fr\/membre\/yxu\/wp-json\/wp\/v2\/pages\/84\/revisions\/144"}],"wp:attachment":[{"href":"https:\/\/icar.cnrs.fr\/membre\/yxu\/wp-json\/wp\/v2\/media?parent=84"}],"curies":[{"name":"wp","href":"https:\/\/api.w.org\/{rel}","templated":true}]}}