{"id":17,"date":"2016-04-12T09:34:42","date_gmt":"2016-04-12T08:34:42","guid":{"rendered":"http:\/\/www.icar.cnrs.fr\/sites\/projet-remilas\/?page_id=17"},"modified":"2016-04-12T09:34:42","modified_gmt":"2016-04-12T08:34:42","slug":"equipe","status":"publish","type":"page","link":"https:\/\/icar.cnrs.fr\/projet-remilas\/corpus\/equipe\/","title":{"rendered":"Equipe"},"content":{"rendered":"<p>\t\t\t\t<span style=\"color: #800000\"><strong><span style=\"color: #ff9900\">Partenaires<\/span> <\/strong><\/span><\/p>\n<p><a href=\"http:\/\/icar.univ-lyon2.fr\/\" target=\"_blank\" rel=\"noopener noreferrer\">Laboratoire ICAR<\/a>, Lyon (sous la tutelle de l&rsquo;ENS Lyon, du CNRS, de l&rsquo;Universit\u00e9 Lyon2) <a href=\"http:\/\/www.ch-le-vinatier.fr\/orspere-samdarra.html\" target=\"_blank\" rel=\"noopener noreferrer\">Centre Orspere-Samdarra<\/a> de l&rsquo;h\u00f4pital Le Vinatier, \u00e0 Lyon.<\/p>\n<p>Ces deux \u00e9quipes regroupent des sp\u00e9cialistes de linguistique interactionnelle, psychologie socio-culturelle, psychiatrie et sociologie. Elles ont une longue exp\u00e9rience de recherche et d&rsquo;action dans le champ des interactions m\u00e9dicales en contexte mono et multilingue, et dans le champ \u00ab\u00a0migration et sant\u00e9\u00a0\u00bb.<\/p>\n<p>Le projet repose \u00e9galement sur des collaborations avec diff\u00e9rents services et centres de sant\u00e9 (PASS, Mission Sant\u00e9 Ville de Lyon) et agences d&rsquo;interpr\u00e8tes (i.e. ISM Corum).<\/p>\n<p><span style=\"color: #ff9900\"><strong><span style=\"color: #ff9900\"><span style=\"color: #4d3108\">Coordinatrice du projet<\/span> <\/span><\/strong><\/span><\/p>\n<p><strong><a href=\"http:\/\/icar.univ-lyon2.fr\/membres\/vtraverso\/index.htm\">V\u00e9ronique Traverso<\/a><\/strong><br \/>\nLaboratoire ICAR &#8211; Directrice de recherche au CNRS<br \/>\nTh\u00e9matiques de recherche : linguistique interactionnelle, multimodalit\u00e9, langage au travail, interculturel<br \/>\ncontact\u00a0<a href=\"mailto:veronique.traverso@ens-lyon.fr\">veronique.traverso@ens-lyon.fr<\/a><\/p>\n<p><span style=\"color: #4d3108\"><strong><span style=\"color: #4d3108\">Membres du projet <\/span><\/strong><\/span><\/p>\n<p><strong>Natacha Carbonel<\/strong><br \/>\nOrspere-Samdarra &#8211; Charg\u00e9e de mission<br \/>\nAssistante de r\u00e9daction de la revue Rhizome<br \/>\ncontact\u00a0<a href=\"mailto:Natacha.CARBONEL@ch-le-vinatier.fr\">natacha.carbonel@ch-le-vinatier.fr<\/a><\/p>\n<p><strong><a href=\"http:\/\/www.centre-max-weber.fr\/Nicolas-Chambon\">Nicolas Chambon<\/a><\/strong><br \/>\nSociologue<br \/>\nOrspere-Samdarra \/ Responsable P\u00f4le Recherche<br \/>\nCentre Max Weber (UMR 5283) \u2013 Lyon II<br \/>\nTh\u00e9matiques de recherche : Migration et sant\u00e9 mentale, Militantisme et politique, Care et professionnalit\u00e9<br \/>\ncontact\u00a0<a href=\"mailto:nicolas.chambon@ch-le-vinatier.fr\">nicolas.chambon@ch-le-vinatier.fr<\/a><a>\u00a0<\/a><\/p>\n<p><a href=\"http:\/\/perso.ens-lyon.fr\/isabelle.colondecarvajal\/pro\/\"><strong>Isabel Colon de Carvajal<\/strong><\/a><br \/>\nLaboratoire ICAR &#8211; Ma\u00eetre de Conf\u00e9rences ENS de Lyon<br \/>\nTh\u00e9matiques de recherche : analyse conversationnelle, linguistique interactionnelle, multimodalit\u00e9, interaction &amp; technologies<br \/>\nContact:\u00a0<a class=\"moz-txt-link-abbreviated\" href=\"mailto:isabelle.colondecarvajal@ens-lyon.fr\">isabelle.colondecarvajal@ens-lyon.fr<\/a><\/p>\n<p><strong>Anne-Sophie Haeringer<\/strong><br \/>\nOrspere-Samdarra &#8211; charg\u00e9e de recherche CRESSON, Ambiances Architectures Urbanit\u00e9s (UMR 1563) PoCo, Centre Max Weber (UMR 5283)<br \/>\nTh\u00e9matiques de recherche : relation d&rsquo;aide, fin de vie, pragmatisme, enqu\u00eate, ethnographie<\/p>\n<p><a href=\"http:\/\/icar.univ-lyon2.fr\/membres\/ejouin\/\"><strong>Emilie Jouin<\/strong><\/a><br \/>\nLaboratoire ICAR &#8211; Ing\u00e9nieure d&rsquo;\u00e9tudes\u00a0au CNRS<br \/>\nTh\u00e9matique : correspondante juridique, production et analyse de donn\u00e9es en linguistique interactionnelle<br \/>\ncontact :\u00a0<a href=\"mailto:emilie.jouin@ens-lyon.fr\">emilie.jouin@ens-lyon.fr<\/a><\/p>\n<p><a href=\"http:\/\/icar.univ-lyon2.fr\/membres\/plambert\/\"><strong>Patricia Lambert<\/strong><\/a><br \/>\nLaboratoire ICAR &#8211; Professeur ENS de Lyon<br \/>\nTh\u00e9matiques de recherche : sociolinguistique interactionnelle, plurilinguisme et \u00e9ducation, formation professionnelle et langage<br \/>\nContact:\u00a0<a class=\"moz-txt-link-abbreviated\" href=\"mailto:isabelle.colondecarvajal@ens-lyon.fr\">patricia.lambert@ens-lyon.fr<\/a><\/p>\n<p><strong><a href=\"http:\/\/icar.univ-lyon2.fr\/membres\/jlascar\/\">Justine Lascar<\/a><\/strong><br \/>\nLaboratoire ICAR &#8211; Ing\u00e9nieure d&rsquo;\u00e9tudes\u00a0au CNRS<br \/>\nTh\u00e9matiques : ing\u00e9nierie de corpus oraux, montage vid\u00e9o, indexation<br \/>\ncontact :\u00a0<a href=\"mailto:justine.lascar@ens-lyon.fr\">justine.lascar@ens-lyon.fr<\/a><\/p>\n<p><strong>Gwen Le Goff<\/strong><br \/>\nDirectrice-adjointe du centre Orspere Samdarra<br \/>\nResponsable P\u00f4le Ressource<br \/>\nResponsable des \u00e9tudes &#8211; DIU Sant\u00e9, soci\u00e9t\u00e9 et migration<br \/>\ncontact\u00a0<a href=\"mailto:gwen.legoff@ch-le-vinatier.fr\">gwen.legoff@ch-le-vinatier.fr<\/a><\/p>\n<p><strong><a href=\"http:\/\/icar.univ-lyon2.fr\/membres\/gniccolai\/\">Gerald P. Niccolai<\/a><\/strong><br \/>\nLaboratoire ICAR &#8211; Charg\u00e9 de recherche au CNRS<br \/>\nTh\u00e9matiques : Mise en d\u00e9bat des questions socioscientifiques, interactions entre des scientifiques et des adultes et\/ou des enfants dans diverses situations.<br \/>\ncontact : <a href=\"mailto:gerald.niccolai@ens-lyon.fr\">gerald.niccolai@ens-lyon.fr<\/a><\/p>\n<p><a href=\"http:\/\/www.icar.cnrs.fr\/membre\/vpiccoli\/\"><strong>Vanessa Piccoli<\/strong><\/a><br \/>\nLaboratoire ICAR \/ Labex ASLAN &#8211; Post-Doc<br \/>\nTh\u00e9matiques de recherche : analyse conversationnelle, multimodalit\u00e9, interactions plurilingues, intercompr\u00e9hension, communication affective<br \/>\ncontact : <a href=\"mailto:vanessa.piccoli@ens-lyon.fr\">vanessa.piccoli@ens-lyon.fr<\/a><\/p>\n<p><a href=\"http:\/\/icar.univ-lyon2.fr\/membres\/acticca\/\"><strong>Anna Claudia Ticca<\/strong><\/a><br \/>\nLaboratoire ICAR &#8211; Charg\u00e9e de recherche<br \/>\nTh\u00e9matiques de recherche : linguistique interactionnelle, multimodalit\u00e9, interactions plurilingues, pratiques de traduction et d\u2019interpr\u00e9tation,\u00a0ethnographie, langue et culture maya yucat\u00e8que<br \/>\ncontact :\u00a0<a href=\"mailto:anna.ticca@ens-lyon.fr\">anna.ticca@ens-lyon.fr<\/a><\/p>\n<p><strong>Halima Zeroug-Vial<\/strong><br \/>\nM\u00e9decin Psychiatre<br \/>\nDirectrice de l\u2019Orspere-Samdarra<br \/>\ncontact\u00a0<a href=\"mailto:Halima.zeroug-vial@ch-le-vinatier.fr\">Halima.zeroug-vial@ch-le-vinatier.fr<\/a><\/p>\n<p>Retrouvez-nous sur <a href=\"https:\/\/www.facebook.com\/projetRemilas\/\">Facebook<\/a> et <a href=\"https:\/\/twitter.com\/ProjetRemilas\">Twitter<\/a> !\t\t<\/p>\n","protected":false},"excerpt":{"rendered":"<p>Partenaires Laboratoire ICAR, Lyon (sous la tutelle de l&rsquo;ENS Lyon, du CNRS, de l&rsquo;Universit\u00e9 Lyon2) Centre Orspere-Samdarra de l&rsquo;h\u00f4pital Le Vinatier, \u00e0 Lyon. Ces deux \u00e9quipes regroupent des sp\u00e9cialistes de linguistique interactionnelle, psychologie socio-culturelle, psychiatrie et sociologie. Elles ont une &hellip; <a href=\"https:\/\/icar.cnrs.fr\/projet-remilas\/corpus\/equipe\/\">Continuer la lecture <span class=\"meta-nav\">&rarr;<\/span><\/a> <a href=\"https:\/\/icar.cnrs.fr\/projet-remilas\/corpus\/equipe\/\">Continuer la lecture <span class=\"meta-nav\">&rarr;<\/span><\/a><\/p>\n","protected":false},"author":17,"featured_media":0,"parent":44,"menu_order":0,"comment_status":"closed","ping_status":"closed","template":"","meta":{"inline_featured_image":false,"footnotes":""},"class_list":["post-17","page","type-page","status-publish","hentry"],"_links":{"self":[{"href":"https:\/\/icar.cnrs.fr\/projet-remilas\/wp-json\/wp\/v2\/pages\/17","targetHints":{"allow":["GET"]}}],"collection":[{"href":"https:\/\/icar.cnrs.fr\/projet-remilas\/wp-json\/wp\/v2\/pages"}],"about":[{"href":"https:\/\/icar.cnrs.fr\/projet-remilas\/wp-json\/wp\/v2\/types\/page"}],"author":[{"embeddable":true,"href":"https:\/\/icar.cnrs.fr\/projet-remilas\/wp-json\/wp\/v2\/users\/17"}],"replies":[{"embeddable":true,"href":"https:\/\/icar.cnrs.fr\/projet-remilas\/wp-json\/wp\/v2\/comments?post=17"}],"version-history":[{"count":0,"href":"https:\/\/icar.cnrs.fr\/projet-remilas\/wp-json\/wp\/v2\/pages\/17\/revisions"}],"up":[{"embeddable":true,"href":"https:\/\/icar.cnrs.fr\/projet-remilas\/wp-json\/wp\/v2\/pages\/44"}],"wp:attachment":[{"href":"https:\/\/icar.cnrs.fr\/projet-remilas\/wp-json\/wp\/v2\/media?parent=17"}],"curies":[{"name":"wp","href":"https:\/\/api.w.org\/{rel}","templated":true}]}}