{"id":304,"date":"2017-10-20T14:08:30","date_gmt":"2017-10-20T13:08:30","guid":{"rendered":"http:\/\/www.icar.cnrs.fr\/sites\/projet-remilas\/?page_id=304"},"modified":"2021-02-20T14:03:49","modified_gmt":"2021-02-20T13:03:49","slug":"valorisation","status":"publish","type":"page","link":"https:\/\/icar.cnrs.fr\/projet-remilas\/valorisation\/","title":{"rendered":"REMIL&rsquo;ART"},"content":{"rendered":"<p>Le projet REMIL&rsquo;ART, financ\u00e9 par le <a href=\"https:\/\/aslan.universite-lyon.fr\/\">LabEx ASLAN<\/a>, a pour but de diffuser les r\u00e9sultats du projet REMILAS en dehors de la sph\u00e8re acad\u00e9mique, en proposant au grand public des initiatives de sensibilisation autour des th\u00e8mes de la migration et du plurilinguisme. En particulier, gr\u00e2ce \u00e0 la collaboration avec S\u00e9verine Puel, metteuse en sc\u00e8ne, Marie-Pierre Morel-Lab, sc\u00e9nographe et costumi\u00e8re, et avec un groupe d\u2019\u00e9tudiants et de personnes en situation de migration, nous avons d\u00e9velopp\u00e9e un dispositif th\u00e9\u00e2tral intitul\u00e9 <strong><em>REMILARTIS &#8211;\u00a0Une communication (im)possible ?<\/em><\/strong><\/p>\n<p>Ce dispositif met le public dans une situation d\u2019immersion et l\u2019am\u00e8ne \u00e0 vivre en premi\u00e8re personne les difficult\u00e9s auxquelles les migrants et les demandeurs d\u2019asile sont confront\u00e9s lors des rencontres institutionnelles \u2013 sur le plan linguistique ainsi qu\u2019au niveau de la compr\u00e9hension des proc\u00e9dures, normes et pratiques des syst\u00e8mes d&rsquo;accueil. A l\u2019issue de la performance, les participants sont invit\u00e9s \u00e0 retransmettre leur v\u00e9cu par le biais d\u2019une installation plastique collaborative\u00a0autour du langage et des mots.<\/p>\n<p>Cette performance a \u00e9t\u00e9 r\u00e9alis\u00e9e \u00e0 plusieurs reprises dans le cadre de manifestations grand public et d&rsquo;animations culturelles (Nuit Europ\u00e9enne des Chercheur.e.s 2017 ; F\u00eate de la Science 2017, 2018, 2019 ; Pop&rsquo;Sciences 2019, Mus\u00e9e Gadagne 2019), de contextes de formation et diffusion scientifique (\u00c9cole th\u00e9matique Anthropoc\u00e8ne 2017 \u00e0 l\u2019ENS de Lyon; Colloque PRELA 2019). Par ailleurs, un billet intitul\u00e9 <a href=\"https:\/\/aslan.universite-lyon.fr\/billets-d-aslan\/une-experience-de-la-vie-d-un-migrant-58052.kjsp?RH=ASLAN\"><em>Une exp\u00e9rience de la vie d&rsquo;un migrant<\/em><\/a>\u00a0sur le site du LabEx ASLAN a \u00e9t\u00e9 consacr\u00e9 au projet REMIL&rsquo;ART.<\/p>\n<p>Pour cl\u00f4turer l&rsquo;exp\u00e9rience de REMIL\u2019ART, l&rsquo;\u00e9quipe a r\u00e9alis\u00e9 <strong>une maquette pour permettre \u00e0 d\u2019autres \u00e9quipes ou associations de reproduire le dispositif<\/strong>,\u00a0r\u00e9alis\u00e9 en collaboration avec l&rsquo;agence de design Distorsion.<\/p>\n<p>La maquette est t\u00e9l\u00e9charg\u00e9able gratuitement ici\u00a0: <a href=\"https:\/\/icar.cnrs.fr\/projet-remilas\/files\/2021\/02\/REMILARTIS-Dossier-Explicatif.pdf\">REMILARTIS Dossier Explicatif<\/a><\/p>\n<p>La bande sonore est disponible <a href=\"https:\/\/vimeo.com\/manage\/459402534\/general\">ici<\/a>.<\/p>\n<p><strong>Forum Nouvelles Initiatives de M\u00e9diation Scientifique 2019\u00a0<\/strong><\/p>\n<p><iframe loading=\"lazy\" title=\"NIMS 2019 | Autour des dispositifs immersifs : repenser la narration par l&#039;immersion\" width=\"640\" height=\"360\" src=\"https:\/\/www.youtube.com\/embed\/NxoBZZx5uNM?list=PL-GL80g2OlE3_YIhBJqQ_yx_b_OLtNIiq\" frameborder=\"0\" allow=\"accelerometer; autoplay; clipboard-write; encrypted-media; gyroscope; picture-in-picture; web-share\" referrerpolicy=\"strict-origin-when-cross-origin\" allowfullscreen><\/iframe><\/p>\n<h5><i>Vanessa Piccoli et S\u00e9verine\u00a0Puel pr\u00e9sentent le dispositif th\u00e9\u00e2tral REMIL&rsquo;ART dans le cadre de la table ronde \u00ab\u00a0Autour des dispositifs immersifs : Repenser la narration par l&rsquo;immersion\u00a0\u00bb, au Forum NIMS 2019, organis\u00e9 par le CNRS \u00e0 la Maison de la Culture de Grenoble. (<strong>Vid\u00e9o n\u00b03, \u00e0 partir de la minute 24.20<\/strong>)<\/i><\/h5>\n<p><strong>F\u00eate de la Science 2018<\/strong><\/p>\n<p><a href=\"https:\/\/www.facebook.com\/projetRemilas\/videos\/565621920559834\/?notif_id=1540468380427750&#038;notif_t=page_post_reaction\">https:\/\/www.facebook.com\/projetRemilas\/videos\/565621920559834\/?notif_id=1540468380427750&amp;notif_t=page_post_reaction<\/a><\/p>\n<h5><em>Capsule vid\u00e9o r\u00e9alis\u00e9e par la <a href=\"https:\/\/www.msh-lse.fr\">MSH Lyon Saint-Etienne<\/a> lors de la F\u00eate de la Science 2018, \u00e0 l&rsquo;ENS de Lyon.<\/em><\/h5>\n<p><strong>Nuit Europ\u00e9enne des Chercheur.e.s 2017<\/strong><\/p>\n<p><iframe loading=\"lazy\" title=\"Une communication (im)possible ?\" src=\"https:\/\/player.vimeo.com\/video\/239103754?dnt=1&amp;app_id=122963\" width=\"640\" height=\"360\" frameborder=\"0\" allow=\"autoplay; fullscreen; picture-in-picture; clipboard-write\"><\/iframe><\/p>\n<h5><em>Retour en images de la performance r\u00e9alis\u00e9e lors de Nuit Europ\u00e9enne des Chercheur.e.s 2017 \u00a0au Rize de Villeurbanne.<\/em><\/h5>\n<p><strong>\u00c9cole th\u00e9matique Anthropoc\u00e8ne 2017<\/strong><\/p>\n<p>Le jeudi 2 Novembre 2017 l\u2019\u00e9quipe de Remilas a anim\u00e9 un atelier pratique dans le cadre de l\u2019\u00e9cole th\u00e9matique <a href=\"http:\/\/www.ens-lyon.fr\/node\/347602\">Anthropoc\u00e8ne<\/a>, \u00e0 l\u2019ENS de Lyon.<\/p>\n<p><img loading=\"lazy\" decoding=\"async\" class=\"alignnone size-medium wp-image-328\" src=\"https:\/\/icar.cnrs.fr\/projet-remilas\/files\/2017\/12\/DSC09899-300x200.jpg\" alt=\"\" width=\"300\" height=\"200\" srcset=\"https:\/\/icar.cnrs.fr\/projet-remilas\/files\/2017\/12\/DSC09899-300x200.jpg 300w, https:\/\/icar.cnrs.fr\/projet-remilas\/files\/2017\/12\/DSC09899-768x512.jpg 768w, https:\/\/icar.cnrs.fr\/projet-remilas\/files\/2017\/12\/DSC09899-1024x683.jpg 1024w, https:\/\/icar.cnrs.fr\/projet-remilas\/files\/2017\/12\/DSC09899-1568x1045.jpg 1568w\" sizes=\"auto, (max-width: 300px) 100vw, 300px\" \/> <img loading=\"lazy\" decoding=\"async\" class=\"alignnone size-medium wp-image-329\" src=\"https:\/\/icar.cnrs.fr\/projet-remilas\/files\/2017\/12\/DSC09898-300x200.jpg\" alt=\"\" width=\"300\" height=\"200\" srcset=\"https:\/\/icar.cnrs.fr\/projet-remilas\/files\/2017\/12\/DSC09898-300x200.jpg 300w, https:\/\/icar.cnrs.fr\/projet-remilas\/files\/2017\/12\/DSC09898-768x512.jpg 768w, https:\/\/icar.cnrs.fr\/projet-remilas\/files\/2017\/12\/DSC09898-1024x683.jpg 1024w, https:\/\/icar.cnrs.fr\/projet-remilas\/files\/2017\/12\/DSC09898-1568x1045.jpg 1568w\" sizes=\"auto, (max-width: 300px) 100vw, 300px\" \/> <img loading=\"lazy\" decoding=\"async\" class=\"alignnone size-medium wp-image-331\" src=\"https:\/\/icar.cnrs.fr\/projet-remilas\/files\/2017\/12\/DSC09895-300x200.jpg\" alt=\"\" width=\"300\" height=\"200\" srcset=\"https:\/\/icar.cnrs.fr\/projet-remilas\/files\/2017\/12\/DSC09895-300x200.jpg 300w, https:\/\/icar.cnrs.fr\/projet-remilas\/files\/2017\/12\/DSC09895-768x512.jpg 768w, https:\/\/icar.cnrs.fr\/projet-remilas\/files\/2017\/12\/DSC09895-1024x683.jpg 1024w, https:\/\/icar.cnrs.fr\/projet-remilas\/files\/2017\/12\/DSC09895-1568x1045.jpg 1568w\" sizes=\"auto, (max-width: 300px) 100vw, 300px\" \/> <img loading=\"lazy\" decoding=\"async\" class=\"alignnone size-medium wp-image-332\" src=\"https:\/\/icar.cnrs.fr\/projet-remilas\/files\/2017\/12\/DSC09922-300x200.jpg\" alt=\"\" width=\"300\" height=\"200\" srcset=\"https:\/\/icar.cnrs.fr\/projet-remilas\/files\/2017\/12\/DSC09922-300x200.jpg 300w, https:\/\/icar.cnrs.fr\/projet-remilas\/files\/2017\/12\/DSC09922-768x512.jpg 768w, https:\/\/icar.cnrs.fr\/projet-remilas\/files\/2017\/12\/DSC09922-1024x683.jpg 1024w, https:\/\/icar.cnrs.fr\/projet-remilas\/files\/2017\/12\/DSC09922-1568x1045.jpg 1568w\" sizes=\"auto, (max-width: 300px) 100vw, 300px\" \/> <img loading=\"lazy\" decoding=\"async\" class=\"alignnone size-medium wp-image-334\" src=\"https:\/\/icar.cnrs.fr\/projet-remilas\/files\/2017\/12\/DSC09919-300x200.jpg\" alt=\"\" width=\"300\" height=\"200\" srcset=\"https:\/\/icar.cnrs.fr\/projet-remilas\/files\/2017\/12\/DSC09919-300x200.jpg 300w, https:\/\/icar.cnrs.fr\/projet-remilas\/files\/2017\/12\/DSC09919-768x512.jpg 768w, https:\/\/icar.cnrs.fr\/projet-remilas\/files\/2017\/12\/DSC09919-1024x683.jpg 1024w, https:\/\/icar.cnrs.fr\/projet-remilas\/files\/2017\/12\/DSC09919-1568x1045.jpg 1568w\" sizes=\"auto, (max-width: 300px) 100vw, 300px\" \/> <img loading=\"lazy\" decoding=\"async\" class=\"alignnone size-medium wp-image-335\" src=\"https:\/\/icar.cnrs.fr\/projet-remilas\/files\/2017\/12\/DSC09918-300x200.jpg\" alt=\"\" width=\"300\" height=\"200\" srcset=\"https:\/\/icar.cnrs.fr\/projet-remilas\/files\/2017\/12\/DSC09918-300x200.jpg 300w, https:\/\/icar.cnrs.fr\/projet-remilas\/files\/2017\/12\/DSC09918-768x512.jpg 768w, https:\/\/icar.cnrs.fr\/projet-remilas\/files\/2017\/12\/DSC09918-1024x683.jpg 1024w, https:\/\/icar.cnrs.fr\/projet-remilas\/files\/2017\/12\/DSC09918-1568x1045.jpg 1568w\" sizes=\"auto, (max-width: 300px) 100vw, 300px\" \/> <img loading=\"lazy\" decoding=\"async\" class=\"alignnone size-medium wp-image-338\" src=\"https:\/\/icar.cnrs.fr\/projet-remilas\/files\/2017\/12\/DSC09913-300x200.jpg\" alt=\"\" width=\"300\" height=\"200\" srcset=\"https:\/\/icar.cnrs.fr\/projet-remilas\/files\/2017\/12\/DSC09913-300x200.jpg 300w, https:\/\/icar.cnrs.fr\/projet-remilas\/files\/2017\/12\/DSC09913-768x512.jpg 768w, https:\/\/icar.cnrs.fr\/projet-remilas\/files\/2017\/12\/DSC09913-1024x683.jpg 1024w, https:\/\/icar.cnrs.fr\/projet-remilas\/files\/2017\/12\/DSC09913-1568x1045.jpg 1568w\" sizes=\"auto, (max-width: 300px) 100vw, 300px\" \/> <img loading=\"lazy\" decoding=\"async\" class=\"alignnone size-medium wp-image-341\" src=\"https:\/\/icar.cnrs.fr\/projet-remilas\/files\/2017\/12\/DSC09909-300x200.jpg\" alt=\"\" width=\"300\" height=\"200\" srcset=\"https:\/\/icar.cnrs.fr\/projet-remilas\/files\/2017\/12\/DSC09909-300x200.jpg 300w, https:\/\/icar.cnrs.fr\/projet-remilas\/files\/2017\/12\/DSC09909-768x512.jpg 768w, https:\/\/icar.cnrs.fr\/projet-remilas\/files\/2017\/12\/DSC09909-1024x683.jpg 1024w, https:\/\/icar.cnrs.fr\/projet-remilas\/files\/2017\/12\/DSC09909-1568x1045.jpg 1568w\" sizes=\"auto, (max-width: 300px) 100vw, 300px\" \/><\/p>\n<p><iframe loading=\"lazy\" title=\"Atelier Remilas \u00e0 l&#039;\u00e9cole Anthropoc\u00e8ne : la restitution des \u00e9tudiants\" src=\"https:\/\/player.vimeo.com\/video\/247156880?dnt=1&amp;app_id=122963\" width=\"640\" height=\"360\" frameborder=\"0\" allow=\"autoplay; fullscreen; picture-in-picture; clipboard-write\"><\/iframe><\/p>\n<h5><em>La restitution cr\u00e9ative (et plurilingue) des \u00e9tudiants qui ont particip\u00e9 \u00e0 l&rsquo;atelier.<\/em><\/h5>\n<p><em>Photos et vid\u00e9o : JLG &#8211; ENS de Lyon &#8211; Formation Anthropoc\u00e8ne 2017<\/em><\/p>\n","protected":false},"excerpt":{"rendered":"<p>Le projet REMIL&rsquo;ART, financ\u00e9 par le LabEx ASLAN, a pour but de diffuser les r\u00e9sultats du projet REMILAS en dehors de la sph\u00e8re acad\u00e9mique, en proposant au grand public des initiatives de sensibilisation autour des th\u00e8mes de la migration et &hellip; <a href=\"https:\/\/icar.cnrs.fr\/projet-remilas\/valorisation\/\">Continuer la lecture <span class=\"meta-nav\">&rarr;<\/span><\/a> <a href=\"https:\/\/icar.cnrs.fr\/projet-remilas\/valorisation\/\">Continuer la lecture <span class=\"meta-nav\">&rarr;<\/span><\/a><\/p>\n","protected":false},"author":17,"featured_media":0,"parent":0,"menu_order":0,"comment_status":"closed","ping_status":"closed","template":"","meta":{"inline_featured_image":false,"footnotes":""},"class_list":["post-304","page","type-page","status-publish","hentry"],"_links":{"self":[{"href":"https:\/\/icar.cnrs.fr\/projet-remilas\/wp-json\/wp\/v2\/pages\/304","targetHints":{"allow":["GET"]}}],"collection":[{"href":"https:\/\/icar.cnrs.fr\/projet-remilas\/wp-json\/wp\/v2\/pages"}],"about":[{"href":"https:\/\/icar.cnrs.fr\/projet-remilas\/wp-json\/wp\/v2\/types\/page"}],"author":[{"embeddable":true,"href":"https:\/\/icar.cnrs.fr\/projet-remilas\/wp-json\/wp\/v2\/users\/17"}],"replies":[{"embeddable":true,"href":"https:\/\/icar.cnrs.fr\/projet-remilas\/wp-json\/wp\/v2\/comments?post=304"}],"version-history":[{"count":3,"href":"https:\/\/icar.cnrs.fr\/projet-remilas\/wp-json\/wp\/v2\/pages\/304\/revisions"}],"predecessor-version":[{"id":668,"href":"https:\/\/icar.cnrs.fr\/projet-remilas\/wp-json\/wp\/v2\/pages\/304\/revisions\/668"}],"wp:attachment":[{"href":"https:\/\/icar.cnrs.fr\/projet-remilas\/wp-json\/wp\/v2\/media?parent=304"}],"curies":[{"name":"wp","href":"https:\/\/api.w.org\/{rel}","templated":true}]}}