{"id":528,"date":"2019-04-09T13:29:37","date_gmt":"2019-04-09T12:29:37","guid":{"rendered":"http:\/\/www.icar.cnrs.fr\/sites\/projet-remilas\/?page_id=528"},"modified":"2019-04-09T13:29:37","modified_gmt":"2019-04-09T12:29:37","slug":"remildoc","status":"publish","type":"page","link":"https:\/\/icar.cnrs.fr\/projet-remilas\/remildoc\/","title":{"rendered":"REMIL&rsquo;DOC"},"content":{"rendered":"\n\t\t\t\t\n<p>Le projet REMIL\u2019DOC a pour but de r\u00e9aliser un documentaire \u00e0 destination du grand public issu des recherches du projet REMILAS, portant plus pr\u00e9cis\u00e9ment sur la communication des patients migrants avec les personnels de sant\u00e9 mentale. <\/p>\n\n\n\n<p>Ce projet de documentaire a d\u00e9j\u00e0 re\u00e7u le soutien financier de : le <a href=\"https:\/\/aslan.universite-lyon.fr\">LabEx ASLAN<\/a>, le <a href=\"http:\/\/www.ch-le-vinatier.fr\/offre-de-soins\/la-recherche\/le-csr-643.html\">Conseil Scientifique de la Recherche<\/a> du Centre hospitalier le Vinatier, l&rsquo;<a href=\"https:\/\/www.auvergne-rhone-alpes.ars.sante.fr\">Agence r\u00e9gionale de sant\u00e9 Auvergne-Rh\u00f4ne-Alpes<\/a>, la <a href=\"http:\/\/www.prefectures-regions.gouv.fr\/auvergne-rhone-alpes\">Pr\u00e9fecture de la r\u00e9gion Auvergne-Rh\u00f4ne-Alpes<\/a>, le <a href=\"https:\/\/www.interieur.gouv.fr\">Minist\u00e8re de l&rsquo;Int\u00e9rieur<\/a>. <\/p>\n\n\n\n<p>Le film sera r\u00e9alis\u00e9 par Antoine Dubos (<a href=\"https:\/\/www.antoinedubos.com\/\">https:\/\/www.antoinedubos.com<\/a>), en partenariat avec la soci\u00e9t\u00e9 de production Soci\u00e9t\u00e9 des Apaches (<a href=\"https:\/\/lasocietedesapaches.com\/\">https:\/\/lasocietedesapaches.com<\/a>). Travaillant depuis plusieurs ann\u00e9es sur les th\u00e9matiques de la pr\u00e9carit\u00e9 et de la migration, auteur notamment des films \u00ab\u00a0L&rsquo;attente\u00a0\u00bb (2018) et \u00ab\u00a0Exils Adolescents\u00a0\u00bb (2018) sur la situation des demandeurs d&rsquo;asile primo-arrivants et des mineurs non accompagn\u00e9s, Antoine Dubos s\u2019est montr\u00e9 tout de suite tr\u00e8s int\u00e9ress\u00e9 par le projet et tr\u00e8s sensible aux demandes de l\u2019\u00e9quipe. Ainsi, il a commenc\u00e9 \u00e0 travailler \u00e0 la conception du film en collaboration avec l\u2019\u00e9quipe REMILAS (ICAR et Ospere-Samdarra) et, \u00e0 partir d\u2019octobre 2018, avec les acteurs de terrain qui seront impliqu\u00e9s dans le documentaire.<\/p>\n\n\n\n<p>En montrant le quotidien de l\u2019Equipe Mobile Psychiatrie Pr\u00e9carit\u00e9 (EMPP) du Centre hospitalier sp\u00e9cialis\u00e9 de la Savoie, \u00e0 Chamb\u00e9ry, qui accueille depuis des ann\u00e9es un public migrant allophone en situation de pr\u00e9carit\u00e9, le film mettra en lumi\u00e8re les richesses et les difficult\u00e9s des interactions plurilingues dans ce contexte particulier.&nbsp;Plus pr\u00e9cis\u00e9ment, le documentaire montrera la complexit\u00e9 de ces situations, en mettant en avant les \u00e9l\u00e9ments qui peuvent engendrer des incompr\u00e9hensions ainsi que les pratiques qui facilitent la communication et produisent un climat de confiance.<\/p>\n\n\n\n<p>Le documentaire aura pour objectif de&nbsp;:<\/p>\n\n\n\n<ul class=\"wp-block-list\"><li>Am\u00e9liorer l\u2019accompagnement et l\u2019accueil des demandeurs d\u2019asile et des r\u00e9fugi\u00e9s&nbsp;;<\/li><li>Sensibiliser le grand public et les professionnels sur le th\u00e8me de la communication institutionnelle avec des migrants et demandeurs d\u2019asile&nbsp;;<\/li><li>Prendre en compte et valoriser le point de vue des personnes concern\u00e9es&nbsp;;<\/li><li>Communiquer sur les enjeux autour de l\u2019interpr\u00e9tariat en tant qu\u2019enjeu de sant\u00e9 publique important qui reste m\u00e9connu&nbsp;;<\/li><li>Valoriser les activit\u00e9s de recherche du projet REMILAS, du laboratoire ICAR et du LabEx ASLAN.<\/li><\/ul>\n\n\n\n<p>Le documentaire aura&nbsp;une dur\u00e9e de 52 minutes  et il sera destin\u00e9 \u00e0 une diffusion tr\u00e8s large: festivals cin\u00e9matographiques, projection dans le cadre d\u2019\u00e9v\u00e8nements sur la migration (ex. Biennale Traces, Festival Migrant\u2019Sc\u00e8ne), t\u00e9l\u00e9vision, actions de formation pour \u00e9tudiants universitaires et pour professionnels du monde de la sant\u00e9 et de l\u2019interpr\u00e9tariat.&nbsp;&nbsp;La sortie du film est pr\u00e9vue pour le printemps 2020.<\/p>\n\t\t","protected":false},"excerpt":{"rendered":"<p>Le projet REMIL\u2019DOC a pour but de r\u00e9aliser un documentaire \u00e0 destination du grand public issu des recherches du projet REMILAS, portant plus pr\u00e9cis\u00e9ment sur la communication des patients migrants avec les personnels de sant\u00e9 mentale. Ce projet de documentaire &hellip; <a href=\"https:\/\/icar.cnrs.fr\/projet-remilas\/remildoc\/\">Continuer la lecture <span class=\"meta-nav\">&rarr;<\/span><\/a> <a href=\"https:\/\/icar.cnrs.fr\/projet-remilas\/remildoc\/\">Continuer la lecture <span class=\"meta-nav\">&rarr;<\/span><\/a><\/p>\n","protected":false},"author":17,"featured_media":0,"parent":0,"menu_order":0,"comment_status":"closed","ping_status":"closed","template":"","meta":{"inline_featured_image":false,"footnotes":""},"class_list":["post-528","page","type-page","status-publish","hentry"],"_links":{"self":[{"href":"https:\/\/icar.cnrs.fr\/projet-remilas\/wp-json\/wp\/v2\/pages\/528","targetHints":{"allow":["GET"]}}],"collection":[{"href":"https:\/\/icar.cnrs.fr\/projet-remilas\/wp-json\/wp\/v2\/pages"}],"about":[{"href":"https:\/\/icar.cnrs.fr\/projet-remilas\/wp-json\/wp\/v2\/types\/page"}],"author":[{"embeddable":true,"href":"https:\/\/icar.cnrs.fr\/projet-remilas\/wp-json\/wp\/v2\/users\/17"}],"replies":[{"embeddable":true,"href":"https:\/\/icar.cnrs.fr\/projet-remilas\/wp-json\/wp\/v2\/comments?post=528"}],"version-history":[{"count":0,"href":"https:\/\/icar.cnrs.fr\/projet-remilas\/wp-json\/wp\/v2\/pages\/528\/revisions"}],"wp:attachment":[{"href":"https:\/\/icar.cnrs.fr\/projet-remilas\/wp-json\/wp\/v2\/media?parent=528"}],"curies":[{"name":"wp","href":"https:\/\/api.w.org\/{rel}","templated":true}]}}