{"id":533,"date":"2019-04-09T13:32:33","date_gmt":"2019-04-09T12:32:33","guid":{"rendered":"http:\/\/www.icar.cnrs.fr\/sites\/projet-remilas\/?page_id=533"},"modified":"2019-04-09T13:32:33","modified_gmt":"2019-04-09T12:32:33","slug":"remilas-liban","status":"publish","type":"page","link":"https:\/\/icar.cnrs.fr\/projet-remilas\/remilas-liban\/","title":{"rendered":"REMILAS Liban"},"content":{"rendered":"\n\t\t\t\t\n<p><\/p>\n\n\n\n<p><strong><em>Linguistic and communicative dimensions in assistance to refugees and displaced people in Lebanon (<\/em><\/strong><strong>REMILAS_LEBANON)<\/strong><\/p>\n\n\n\n<p><em>Dimensions linguistiques et communicatives dans l&rsquo;assistance aux r\u00e9fugi\u00e9s et personnes d\u00e9plac\u00e9es au Liban<\/em>(REMILAS_LIBAN)<\/p>\n\n\n\n<p><strong>\u0627\u0644\u0623\u0628\u0639\u0627\u062f \u0627\u0644\u0644\u063a\u0648\u064a\u0629 \u0648\u0627\u0644\u0627\u062a\u0635\u0627\u0644\u064a\u0629 \u0641\u064a \u0645\u0633\u0627\u0639\u062f\u0629 \u0627\u0644\u0644\u0627\u062c\u0626\u064a\u0646 \u0648\u0627\u0644\u0646\u0627\u0632\u062d\u064a\u0646 \u0641\u064a \u0644\u0628\u0646\u0627\u0646&nbsp;<\/strong><\/p>\n\n\n\n<p><\/p>\n\n\n\n<p>Le projet&nbsp;<em>Dimensions linguistiques et communicatives dans l&rsquo;assistance aux r\u00e9fugi\u00e9s et personnes d\u00e9plac\u00e9es au Liban\u00a0\u00bb<\/em>(REMILAS_LIBAN) vise \u00e0 comprendre les obstacles, difficult\u00e9s, incompr\u00e9hensions, voire malentendus qui peuvent avoir lieu au cours des interactions \u00e0 caract\u00e8re m\u00e9dico-social, entre les r\u00e9fugi\u00e9s\/d\u00e9plac\u00e9s syriens et les professionnels avec qui ils sont en contact au cours de leurs d\u00e9marches pour obtenir de l&rsquo;assistance m\u00e9dicale ou sociale au Liban.<\/p>\n\n\n\n<p>Il se d\u00e9veloppe en lien avec le projet REMILAS. Il a d\u00e9but\u00e9 en septembre 2018 et il est men\u00e9 en collaboration entre l&rsquo;Institut Fran\u00e7ais du Proche Orient (IFPO) et l&rsquo;Universit\u00e9 St Joseph (D\u00e9partement de psychiatrie, Facult\u00e9 de M\u00e9decine) et le laboratoire ICAR.<\/p>\n\n\n\n<p>Le travail de terrain a \u00e9t\u00e9 r\u00e9alis\u00e9 dans plusieurs associations d&rsquo;aide aux personnes pr\u00e9caires ou aux personnes d\u00e9plac\u00e9es, essentiellement des femmes. Les sp\u00e9cificit\u00e9s de ces terrains ont conduit \u00e0 enregistrer plusieurs types de donn\u00e9es (la plupart vid\u00e9o)&nbsp;:&nbsp;&nbsp;<\/p>\n\n\n\n<p>\u2013&nbsp;des entretiens avec des&nbsp;psychologues, travailleurs sociaux, responsables ou intervenants d&rsquo;associations ou de centre communautaires&nbsp;;<\/p>\n\n\n\n<p>\u2013&nbsp;des sessions de Life skills (LS) et Soutien Psycho-Social (Psycho-Social Support, PSS).&nbsp;Il s&rsquo;agit d&rsquo;activit\u00e9s li\u00e9es au soutien psychologique, qui propos\u00e9es par les associations et les centres communautaires sont des sessions collectives, suivant les pr\u00e9conisations du Haut Commissariat des Nations unies pour les r\u00e9fugi\u00e9s (UNHCR) qui ont fait suite aux crises humanitaires de Bosnie-Herz\u00e9govine. Ces sessions anim\u00e9es par des travailleurs sociaux abordent diff\u00e9rents aspects sociaux potentiellement probl\u00e9matiques (la violence dans l&rsquo;\u00e9ducation, la protection infantile, la mariage pr\u00e9coce, etc.)&nbsp;;<\/p>\n\n\n\n<p>\u2013 des interactions de formations dispens\u00e9es par les associations. Ces formations concernent la broderie \u00e0 la main (point de croix, dentelle, etc.), la technique Aghab\u00e2ni damasc\u00e8ne de broderie artisanale \u00e0 la machine, l&rsquo;impression au tampon, le crochet, la couture. Une s\u00e9rie d&rsquo;enregistrements de formations a \u00e9t\u00e9 effectu\u00e9e en d\u00e9cembre 2018 et en mars 2019.&nbsp;<\/p>\n\n\n\n<table class=\"wp-block-table\"><tbody><tr><td>ENTRETIENS (psychologues et travailleuses sociales, <br>responsables d&rsquo;associations ou de centres <br>communautaires, intervenants d&rsquo;associations)<\/td><td>23 <br>interactions<\/td><\/tr><tr><td>SESSIONS de Life skills (LS) et Soutien Psycho-Social <br>(Psycho-Social Support, PSS)<\/td><td>10<br>interactions<\/td><\/tr><tr><td>SESSIONS&nbsp;&nbsp;de formation (broderie, tampon, <br>aghab\u00e2ni, couture, crochet)<\/td><td>14 interactions<\/td><\/tr><\/tbody><\/table>\n\n\n\n<p>L&rsquo;ensemble du corpus repr\u00e9sente (en avril 2019) une cinquantaine d&rsquo;heures d&rsquo;enregistrement (en arabe, fran\u00e7ais, anglais). Il est en cours de transcription.<\/p>\n\n\n\n<p>Les analyses se d\u00e9veloppent sur les aspects suivants&nbsp;:<\/p>\n\n\n\n<p>\u2013 Les cadres de participation mis en place dans les sessions de Life Skills et de Soutien Psycho-social. On examine comment l&rsquo;activit\u00e9 elle-m\u00eame attribue des places et des images identitaires aux participantes, comment les intervenantes accueillent les initiatives des femmes, comment des prises de parole individuelles et singuli\u00e8res peuvent, ou non, \u00e9merger dans ce cadre collectif, et comment les intervenantes (travailleuses sociales, psychologues) accueillent ces initiatives.&nbsp;<\/p>\n\n\n\n<p>\u2013 Les r\u00e9cits. On \u00e9tudie l&rsquo;\u00e9mergence de r\u00e9cits de la vie d&rsquo;avant (la vie en Syrie), qui viennent souvent en contrepoint de l&rsquo;\u00e9vocation des difficult\u00e9s actuelles.&nbsp;<\/p>\n\n\n\n<p>\u2013&nbsp;Caract\u00e9ristiques langagi\u00e8res et jeux identitaires. On cherche \u00e0 d\u00e9crire les proc\u00e9d\u00e9s par lesquels des enjeux identitaires s&rsquo;expriment \u00e0 travers des choix langagiers ou des commentaires sur les sp\u00e9cificit\u00e9s langagi\u00e8res des autres ou sa propre incompr\u00e9hension des mots de l&rsquo;autre.<\/p>\n\n\n\n<p>\u2013&nbsp;La transmission des savoir-faire artisanaux. Les descriptions multimodales se focalisent sur les s\u00e9quences explicatives et \u00e9valuatives.<\/p>\n\n\n\n<p><strong>Deux extraits du corpus<\/strong><\/p>\n\n\n\n<figure class=\"wp-block-video\"><video height=\"360\" style=\"aspect-ratio: 640 \/ 360;\" width=\"640\" controls src=\"https:\/\/icar.cnrs.fr\/projet-remilas\/files\/2019\/06\/Remilas-Liban.mp4\"><\/video><figcaption>La session de Life skills est consacr\u00e9e au th\u00e8me de l&rsquo;hygi\u00e8ne. L&rsquo;animatrice a organis\u00e9 un tour de table et chaque femme parle \u00e0 son tour. Dans l&rsquo;extrait, une femme encha\u00eene spontan\u00e9ment aux propos d&rsquo;une autre qui parlait de la difficult\u00e9 de garder ses enfants propres quand ils vont jouer.<\/figcaption><\/figure>\n\n\n\n<p><br><\/p>\n\n\n\n<figure class=\"wp-block-video\"><video height=\"540\" style=\"aspect-ratio: 960 \/ 540;\" width=\"960\" controls src=\"https:\/\/icar.cnrs.fr\/projet-remilas\/files\/2019\/04\/Mon-film-2.mp4\"><\/video><figcaption>L&rsquo;animatrice de Aghab\u00e2ni, broderie artisanale syrienne r\u00e9alis\u00e9e avec une machine sp\u00e9cifique, montre aux stagiaires comment r\u00e9aliser des formes rondes (une fleur).<\/figcaption><\/figure>\n\t\t","protected":false},"excerpt":{"rendered":"<p>Linguistic and communicative dimensions in assistance to refugees and displaced people in Lebanon (REMILAS_LEBANON) Dimensions linguistiques et communicatives dans l&rsquo;assistance aux r\u00e9fugi\u00e9s et personnes d\u00e9plac\u00e9es au Liban(REMILAS_LIBAN) \u0627\u0644\u0623\u0628\u0639\u0627\u062f \u0627\u0644\u0644\u063a\u0648\u064a\u0629 \u0648\u0627\u0644\u0627\u062a\u0635\u0627\u0644\u064a\u0629 \u0641\u064a \u0645\u0633\u0627\u0639\u062f\u0629 \u0627\u0644\u0644\u0627\u062c\u0626\u064a\u0646 \u0648\u0627\u0644\u0646\u0627\u0632\u062d\u064a\u0646 \u0641\u064a \u0644\u0628\u0646\u0627\u0646&nbsp; Le projet&nbsp;Dimensions linguistiques et &hellip; <a href=\"https:\/\/icar.cnrs.fr\/projet-remilas\/remilas-liban\/\">Continuer la lecture <span class=\"meta-nav\">&rarr;<\/span><\/a> <a href=\"https:\/\/icar.cnrs.fr\/projet-remilas\/remilas-liban\/\">Continuer la lecture <span class=\"meta-nav\">&rarr;<\/span><\/a><\/p>\n","protected":false},"author":17,"featured_media":0,"parent":0,"menu_order":0,"comment_status":"closed","ping_status":"closed","template":"","meta":{"inline_featured_image":false,"footnotes":""},"class_list":["post-533","page","type-page","status-publish","hentry"],"_links":{"self":[{"href":"https:\/\/icar.cnrs.fr\/projet-remilas\/wp-json\/wp\/v2\/pages\/533","targetHints":{"allow":["GET"]}}],"collection":[{"href":"https:\/\/icar.cnrs.fr\/projet-remilas\/wp-json\/wp\/v2\/pages"}],"about":[{"href":"https:\/\/icar.cnrs.fr\/projet-remilas\/wp-json\/wp\/v2\/types\/page"}],"author":[{"embeddable":true,"href":"https:\/\/icar.cnrs.fr\/projet-remilas\/wp-json\/wp\/v2\/users\/17"}],"replies":[{"embeddable":true,"href":"https:\/\/icar.cnrs.fr\/projet-remilas\/wp-json\/wp\/v2\/comments?post=533"}],"version-history":[{"count":0,"href":"https:\/\/icar.cnrs.fr\/projet-remilas\/wp-json\/wp\/v2\/pages\/533\/revisions"}],"wp:attachment":[{"href":"https:\/\/icar.cnrs.fr\/projet-remilas\/wp-json\/wp\/v2\/media?parent=533"}],"curies":[{"name":"wp","href":"https:\/\/api.w.org\/{rel}","templated":true}]}}