{"id":614,"date":"2019-06-28T13:33:47","date_gmt":"2019-06-28T12:33:47","guid":{"rendered":"http:\/\/www.icar.cnrs.fr\/sites\/projet-remilas\/?page_id=614"},"modified":"2019-06-28T13:33:47","modified_gmt":"2019-06-28T12:33:47","slug":"projet-tiasamn","status":"publish","type":"page","link":"https:\/\/icar.cnrs.fr\/projet-remilas\/projet-tiasamn\/","title":{"rendered":"Projet TIASAMN"},"content":{"rendered":"\n\t\t\t\t\n<p>Tiers-intervenants dans l&rsquo;acc\u00e8s \u00e0 la sant\u00e9 et au num\u00e9rique<\/p>\n\n\n\n<p>Partenaires : Laboratoire ICAR (\u00e9quipe LIS), l&rsquo;ORSPERE-SAMDARRA et PULSALYS<\/p>\n\n\n\n<p>La probl\u00e9matique du projet TIASAMN se construit autour de la notion de \u00ab tiers \u00bb dans le soin, et vise \u00e0 comprendre comment diff\u00e9rents tiers interviennent dans les parcours m\u00e9dicaux des personnes migrantes. Il associe des professionnels de sant\u00e9 et des chercheurs de diff\u00e9rents \u00e9tablissements en vue de proposer des outils ou supports num\u00e9riques pour am\u00e9liorer les consultations socio-m\u00e9dicales<\/p>\n\n\n\n<p style=\"text-align:left\">Le projet est en effet multi-\u00e9tablissement et inter-site (CNRS, ENS de Lyon, Lyon 2, CH Le Vinatier), et s&rsquo;inscrit dans la politique de l\u2019Universit\u00e9 de Lyon et de l&rsquo;ENS de Lyon par ses retomb\u00e9es soci\u00e9tales, sa collaboration avec des partenaires socio-\u00e9conomiques, la SATT PULSALYS notamment, et ses vis\u00e9es de formations pr\u00e9vues des acteurs sociaux impliqu\u00e9es. Il rel\u00e8ve du th\u00e8me Biosant\u00e9 de l&rsquo;IDEX, D\u00e9fi \u00ab\u00a0Sant\u00e9 personnalis\u00e9e\u00a0\u00bb, puisqu&rsquo;il vise \u00e0 mieux comprendre les pratiques et les attentes, dans le parcours de soins, des migrants, des personnels de sant\u00e9 et des tiers dans un contexte soci\u00e9tal particuli\u00e8rement difficile et tendu. Il s&rsquo;inscrit aussi dans le th\u00e8me Humanit\u00e9s et urbanit\u00e9, d\u00e9fi Soci\u00e9t\u00e9s num\u00e9riques (compr\u00e9hension des pratiques et obstacles num\u00e9riques, pour \u00e9largir l&rsquo;offre de solutions pratiques dans les situations de difficult\u00e9 et d\u2019incompr\u00e9hension).<\/p>\n\n\n\n<p>Les objectifs du projet TIASAMN sont plus pr\u00e9cis\u00e9ment l&rsquo;\u00e9tude des recours aux \u00ab tiers \u00bb dans des situations de consultation m\u00e9dicale entre des personnels de sant\u00e9 et des migrants, et hors des situations de consultation. La m\u00e9thodologie mise en place est double puisqu\u2019elle repose \u00e0 la fois sur<\/p>\n\n\n\n<ol class=\"wp-block-list\"><li>des enqu\u00eates de terrain bas\u00e9es sur des entretiens et des enregistrements de consultation pour comprendre le recours aux diff\u00e9rents tiers mais aussi \u00e9tudier les usages des ressources num\u00e9riques (aussi bien de la part des migrants que des professionnels) ; <\/li><li>des analyses des pratiques sur la base d&rsquo;enregistrements vid\u00e9o de situations d&rsquo;utilisation d&rsquo;outils num\u00e9riques (d\u00e9marches administratives et demandes d&rsquo;aide en ligne ; google traduction et autres plateformes<\/li><\/ol>\n\n\n\n<p>Au niveau des r\u00e9alisations, il est pr\u00e9vu l\u2019enrichissement \u00e0 partir des nouvelles donn\u00e9es et r\u00e9sultats du projet, sur les r\u00f4les des tiers, de la plateforme d&rsquo;auto-formation ODIMEDI, actuellement en cours de d\u00e9veloppement.<br>Cet outil vise \u00e0 sensibiliser les personnels de sant\u00e9 et les interpr\u00e8tes aux probl\u00e8mes de<br>communication et d\u2019intercompr\u00e9hension qui sont observ\u00e9s dans les \u00e9changes avec migrants, et \u00e0 proposer des solutions attest\u00e9es en situation pour pallier ces difficult\u00e9s. Cet outil sera \u00e9galement utilis\u00e9 comme support dans les formations que nous dispensons \u00e0 l\u2019attention des personnels de sant\u00e9 et des interpr\u00e8tes, formations qui seront \u00e9toff\u00e9es par les nouveaux r\u00e9sultats de ces recherches.<\/p>\n\n\n\n<p><\/p>\n\t\t","protected":false},"excerpt":{"rendered":"<p>Tiers-intervenants dans l&rsquo;acc\u00e8s \u00e0 la sant\u00e9 et au num\u00e9rique Partenaires : Laboratoire ICAR (\u00e9quipe LIS), l&rsquo;ORSPERE-SAMDARRA et PULSALYS La probl\u00e9matique du projet TIASAMN se construit autour de la notion de \u00ab tiers \u00bb dans le soin, et vise \u00e0 comprendre &hellip; <a href=\"https:\/\/icar.cnrs.fr\/projet-remilas\/projet-tiasamn\/\">Continuer la lecture <span class=\"meta-nav\">&rarr;<\/span><\/a> <a href=\"https:\/\/icar.cnrs.fr\/projet-remilas\/projet-tiasamn\/\">Continuer la lecture <span class=\"meta-nav\">&rarr;<\/span><\/a><\/p>\n","protected":false},"author":17,"featured_media":644,"parent":0,"menu_order":1,"comment_status":"closed","ping_status":"closed","template":"","meta":{"inline_featured_image":false,"footnotes":""},"class_list":["post-614","page","type-page","status-publish","has-post-thumbnail","hentry"],"_links":{"self":[{"href":"https:\/\/icar.cnrs.fr\/projet-remilas\/wp-json\/wp\/v2\/pages\/614","targetHints":{"allow":["GET"]}}],"collection":[{"href":"https:\/\/icar.cnrs.fr\/projet-remilas\/wp-json\/wp\/v2\/pages"}],"about":[{"href":"https:\/\/icar.cnrs.fr\/projet-remilas\/wp-json\/wp\/v2\/types\/page"}],"author":[{"embeddable":true,"href":"https:\/\/icar.cnrs.fr\/projet-remilas\/wp-json\/wp\/v2\/users\/17"}],"replies":[{"embeddable":true,"href":"https:\/\/icar.cnrs.fr\/projet-remilas\/wp-json\/wp\/v2\/comments?post=614"}],"version-history":[{"count":0,"href":"https:\/\/icar.cnrs.fr\/projet-remilas\/wp-json\/wp\/v2\/pages\/614\/revisions"}],"wp:featuredmedia":[{"embeddable":true,"href":"https:\/\/icar.cnrs.fr\/projet-remilas\/wp-json\/wp\/v2\/media\/644"}],"wp:attachment":[{"href":"https:\/\/icar.cnrs.fr\/projet-remilas\/wp-json\/wp\/v2\/media?parent=614"}],"curies":[{"name":"wp","href":"https:\/\/api.w.org\/{rel}","templated":true}]}}